{"id":412,"date":"2024-08-29T14:00:23","date_gmt":"2024-08-29T12:00:23","guid":{"rendered":"https:\/\/asmiq.io\/?page_id=412"},"modified":"2026-02-19T09:12:33","modified_gmt":"2026-02-19T08:12:33","slug":"porque-asmiq","status":"publish","type":"page","link":"https:\/\/asmiq.io\/pt\/porque-asmiq\/","title":{"rendered":"Porqu\u00ea o ASMIQ?"},"content":{"rendered":"<div class=\"wp-block-group alignfull titlewrapper has-ast-global-color-5-background-color has-background is-layout-constrained wp-container-core-group-is-layout-9dbfe04b wp-block-group-is-layout-constrained\">\n<div class=\"wp-block-columns is-layout-flex wp-container-core-columns-is-layout-e0e4babd wp-block-columns-is-layout-flex\" style=\"padding-right:0;padding-left:0\">\n<div class=\"wp-block-column is-layout-flow wp-block-column-is-layout-flow\" style=\"flex-basis:75%\">\n<h1 class=\"wp-block-heading\">O seu companheiro para a transforma\u00e7\u00e3o digital do seu neg\u00f3cio de subscri\u00e7\u00f5es.<\/h1>\n\n\n\n<p style=\"font-size:1.33rem\">Esfor\u00e7amo-nos por combinar tecnologias avan\u00e7adas com as necessidades espec\u00edficas da sua empresa, a fim de estabelecer canais de vendas orientados para o futuro. O ASMIQ \u00e9 o parceiro ideal para si se quiser transformar digitalmente o seu neg\u00f3cio de subscri\u00e7\u00e3o.<\/p>\n<\/div>\n\n\n\n<div class=\"wp-block-column is-layout-flow wp-block-column-is-layout-flow\" style=\"flex-basis:25%\"><\/div>\n<\/div>\n<\/div>\n\n\n\n<div class=\"wp-block-group alignfull cta has-ast-global-color-0-background-color has-background is-layout-constrained wp-container-core-group-is-layout-9dbfe04b wp-block-group-is-layout-constrained\">\n<div class=\"wp-block-columns is-layout-flex wp-container-core-columns-is-layout-28f84493 wp-block-columns-is-layout-flex\">\n<div class=\"wp-block-column is-vertically-aligned-top is-layout-flow wp-block-column-is-layout-flow\" style=\"padding-top:0;padding-bottom:0;flex-basis:50%\">\n<h5 class=\"wp-block-heading ctatext has-white-color has-text-color has-link-color wp-elements-2c8bc04028a01ee5fd8c03c745a740cd\" style=\"font-size:6.7rem\">Novo<br>Horizontes.<\/h5>\n<\/div>\n<\/div>\n<\/div>\n\n\n\n<div class=\"wp-block-columns textblock-fifty is-layout-flex wp-container-core-columns-is-layout-28f84493 wp-block-columns-is-layout-flex\">\n<div class=\"wp-block-column is-layout-flow wp-block-column-is-layout-flow\" style=\"flex-basis:75%\">\n<p style=\"font-size:1.33rem;letter-spacing:0px;line-height:1.5\">Com o ASMIQ, n\u00e3o s\u00f3 abre portas a novos mercados e tecnologias, como tamb\u00e9m beneficia diretamente da nossa rede, da nossa experi\u00eancia e dos nossos recursos. Os nossos clientes t\u00eam acesso a solu\u00e7\u00f5es inovadoras que v\u00e3o muito al\u00e9m da gest\u00e3o tradicional de assinaturas: da gest\u00e3o da identidade ao pagamento - tudo a partir de uma \u00fanica fonte para que se possa concentrar na sua atividade principal.<\/p>\n<\/div>\n\n\n\n<div class=\"wp-block-column is-layout-flow wp-block-column-is-layout-flow\" style=\"flex-basis:25%\"><\/div>\n<\/div>\n\n\n\n<div class=\"wp-block-columns defaultpadding-bot is-layout-flex wp-container-core-columns-is-layout-07b7b7eb wp-block-columns-is-layout-flex\" style=\"padding-top:0;padding-right:0;padding-bottom:0;padding-left:0\">\n<div class=\"wp-block-column is-layout-flow wp-block-column-is-layout-flow\" style=\"flex-basis:33.34%\">\n<h5 class=\"wp-block-heading\"><strong>Estabilidade e seguran\u00e7a<\/strong><\/h5>\n\n\n\n<div class=\"wp-block-group iconbox-wrapper has-ast-global-color-1-background-color has-background is-content-justification-center is-layout-constrained wp-block-group-is-layout-constrained\" style=\"padding-top:120px;padding-bottom:120px\">\n<figure class=\"wp-block-image aligncenter size-full is-resized iconbox-icon\"><img decoding=\"async\" width=\"380\" height=\"394\" src=\"https:\/\/asmiq.io\/wp-content\/uploads\/2024\/07\/folders.svg\" alt=\"\" class=\"wp-image-228\" style=\"aspect-ratio:1;object-fit:contain;width:200px\"\/><\/figure>\n<\/div>\n\n\n\n<p>A fus\u00e3o com o Grupo coloca o ASMIQ numa base financeira ainda mais forte. Para os nossos clientes, isto significa uma maior seguran\u00e7a e a certeza de que continuaremos a liderar o caminho com ideias e inova\u00e7\u00f5es no futuro.<\/p>\n<\/div>\n\n\n\n<div class=\"wp-block-column is-layout-flow wp-block-column-is-layout-flow\" style=\"flex-basis:33.34%\">\n<h5 class=\"wp-block-heading\"><strong>Inova\u00e7\u00e3o e colabora\u00e7\u00e3o<\/strong><\/h5>\n\n\n\n<div class=\"wp-block-group iconbox-wrapper has-ast-global-color-1-background-color has-background is-content-justification-center is-layout-constrained wp-block-group-is-layout-constrained\" style=\"padding-top:120px;padding-bottom:120px\">\n<figure class=\"wp-block-image aligncenter size-full is-resized iconbox-icon\"><img decoding=\"async\" width=\"387\" height=\"414\" src=\"https:\/\/asmiq.io\/wp-content\/uploads\/2024\/07\/lightbulb.svg\" alt=\"\" class=\"wp-image-235\" style=\"aspect-ratio:1;object-fit:contain;width:200px\"\/><\/figure>\n<\/div>\n\n\n\n<p>A fus\u00e3o com o Grupo Galledia acelera significativamente o nosso desenvolvimento. Com acesso a recursos e conhecimentos alargados, podemos impulsionar a inova\u00e7\u00e3o mais rapidamente e de forma mais ampla do que nunca.<\/p>\n<\/div>\n\n\n\n<div class=\"wp-block-column is-layout-flow wp-block-column-is-layout-flow\" style=\"flex-basis:33.34%\">\n<h5 class=\"wp-block-heading\"><strong>Equipa e servi\u00e7os<\/strong><\/h5>\n\n\n\n<div class=\"wp-block-group iconbox-wrapper has-ast-global-color-1-background-color has-background is-content-justification-center is-layout-constrained wp-block-group-is-layout-constrained\" style=\"padding-top:120px;padding-bottom:120px\">\n<figure class=\"wp-block-image aligncenter size-full is-resized iconbox-icon\"><img decoding=\"async\" width=\"386\" height=\"303\" src=\"https:\/\/asmiq.io\/wp-content\/uploads\/2024\/07\/group_avatar.svg\" alt=\"\" class=\"wp-image-232\" style=\"aspect-ratio:1;object-fit:contain;width:200px\"\/><\/figure>\n<\/div>\n\n\n\n<p>Com a nossa equipa alargada, refor\u00e7amos o nosso compromisso com um servi\u00e7o de excel\u00eancia e solu\u00e7\u00f5es personalizadas. Os nossos especialistas trabalham em conjunto em todo o Grupo para superar os desafios dos nossos clientes.<\/p>\n<\/div>\n<\/div>\n\n\n\n<div class=\"wp-block-group alignfull cta has-ast-global-color-5-background-color has-background is-layout-constrained wp-container-core-group-is-layout-240b5d40 wp-block-group-is-layout-constrained\" style=\"padding-top:0;padding-bottom:0\">\n<figure class=\"wp-block-image size-full\"><img decoding=\"async\" width=\"1440\" height=\"375\" src=\"https:\/\/asmiq.io\/wp-content\/uploads\/2024\/08\/wide_team_asmiq.png\" alt=\"\" class=\"wp-image-421\" srcset=\"https:\/\/asmiq.io\/wp-content\/uploads\/2024\/08\/wide_team_asmiq.png 1440w, https:\/\/asmiq.io\/wp-content\/uploads\/2024\/08\/wide_team_asmiq-300x78.png 300w, https:\/\/asmiq.io\/wp-content\/uploads\/2024\/08\/wide_team_asmiq-1024x267.png 1024w, https:\/\/asmiq.io\/wp-content\/uploads\/2024\/08\/wide_team_asmiq-768x200.png 768w\" sizes=\"(max-width: 1440px) 100vw, 1440px\" \/><\/figure>\n<\/div>\n\n\n\n<div class=\"wp-block-columns textblock-fifty is-layout-flex wp-container-core-columns-is-layout-28f84493 wp-block-columns-is-layout-flex\">\n<div class=\"wp-block-column is-layout-flow wp-block-column-is-layout-flow\" style=\"flex-basis:50%\">\n<div class=\"wp-block-group fixedheight is-layout-constrained wp-block-group-is-layout-constrained\">\n<h3 class=\"wp-block-heading\">Vis\u00e3o partilhada,<br>Experi\u00eancia \u00fanica<\/h3>\n\n\n\n<p style=\"font-size:1.33rem;letter-spacing:0px;line-height:1.5\">Atrav\u00e9s da sua coopera\u00e7\u00e3o com o Grupo Galledia, o ASMIQ est\u00e1 a acelerar a transi\u00e7\u00e3o para modelos de neg\u00f3cio modernos e digitais para empresas de todas as dimens\u00f5es. A nossa gama alargada de fun\u00e7\u00f5es e produtos abre novos horizontes no mundo das vendas digitais, tanto para as grandes como para as pequenas empresas.<\/p>\n<\/div>\n\n\n\n<p class=\"arrowlink\"><a href=\"\/pt\/solucoes\/\" data-type=\"page\" data-id=\"412\">a nossa solu\u00e7\u00e3o<\/a><\/p>\n<\/div>\n\n\n\n<div class=\"wp-block-column is-layout-flow wp-block-column-is-layout-flow\" style=\"flex-basis:50%\">\n<div class=\"wp-block-group fixedheight is-layout-constrained wp-block-group-is-layout-constrained\">\n<h3 class=\"wp-block-heading\">ASMIQ para um futuro digitalizado<\/h3>\n\n\n\n<p style=\"font-size:1.33rem;letter-spacing:0px;line-height:1.5\">A nossa miss\u00e3o comum: criar a base tecnol\u00f3gica para modelos de neg\u00f3cio orientados para o futuro com servi\u00e7os recorrentes para empresas na Su\u00ed\u00e7a e na Europa. Com o Grupo Galledia, estamos a moldar ativamente a mudan\u00e7a tecnol\u00f3gica.<\/p>\n<\/div>\n\n\n\n<p class=\"arrowlink\"><a href=\"\/pt\/solucoes\/\" data-type=\"page\" data-id=\"412\">a nossa solu\u00e7\u00e3o<\/a><\/p>\n<\/div>\n<\/div>\n\n\n\n<div class=\"wp-block-group alignfull cta has-ast-global-color-1-background-color has-background is-layout-constrained wp-container-core-group-is-layout-9dbfe04b wp-block-group-is-layout-constrained\">\n<div class=\"wp-block-group is-layout-constrained wp-block-group-is-layout-constrained\">\n<figure class=\"wp-block-image aligncenter size-large is-resized\"><img decoding=\"async\" width=\"944\" height=\"995\" src=\"https:\/\/asmiq.io\/wp-content\/uploads\/2024\/08\/asmiq_io_logo.svg\" alt=\"\" class=\"wp-image-382\" style=\"width:20px\"\/><\/figure>\n\n\n\n<h2 class=\"wp-block-heading has-text-align-center has-ast-global-color-5-color has-text-color has-link-color wp-elements-8945d4eb7fd2dd156d2483287c8b5305\">Interesse em<br>despertado?<\/h2>\n\n\n\n<div class=\"wp-block-buttons is-content-justification-center is-layout-flex wp-container-core-buttons-is-layout-a89b3969 wp-block-buttons-is-layout-flex\">\n<div class=\"wp-block-button\"><a class=\"wp-block-button__link wp-element-button\" href=\"\/pt\/contacto\/\">Aqui vamos n\u00f3s<\/a><\/div>\n<\/div>\n<\/div>\n<\/div>","protected":false},"excerpt":{"rendered":"<p>Ihr Begleiter bei der digitalen Transformation Ihres Abo-Gesch\u00e4fts. Wir streben danach, fortschrittliche Technologien mit den spezifischen Bed\u00fcrfnissen Ihres Unternehmens zu [&hellip;]<\/p>","protected":false},"author":1,"featured_media":0,"parent":0,"menu_order":0,"comment_status":"closed","ping_status":"closed","template":"page-white-header.php","meta":{"site-sidebar-layout":"default","site-content-layout":"","ast-site-content-layout":"","site-content-style":"default","site-sidebar-style":"default","ast-global-header-display":"","ast-banner-title-visibility":"","ast-main-header-display":"","ast-hfb-above-header-display":"","ast-hfb-below-header-display":"","ast-hfb-mobile-header-display":"","site-post-title":"disabled","ast-breadcrumbs-content":"","ast-featured-img":"","footer-sml-layout":"","theme-transparent-header-meta":"enabled","adv-header-id-meta":"","stick-header-meta":"default","header-above-stick-meta":"","header-main-stick-meta":"","header-below-stick-meta":"","astra-migrate-meta-layouts":"default","ast-page-background-enabled":"default","ast-page-background-meta":{"desktop":{"background-color":"var(--ast-global-color-4)","background-image":"","background-repeat":"repeat","background-position":"center center","background-size":"auto","background-attachment":"scroll","background-type":"","background-media":"","overlay-type":"","overlay-color":"","overlay-opacity":"","overlay-gradient":""},"tablet":{"background-color":"","background-image":"","background-repeat":"repeat","background-position":"center center","background-size":"auto","background-attachment":"scroll","background-type":"","background-media":"","overlay-type":"","overlay-color":"","overlay-opacity":"","overlay-gradient":""},"mobile":{"background-color":"","background-image":"","background-repeat":"repeat","background-position":"center center","background-size":"auto","background-attachment":"scroll","background-type":"","background-media":"","overlay-type":"","overlay-color":"","overlay-opacity":"","overlay-gradient":""}},"ast-content-background-meta":{"desktop":{"background-color":"var(--ast-global-color-5)","background-image":"","background-repeat":"repeat","background-position":"center center","background-size":"auto","background-attachment":"scroll","background-type":"","background-media":"","overlay-type":"","overlay-color":"","overlay-opacity":"","overlay-gradient":""},"tablet":{"background-color":"var(--ast-global-color-5)","background-image":"","background-repeat":"repeat","background-position":"center center","background-size":"auto","background-attachment":"scroll","background-type":"","background-media":"","overlay-type":"","overlay-color":"","overlay-opacity":"","overlay-gradient":""},"mobile":{"background-color":"var(--ast-global-color-5)","background-image":"","background-repeat":"repeat","background-position":"center center","background-size":"auto","background-attachment":"scroll","background-type":"","background-media":"","overlay-type":"","overlay-color":"","overlay-opacity":"","overlay-gradient":""}},"footnotes":""},"class_list":["post-412","page","type-page","status-publish","hentry"],"yoast_head":"<!-- This site is optimized with the Yoast SEO plugin v26.5 - https:\/\/yoast.com\/wordpress\/plugins\/seo\/ -->\n<title>Warum ASMIQ? - ASMIQ I\/O<\/title>\n<meta name=\"description\" content=\"ASMIQ \u2013 Ihr Begleiter f\u00fcr die digitale Transformation. Stabil, innovativ und kosteneffizient f\u00fcr SaaS &amp; Verlage.\" \/>\n<meta name=\"robots\" content=\"index, follow, max-snippet:-1, max-image-preview:large, max-video-preview:-1\" \/>\n<link rel=\"canonical\" href=\"https:\/\/asmiq.io\/pt\/porque-asmiq\/\" \/>\n<meta property=\"og:locale\" content=\"pt_PT\" \/>\n<meta property=\"og:type\" content=\"article\" \/>\n<meta property=\"og:title\" content=\"Warum ASMIQ? - ASMIQ I\/O\" \/>\n<meta property=\"og:description\" content=\"ASMIQ \u2013 Ihr Begleiter f\u00fcr die digitale Transformation. Stabil, innovativ und kosteneffizient f\u00fcr SaaS &amp; Verlage.\" \/>\n<meta property=\"og:url\" content=\"https:\/\/asmiq.io\/pt\/porque-asmiq\/\" \/>\n<meta property=\"og:site_name\" content=\"ASMIQ I\/O\" \/>\n<meta property=\"article:modified_time\" content=\"2026-02-19T08:12:33+00:00\" \/>\n<meta name=\"twitter:card\" content=\"summary_large_image\" \/>\n<script type=\"application\/ld+json\" class=\"yoast-schema-graph\">{\"@context\":\"https:\/\/schema.org\",\"@graph\":[{\"@type\":\"WebPage\",\"@id\":\"https:\/\/asmiq.io\/warum-asmiq\/\",\"url\":\"https:\/\/asmiq.io\/warum-asmiq\/\",\"name\":\"Warum ASMIQ? - ASMIQ I\/O\",\"isPartOf\":{\"@id\":\"https:\/\/asmiq.io\/#website\"},\"primaryImageOfPage\":{\"@id\":\"https:\/\/asmiq.io\/warum-asmiq\/#primaryimage\"},\"image\":{\"@id\":\"https:\/\/asmiq.io\/warum-asmiq\/#primaryimage\"},\"thumbnailUrl\":\"https:\/\/asmiq.io\/wp-content\/uploads\/2024\/07\/folders.svg\",\"datePublished\":\"2024-08-29T12:00:23+00:00\",\"dateModified\":\"2026-02-19T08:12:33+00:00\",\"description\":\"ASMIQ \u2013 Ihr Begleiter f\u00fcr die digitale Transformation. Stabil, innovativ und kosteneffizient f\u00fcr SaaS & Verlage.\",\"breadcrumb\":{\"@id\":\"https:\/\/asmiq.io\/warum-asmiq\/#breadcrumb\"},\"inLanguage\":\"pt-PT\",\"potentialAction\":[{\"@type\":\"ReadAction\",\"target\":[\"https:\/\/asmiq.io\/warum-asmiq\/\"]}]},{\"@type\":\"ImageObject\",\"inLanguage\":\"pt-PT\",\"@id\":\"https:\/\/asmiq.io\/warum-asmiq\/#primaryimage\",\"url\":\"https:\/\/asmiq.io\/wp-content\/uploads\/2024\/07\/folders.svg\",\"contentUrl\":\"https:\/\/asmiq.io\/wp-content\/uploads\/2024\/07\/folders.svg\"},{\"@type\":\"BreadcrumbList\",\"@id\":\"https:\/\/asmiq.io\/warum-asmiq\/#breadcrumb\",\"itemListElement\":[{\"@type\":\"ListItem\",\"position\":1,\"name\":\"Startseite\",\"item\":\"https:\/\/asmiq.io\/\"},{\"@type\":\"ListItem\",\"position\":2,\"name\":\"Warum ASMIQ?\"}]},{\"@type\":\"WebSite\",\"@id\":\"https:\/\/asmiq.io\/#website\",\"url\":\"https:\/\/asmiq.io\/\",\"name\":\"ASMIQ I\/O\",\"description\":\"\",\"publisher\":{\"@id\":\"https:\/\/asmiq.io\/#organization\"},\"potentialAction\":[{\"@type\":\"SearchAction\",\"target\":{\"@type\":\"EntryPoint\",\"urlTemplate\":\"https:\/\/asmiq.io\/?s={search_term_string}\"},\"query-input\":{\"@type\":\"PropertyValueSpecification\",\"valueRequired\":true,\"valueName\":\"search_term_string\"}}],\"inLanguage\":\"pt-PT\"},{\"@type\":\"Organization\",\"@id\":\"https:\/\/asmiq.io\/#organization\",\"name\":\"ASMIQ I\/O\",\"url\":\"https:\/\/asmiq.io\/\",\"logo\":{\"@type\":\"ImageObject\",\"inLanguage\":\"pt-PT\",\"@id\":\"https:\/\/asmiq.io\/#\/schema\/logo\/image\/\",\"url\":\"https:\/\/asmiq.io\/wp-content\/uploads\/2024\/09\/asmiq_logo_text.svg\",\"contentUrl\":\"https:\/\/asmiq.io\/wp-content\/uploads\/2024\/09\/asmiq_logo_text.svg\",\"width\":942,\"height\":1225,\"caption\":\"ASMIQ I\/O\"},\"image\":{\"@id\":\"https:\/\/asmiq.io\/#\/schema\/logo\/image\/\"},\"sameAs\":[\"https:\/\/www.linkedin.com\/company\/asmiq-io\/posts\/?feedView=all\"]}]}<\/script>\n<!-- \/ Yoast SEO plugin. -->","yoast_head_json":{"title":"Porqu\u00ea o ASMIQ? - ASMIQ I\/O","description":"ASMIQ - o seu companheiro para a transforma\u00e7\u00e3o digital. Est\u00e1vel, inovador e econ\u00f3mico para SaaS e editores.","robots":{"index":"index","follow":"follow","max-snippet":"max-snippet:-1","max-image-preview":"max-image-preview:large","max-video-preview":"max-video-preview:-1"},"canonical":"https:\/\/asmiq.io\/pt\/porque-asmiq\/","og_locale":"pt_PT","og_type":"article","og_title":"Warum ASMIQ? - ASMIQ I\/O","og_description":"ASMIQ \u2013 Ihr Begleiter f\u00fcr die digitale Transformation. Stabil, innovativ und kosteneffizient f\u00fcr SaaS & Verlage.","og_url":"https:\/\/asmiq.io\/pt\/porque-asmiq\/","og_site_name":"ASMIQ I\/O","article_modified_time":"2026-02-19T08:12:33+00:00","twitter_card":"summary_large_image","schema":{"@context":"https:\/\/schema.org","@graph":[{"@type":"WebPage","@id":"https:\/\/asmiq.io\/warum-asmiq\/","url":"https:\/\/asmiq.io\/warum-asmiq\/","name":"Porqu\u00ea o ASMIQ? - ASMIQ I\/O","isPartOf":{"@id":"https:\/\/asmiq.io\/#website"},"primaryImageOfPage":{"@id":"https:\/\/asmiq.io\/warum-asmiq\/#primaryimage"},"image":{"@id":"https:\/\/asmiq.io\/warum-asmiq\/#primaryimage"},"thumbnailUrl":"https:\/\/asmiq.io\/wp-content\/uploads\/2024\/07\/folders.svg","datePublished":"2024-08-29T12:00:23+00:00","dateModified":"2026-02-19T08:12:33+00:00","description":"ASMIQ - o seu companheiro para a transforma\u00e7\u00e3o digital. Est\u00e1vel, inovador e econ\u00f3mico para SaaS e editores.","breadcrumb":{"@id":"https:\/\/asmiq.io\/warum-asmiq\/#breadcrumb"},"inLanguage":"pt-PT","potentialAction":[{"@type":"ReadAction","target":["https:\/\/asmiq.io\/warum-asmiq\/"]}]},{"@type":"ImageObject","inLanguage":"pt-PT","@id":"https:\/\/asmiq.io\/warum-asmiq\/#primaryimage","url":"https:\/\/asmiq.io\/wp-content\/uploads\/2024\/07\/folders.svg","contentUrl":"https:\/\/asmiq.io\/wp-content\/uploads\/2024\/07\/folders.svg"},{"@type":"BreadcrumbList","@id":"https:\/\/asmiq.io\/warum-asmiq\/#breadcrumb","itemListElement":[{"@type":"ListItem","position":1,"name":"Startseite","item":"https:\/\/asmiq.io\/"},{"@type":"ListItem","position":2,"name":"Warum ASMIQ?"}]},{"@type":"WebSite","@id":"https:\/\/asmiq.io\/#website","url":"https:\/\/asmiq.io\/","name":"E\/S ASMIQ","description":"","publisher":{"@id":"https:\/\/asmiq.io\/#organization"},"potentialAction":[{"@type":"SearchAction","target":{"@type":"EntryPoint","urlTemplate":"https:\/\/asmiq.io\/?s={search_term_string}"},"query-input":{"@type":"PropertyValueSpecification","valueRequired":true,"valueName":"search_term_string"}}],"inLanguage":"pt-PT"},{"@type":"Organization","@id":"https:\/\/asmiq.io\/#organization","name":"E\/S ASMIQ","url":"https:\/\/asmiq.io\/","logo":{"@type":"ImageObject","inLanguage":"pt-PT","@id":"https:\/\/asmiq.io\/#\/schema\/logo\/image\/","url":"https:\/\/asmiq.io\/wp-content\/uploads\/2024\/09\/asmiq_logo_text.svg","contentUrl":"https:\/\/asmiq.io\/wp-content\/uploads\/2024\/09\/asmiq_logo_text.svg","width":942,"height":1225,"caption":"ASMIQ I\/O"},"image":{"@id":"https:\/\/asmiq.io\/#\/schema\/logo\/image\/"},"sameAs":["https:\/\/www.linkedin.com\/company\/asmiq-io\/posts\/?feedView=all"]}]}},"_links":{"self":[{"href":"https:\/\/asmiq.io\/pt\/wp-json\/wp\/v2\/pages\/412","targetHints":{"allow":["GET"]}}],"collection":[{"href":"https:\/\/asmiq.io\/pt\/wp-json\/wp\/v2\/pages"}],"about":[{"href":"https:\/\/asmiq.io\/pt\/wp-json\/wp\/v2\/types\/page"}],"author":[{"embeddable":true,"href":"https:\/\/asmiq.io\/pt\/wp-json\/wp\/v2\/users\/1"}],"replies":[{"embeddable":true,"href":"https:\/\/asmiq.io\/pt\/wp-json\/wp\/v2\/comments?post=412"}],"version-history":[{"count":31,"href":"https:\/\/asmiq.io\/pt\/wp-json\/wp\/v2\/pages\/412\/revisions"}],"predecessor-version":[{"id":3122,"href":"https:\/\/asmiq.io\/pt\/wp-json\/wp\/v2\/pages\/412\/revisions\/3122"}],"wp:attachment":[{"href":"https:\/\/asmiq.io\/pt\/wp-json\/wp\/v2\/media?parent=412"}],"curies":[{"name":"wp","href":"https:\/\/api.w.org\/{rel}","templated":true}]}}