{"id":390,"date":"2024-08-28T14:44:03","date_gmt":"2024-08-28T12:44:03","guid":{"rendered":"https:\/\/asmiq.io\/?page_id=390"},"modified":"2026-02-19T09:13:28","modified_gmt":"2026-02-19T08:13:28","slug":"solucoes","status":"publish","type":"page","link":"https:\/\/asmiq.io\/pt\/solucoes\/","title":{"rendered":"Solu\u00e7\u00f5es"},"content":{"rendered":"<div class=\"wp-block-group alignfull titlewrapper has-ast-global-color-1-background-color has-background is-layout-constrained wp-container-core-group-is-layout-9dbfe04b wp-block-group-is-layout-constrained\">\n<div class=\"wp-block-columns is-layout-flex wp-container-core-columns-is-layout-e0e4babd wp-block-columns-is-layout-flex\" style=\"padding-right:0;padding-left:0\">\n<div class=\"wp-block-column is-layout-flow wp-block-column-is-layout-flow\" style=\"flex-basis:75%\">\n<h1 class=\"wp-block-heading has-ast-global-color-5-color has-text-color has-link-color wp-elements-5984fc0b0dca884675cb9a466e505053\">In\u00fameras possibilidades - a sua solu\u00e7\u00e3o completa para vendas e controlo.<\/h1>\n<\/div>\n<\/div>\n<\/div>\n\n\n\n<div class=\"wp-block-columns textblock-fifty is-layout-flex wp-container-core-columns-is-layout-28f84493 wp-block-columns-is-layout-flex\">\n<div class=\"wp-block-column is-layout-flow wp-block-column-is-layout-flow\" style=\"flex-basis:75%\">\n<h3 class=\"wp-block-heading\">Mudar para a economia das assinaturas<\/h3>\n\n\n\n<p style=\"font-size:1.33rem;letter-spacing:0px;line-height:1.5\">No passado, as vendas individuais eram o principal indicador. Hoje, o que importa s\u00e3o as vendas recorrentes - uma oportunidade interessante para empresas de todos os sectores.<\/p>\n\n\n\n<p style=\"font-size:1.33rem;letter-spacing:0px;line-height:1.5\">As empresas est\u00e3o a oferecer uma gama cada vez mais diversificada de servi\u00e7os, o que exige a utiliza\u00e7\u00e3o de sistemas t\u00e9cnicos modernos. A \u00eanfase no financiamento direto ao cliente coloca o utilizador no centro das aten\u00e7\u00f5es. Torna-se crucial compreender o grupo-alvo, facilitar a utiliza\u00e7\u00e3o e conceber ofertas de subscri\u00e7\u00e3o apelativas.<\/p>\n<\/div>\n<\/div>\n\n\n\n<div class=\"wp-block-group alignfull cta has-ast-global-color-0-background-color has-background is-layout-constrained wp-container-core-group-is-layout-9dbfe04b wp-block-group-is-layout-constrained\">\n<div class=\"wp-block-columns is-layout-flex wp-container-core-columns-is-layout-28f84493 wp-block-columns-is-layout-flex\">\n<div class=\"wp-block-column is-vertically-aligned-top is-layout-flow wp-block-column-is-layout-flow\" style=\"padding-top:0;padding-bottom:0;flex-basis:50%\">\n<h5 class=\"wp-block-heading ctatext has-white-color has-text-color has-link-color wp-elements-3b93cd6faf3b7f22a1e73ef8a643ac08\" style=\"font-size:6.7rem\">Digital<br>Progresso<\/h5>\n<\/div>\n<\/div>\n<\/div>\n\n\n\n<div class=\"wp-block-columns textblock-fifty is-layout-flex wp-container-core-columns-is-layout-28f84493 wp-block-columns-is-layout-flex\">\n<div class=\"wp-block-column is-layout-flow wp-block-column-is-layout-flow\" style=\"flex-basis:50%\">\n<h3 class=\"wp-block-heading\">Receitas de subscri\u00e7\u00e3o como base<\/h3>\n\n\n\n<p style=\"font-size:1.33rem;letter-spacing:0px;line-height:1.5\">Embora muitas vezes apenas alguns dos utilizadores sejam subscritores activos, o seu envolvimento revela um interesse pronunciado na sua oferta. O principal objetivo \u00e9 rentabilizar este interesse e concretizar o potencial de vendas.<\/p>\n\n\n\n<figure class=\"wp-block-image size-large\"><img decoding=\"async\" width=\"2000\" height=\"1000\" src=\"https:\/\/asmiq.io\/wp-content\/uploads\/2024\/12\/digital_progress_asmiq.svg\" alt=\"\" class=\"wp-image-1805\"\/><\/figure>\n\n\n\n<p style=\"font-size:1.33rem;letter-spacing:0px;line-height:1.5\">Diferentes solu\u00e7\u00f5es t\u00e9cnicas podem ajudar a identificar e a segmentar os utilizadores. A arquitetura t\u00e9cnica aberta e as numerosas parcerias permitem integrar a nossa solu\u00e7\u00e3o de gest\u00e3o de assinaturas com estes sistemas.<\/p>\n\n\n\n<p style=\"font-size:1.33rem;letter-spacing:0px;line-height:1.5\">Ao suportar as melhores integra\u00e7\u00f5es, o ASMIQ \u00e9 o parceiro ideal para o ajudar a atingir os seus objectivos de monetiza\u00e7\u00e3o. Com o ASMIQ, pode explorar formas de maximizar as receitas e melhorar a experi\u00eancia do utilizador.<\/p>\n\n\n\n<h5 class=\"wp-block-heading\"><strong>Ofertas e produtos<\/strong><\/h5>\n\n\n\n<p style=\"font-size:1.33rem;letter-spacing:0px;line-height:1.5\">As ofertas est\u00e3o no centro de qualquer sistema de gest\u00e3o de subscri\u00e7\u00f5es. O ASMIQ suporta todos os modelos de oferta relevantes - desde vendas individuais e fatura\u00e7\u00e3o de projectos a subscri\u00e7\u00f5es multi-n\u00edvel - e permite a sua integra\u00e7\u00e3o em lojas e outros canais de venda.<\/p>\n<\/div>\n\n\n\n<div class=\"wp-block-column is-layout-flow wp-block-column-is-layout-flow\" style=\"flex-basis:50%\">\n<h5 class=\"wp-block-heading\"><strong>Gest\u00e3o de assinaturas<\/strong><\/h5>\n\n\n\n<p style=\"font-size:1.33rem;letter-spacing:0px;line-height:1.5\">As ofertas podem ter dimens\u00f5es muito diferentes: desde vendas individuais e fatura\u00e7\u00e3o de projectos a subscri\u00e7\u00f5es multin\u00edvel. A principal tarefa de uma plataforma de gest\u00e3o de assinaturas \u00e9 geri-las de forma fi\u00e1vel a n\u00edvel operacional. Na sua ess\u00eancia, o ASMIQ consiste em controlar e otimizar automaticamente os pre\u00e7os, as condi\u00e7\u00f5es, as oportunidades de up-selling e cross-selling e as receitas recorrentes.<\/p>\n\n\n\n<h5 class=\"wp-block-heading\"><strong>Automatiza\u00e7\u00e3o da fatura\u00e7\u00e3o<\/strong><\/h5>\n\n\n\n<p style=\"font-size:1.33rem;letter-spacing:0px;line-height:1.5\">O ASMIQ permite a cria\u00e7\u00e3o autom\u00e1tica de facturas em conformidade com a lei, com um design empresarial personalizado e para diferentes grupos de clientes. Os lembretes, a fatura\u00e7\u00e3o e a distribui\u00e7\u00e3o - seja por e-mail, download ou correio - s\u00e3o totalmente automatizados. Cada fatura cumpre os seus requisitos espec\u00edficos, por exemplo, como uma fatura X, ZUGFeRD ou fatura QR (CH).<\/p>\n\n\n\n<h5 class=\"wp-block-heading\"><strong>Automatiza\u00e7\u00e3o dos pagamentos<\/strong><\/h5>\n\n\n\n<p style=\"font-size:1.33rem;letter-spacing:0px;line-height:1.5\">O ASMIQ suporta todos os m\u00e9todos de pagamento comuns. Configura\u00e7\u00e3o simples atrav\u00e9s da sua conta de fornecedor de servi\u00e7os de pagamento. As op\u00e7\u00f5es de pagamento individuais por oferta, como PayPal, cart\u00e3o de cr\u00e9dito, d\u00e9bito direto, etc., podem ser activadas sem qualquer esfor\u00e7o t\u00e9cnico. O utilizador decide quais os m\u00e9todos de pagamento que pretende aceitar para cada oferta.<\/p>\n\n\n\n<h5 class=\"wp-block-heading\"><strong>Gateways de pagamento<\/strong><\/h5>\n\n\n\n<p style=\"font-size:1.33rem;letter-spacing:0px;line-height:1.5\">O ASMIQ assume o controlo total da comunica\u00e7\u00e3o e dos processos em caso de falha de pagamento - automatizado, com passos simples e rastre\u00e1veis. Isto permite-lhe reduzir os incumprimentos de pagamento e proteger as suas receitas recorrentes.<\/p>\n\n\n\n<h5 class=\"wp-block-heading\"><strong>Contabilidade<\/strong><\/h5>\n\n\n\n<p style=\"font-size:1.33rem;letter-spacing:0px;line-height:1.5\">Pode gerir contas e centros de custo com o ASMIQ. O ASMIQ trata automaticamente do lan\u00e7amento de todas as transac\u00e7\u00f5es comerciais relevantes e cria ficheiros de exporta\u00e7\u00e3o para lan\u00e7amentos e acr\u00e9scimos de vendas para importa\u00e7\u00e3o em todos os sistemas de contabilidade comuns.<\/p>\n<\/div>\n<\/div>\n\n\n\n<div class=\"wp-block-group alignfull cta has-ast-global-color-1-background-color has-background is-layout-constrained wp-container-core-group-is-layout-9dbfe04b wp-block-group-is-layout-constrained\">\n<div class=\"wp-block-group is-layout-constrained wp-block-group-is-layout-constrained\">\n<figure class=\"wp-block-image aligncenter size-large is-resized\"><img decoding=\"async\" width=\"944\" height=\"995\" src=\"https:\/\/asmiq.io\/wp-content\/uploads\/2024\/08\/asmiq_io_logo.svg\" alt=\"\" class=\"wp-image-382\" style=\"width:20px\"\/><\/figure>\n\n\n\n<h2 class=\"wp-block-heading has-text-align-center has-ast-global-color-5-color has-text-color has-link-color wp-elements-8945d4eb7fd2dd156d2483287c8b5305\">Interesse em<br>despertado?<\/h2>\n\n\n\n<div class=\"wp-block-buttons is-content-justification-center is-layout-flex wp-container-core-buttons-is-layout-a89b3969 wp-block-buttons-is-layout-flex\">\n<div class=\"wp-block-button\"><a class=\"wp-block-button__link wp-element-button\" href=\"\/pt\/contacto\/\">Aqui vamos n\u00f3s<\/a><\/div>\n<\/div>\n<\/div>\n<\/div>\n\n\n\n<p><\/p>","protected":false},"excerpt":{"rendered":"<p>Unz\u00e4hlige M\u00f6glichkeiten \u2013 Ihre umfassende L\u00f6sung f\u00fcr Vertrieb und Steuerung. Wechsel zur Subscription Economy Fr\u00fcher war der Einzelverkauf der Schl\u00fcsselindikator. [&hellip;]<\/p>","protected":false},"author":1,"featured_media":0,"parent":0,"menu_order":0,"comment_status":"closed","ping_status":"closed","template":"","meta":{"site-sidebar-layout":"default","site-content-layout":"","ast-site-content-layout":"","site-content-style":"default","site-sidebar-style":"default","ast-global-header-display":"","ast-banner-title-visibility":"","ast-main-header-display":"","ast-hfb-above-header-display":"","ast-hfb-below-header-display":"","ast-hfb-mobile-header-display":"","site-post-title":"disabled","ast-breadcrumbs-content":"","ast-featured-img":"","footer-sml-layout":"","theme-transparent-header-meta":"enabled","adv-header-id-meta":"","stick-header-meta":"","header-above-stick-meta":"","header-main-stick-meta":"","header-below-stick-meta":"","astra-migrate-meta-layouts":"default","ast-page-background-enabled":"default","ast-page-background-meta":{"desktop":{"background-color":"var(--ast-global-color-4)","background-image":"","background-repeat":"repeat","background-position":"center center","background-size":"auto","background-attachment":"scroll","background-type":"","background-media":"","overlay-type":"","overlay-color":"","overlay-opacity":"","overlay-gradient":""},"tablet":{"background-color":"","background-image":"","background-repeat":"repeat","background-position":"center center","background-size":"auto","background-attachment":"scroll","background-type":"","background-media":"","overlay-type":"","overlay-color":"","overlay-opacity":"","overlay-gradient":""},"mobile":{"background-color":"","background-image":"","background-repeat":"repeat","background-position":"center center","background-size":"auto","background-attachment":"scroll","background-type":"","background-media":"","overlay-type":"","overlay-color":"","overlay-opacity":"","overlay-gradient":""}},"ast-content-background-meta":{"desktop":{"background-color":"var(--ast-global-color-5)","background-image":"","background-repeat":"repeat","background-position":"center center","background-size":"auto","background-attachment":"scroll","background-type":"","background-media":"","overlay-type":"","overlay-color":"","overlay-opacity":"","overlay-gradient":""},"tablet":{"background-color":"var(--ast-global-color-5)","background-image":"","background-repeat":"repeat","background-position":"center center","background-size":"auto","background-attachment":"scroll","background-type":"","background-media":"","overlay-type":"","overlay-color":"","overlay-opacity":"","overlay-gradient":""},"mobile":{"background-color":"var(--ast-global-color-5)","background-image":"","background-repeat":"repeat","background-position":"center center","background-size":"auto","background-attachment":"scroll","background-type":"","background-media":"","overlay-type":"","overlay-color":"","overlay-opacity":"","overlay-gradient":""}},"footnotes":""},"class_list":["post-390","page","type-page","status-publish","hentry"],"yoast_head":"<!-- This site is optimized with the Yoast SEO plugin v26.5 - https:\/\/yoast.com\/wordpress\/plugins\/seo\/ -->\n<title>L\u00f6sungen - ASMIQ I\/O<\/title>\n<meta name=\"description\" content=\"ASMIQ \u2013 Subscription Management L\u00f6sungen f\u00fcr wiederkehrende Ums\u00e4tze. Billing, Zahlungs-Automatisierung und mehr. Einfach skalierbar.\" \/>\n<meta name=\"robots\" content=\"index, follow, max-snippet:-1, max-image-preview:large, max-video-preview:-1\" \/>\n<link rel=\"canonical\" href=\"https:\/\/asmiq.io\/pt\/solucoes\/\" \/>\n<meta property=\"og:locale\" content=\"pt_PT\" \/>\n<meta property=\"og:type\" content=\"article\" \/>\n<meta property=\"og:title\" content=\"L\u00f6sungen - ASMIQ I\/O\" \/>\n<meta property=\"og:description\" content=\"ASMIQ \u2013 Subscription Management L\u00f6sungen f\u00fcr wiederkehrende Ums\u00e4tze. Billing, Zahlungs-Automatisierung und mehr. Einfach skalierbar.\" \/>\n<meta property=\"og:url\" content=\"https:\/\/asmiq.io\/pt\/solucoes\/\" \/>\n<meta property=\"og:site_name\" content=\"ASMIQ I\/O\" \/>\n<meta property=\"article:modified_time\" content=\"2026-02-19T08:13:28+00:00\" \/>\n<meta name=\"twitter:card\" content=\"summary_large_image\" \/>\n<script type=\"application\/ld+json\" class=\"yoast-schema-graph\">{\"@context\":\"https:\/\/schema.org\",\"@graph\":[{\"@type\":\"WebPage\",\"@id\":\"https:\/\/asmiq.io\/loesungen\/\",\"url\":\"https:\/\/asmiq.io\/loesungen\/\",\"name\":\"L\u00f6sungen - ASMIQ I\/O\",\"isPartOf\":{\"@id\":\"https:\/\/asmiq.io\/#website\"},\"primaryImageOfPage\":{\"@id\":\"https:\/\/asmiq.io\/loesungen\/#primaryimage\"},\"image\":{\"@id\":\"https:\/\/asmiq.io\/loesungen\/#primaryimage\"},\"thumbnailUrl\":\"https:\/\/asmiq.io\/wp-content\/uploads\/2024\/12\/digital_progress_asmiq.svg\",\"datePublished\":\"2024-08-28T12:44:03+00:00\",\"dateModified\":\"2026-02-19T08:13:28+00:00\",\"description\":\"ASMIQ \u2013 Subscription Management L\u00f6sungen f\u00fcr wiederkehrende Ums\u00e4tze. Billing, Zahlungs-Automatisierung und mehr. Einfach skalierbar.\",\"breadcrumb\":{\"@id\":\"https:\/\/asmiq.io\/loesungen\/#breadcrumb\"},\"inLanguage\":\"pt-PT\",\"potentialAction\":[{\"@type\":\"ReadAction\",\"target\":[\"https:\/\/asmiq.io\/loesungen\/\"]}]},{\"@type\":\"ImageObject\",\"inLanguage\":\"pt-PT\",\"@id\":\"https:\/\/asmiq.io\/loesungen\/#primaryimage\",\"url\":\"https:\/\/asmiq.io\/wp-content\/uploads\/2024\/12\/digital_progress_asmiq.svg\",\"contentUrl\":\"https:\/\/asmiq.io\/wp-content\/uploads\/2024\/12\/digital_progress_asmiq.svg\"},{\"@type\":\"BreadcrumbList\",\"@id\":\"https:\/\/asmiq.io\/loesungen\/#breadcrumb\",\"itemListElement\":[{\"@type\":\"ListItem\",\"position\":1,\"name\":\"Startseite\",\"item\":\"https:\/\/asmiq.io\/\"},{\"@type\":\"ListItem\",\"position\":2,\"name\":\"L\u00f6sungen\"}]},{\"@type\":\"WebSite\",\"@id\":\"https:\/\/asmiq.io\/#website\",\"url\":\"https:\/\/asmiq.io\/\",\"name\":\"ASMIQ I\/O\",\"description\":\"\",\"publisher\":{\"@id\":\"https:\/\/asmiq.io\/#organization\"},\"potentialAction\":[{\"@type\":\"SearchAction\",\"target\":{\"@type\":\"EntryPoint\",\"urlTemplate\":\"https:\/\/asmiq.io\/?s={search_term_string}\"},\"query-input\":{\"@type\":\"PropertyValueSpecification\",\"valueRequired\":true,\"valueName\":\"search_term_string\"}}],\"inLanguage\":\"pt-PT\"},{\"@type\":\"Organization\",\"@id\":\"https:\/\/asmiq.io\/#organization\",\"name\":\"ASMIQ I\/O\",\"url\":\"https:\/\/asmiq.io\/\",\"logo\":{\"@type\":\"ImageObject\",\"inLanguage\":\"pt-PT\",\"@id\":\"https:\/\/asmiq.io\/#\/schema\/logo\/image\/\",\"url\":\"https:\/\/asmiq.io\/wp-content\/uploads\/2024\/09\/asmiq_logo_text.svg\",\"contentUrl\":\"https:\/\/asmiq.io\/wp-content\/uploads\/2024\/09\/asmiq_logo_text.svg\",\"width\":942,\"height\":1225,\"caption\":\"ASMIQ I\/O\"},\"image\":{\"@id\":\"https:\/\/asmiq.io\/#\/schema\/logo\/image\/\"},\"sameAs\":[\"https:\/\/www.linkedin.com\/company\/asmiq-io\/posts\/?feedView=all\"]}]}<\/script>\n<!-- \/ Yoast SEO plugin. -->","yoast_head_json":{"title":"Solu\u00e7\u00f5es - ASMIQ I\/O","description":"ASMIQ - Solu\u00e7\u00f5es de gest\u00e3o de subscri\u00e7\u00f5es para receitas recorrentes. Fatura\u00e7\u00e3o, automatiza\u00e7\u00e3o de pagamentos e muito mais. Simplesmente escal\u00e1vel.","robots":{"index":"index","follow":"follow","max-snippet":"max-snippet:-1","max-image-preview":"max-image-preview:large","max-video-preview":"max-video-preview:-1"},"canonical":"https:\/\/asmiq.io\/pt\/solucoes\/","og_locale":"pt_PT","og_type":"article","og_title":"L\u00f6sungen - ASMIQ I\/O","og_description":"ASMIQ \u2013 Subscription Management L\u00f6sungen f\u00fcr wiederkehrende Ums\u00e4tze. Billing, Zahlungs-Automatisierung und mehr. Einfach skalierbar.","og_url":"https:\/\/asmiq.io\/pt\/solucoes\/","og_site_name":"ASMIQ I\/O","article_modified_time":"2026-02-19T08:13:28+00:00","twitter_card":"summary_large_image","schema":{"@context":"https:\/\/schema.org","@graph":[{"@type":"WebPage","@id":"https:\/\/asmiq.io\/loesungen\/","url":"https:\/\/asmiq.io\/loesungen\/","name":"Solu\u00e7\u00f5es - ASMIQ I\/O","isPartOf":{"@id":"https:\/\/asmiq.io\/#website"},"primaryImageOfPage":{"@id":"https:\/\/asmiq.io\/loesungen\/#primaryimage"},"image":{"@id":"https:\/\/asmiq.io\/loesungen\/#primaryimage"},"thumbnailUrl":"https:\/\/asmiq.io\/wp-content\/uploads\/2024\/12\/digital_progress_asmiq.svg","datePublished":"2024-08-28T12:44:03+00:00","dateModified":"2026-02-19T08:13:28+00:00","description":"ASMIQ - Solu\u00e7\u00f5es de gest\u00e3o de subscri\u00e7\u00f5es para receitas recorrentes. Fatura\u00e7\u00e3o, automatiza\u00e7\u00e3o de pagamentos e muito mais. Simplesmente escal\u00e1vel.","breadcrumb":{"@id":"https:\/\/asmiq.io\/loesungen\/#breadcrumb"},"inLanguage":"pt-PT","potentialAction":[{"@type":"ReadAction","target":["https:\/\/asmiq.io\/loesungen\/"]}]},{"@type":"ImageObject","inLanguage":"pt-PT","@id":"https:\/\/asmiq.io\/loesungen\/#primaryimage","url":"https:\/\/asmiq.io\/wp-content\/uploads\/2024\/12\/digital_progress_asmiq.svg","contentUrl":"https:\/\/asmiq.io\/wp-content\/uploads\/2024\/12\/digital_progress_asmiq.svg"},{"@type":"BreadcrumbList","@id":"https:\/\/asmiq.io\/loesungen\/#breadcrumb","itemListElement":[{"@type":"ListItem","position":1,"name":"Startseite","item":"https:\/\/asmiq.io\/"},{"@type":"ListItem","position":2,"name":"L\u00f6sungen"}]},{"@type":"WebSite","@id":"https:\/\/asmiq.io\/#website","url":"https:\/\/asmiq.io\/","name":"E\/S ASMIQ","description":"","publisher":{"@id":"https:\/\/asmiq.io\/#organization"},"potentialAction":[{"@type":"SearchAction","target":{"@type":"EntryPoint","urlTemplate":"https:\/\/asmiq.io\/?s={search_term_string}"},"query-input":{"@type":"PropertyValueSpecification","valueRequired":true,"valueName":"search_term_string"}}],"inLanguage":"pt-PT"},{"@type":"Organization","@id":"https:\/\/asmiq.io\/#organization","name":"E\/S ASMIQ","url":"https:\/\/asmiq.io\/","logo":{"@type":"ImageObject","inLanguage":"pt-PT","@id":"https:\/\/asmiq.io\/#\/schema\/logo\/image\/","url":"https:\/\/asmiq.io\/wp-content\/uploads\/2024\/09\/asmiq_logo_text.svg","contentUrl":"https:\/\/asmiq.io\/wp-content\/uploads\/2024\/09\/asmiq_logo_text.svg","width":942,"height":1225,"caption":"ASMIQ I\/O"},"image":{"@id":"https:\/\/asmiq.io\/#\/schema\/logo\/image\/"},"sameAs":["https:\/\/www.linkedin.com\/company\/asmiq-io\/posts\/?feedView=all"]}]}},"_links":{"self":[{"href":"https:\/\/asmiq.io\/pt\/wp-json\/wp\/v2\/pages\/390","targetHints":{"allow":["GET"]}}],"collection":[{"href":"https:\/\/asmiq.io\/pt\/wp-json\/wp\/v2\/pages"}],"about":[{"href":"https:\/\/asmiq.io\/pt\/wp-json\/wp\/v2\/types\/page"}],"author":[{"embeddable":true,"href":"https:\/\/asmiq.io\/pt\/wp-json\/wp\/v2\/users\/1"}],"replies":[{"embeddable":true,"href":"https:\/\/asmiq.io\/pt\/wp-json\/wp\/v2\/comments?post=390"}],"version-history":[{"count":27,"href":"https:\/\/asmiq.io\/pt\/wp-json\/wp\/v2\/pages\/390\/revisions"}],"predecessor-version":[{"id":3127,"href":"https:\/\/asmiq.io\/pt\/wp-json\/wp\/v2\/pages\/390\/revisions\/3127"}],"wp:attachment":[{"href":"https:\/\/asmiq.io\/pt\/wp-json\/wp\/v2\/media?parent=390"}],"curies":[{"name":"wp","href":"https:\/\/api.w.org\/{rel}","templated":true}]}}