{"id":1629,"date":"2024-09-02T14:55:37","date_gmt":"2024-09-02T12:55:37","guid":{"rendered":"https:\/\/asmiq.io\/?page_id=1629"},"modified":"2026-02-19T10:54:00","modified_gmt":"2026-02-19T09:54:00","slug":"dev","status":"publish","type":"page","link":"https:\/\/asmiq.io\/pt\/dev\/","title":{"rendered":"Desenvolvimento"},"content":{"rendered":"<div class=\"wp-block-group alignfull titlewrapper has-ast-global-color-1-background-color has-background is-layout-constrained wp-container-core-group-is-layout-9dbfe04b wp-block-group-is-layout-constrained\">\n<div class=\"wp-block-columns is-layout-flex wp-container-core-columns-is-layout-e0e4babd wp-block-columns-is-layout-flex\" style=\"padding-right:0;padding-left:0\">\n<div class=\"wp-block-column is-layout-flow wp-block-column-is-layout-flow\" style=\"flex-basis:75%\">\n<h1 class=\"wp-block-heading has-ast-global-color-5-color has-text-color has-link-color wp-elements-adfa306c2a3e5407f5bdb30b8e37996c\">Documenta\u00e7\u00e3o e informa\u00e7\u00f5es t\u00e9cnicas<\/h1>\n\n\n\n<p class=\"has-ast-global-color-5-color has-text-color has-link-color wp-elements-23218e3b0d9373d24f9c67a65f6e78bf\" style=\"font-size:1.33rem\">Aqui encontrar\u00e1 a documenta\u00e7\u00e3o t\u00e9cnica do ASMIQ para os servi\u00e7os, SDKs, kits de ferramentas e casos de utiliza\u00e7\u00e3o do ASMIQ I\/O. Descubra os manuais do utilizador, os manuais do programador, os tutoriais e as refer\u00eancias API.<\/p>\n<\/div>\n<\/div>\n<\/div>\n\n\n\n<div class=\"wp-block-columns textblock-fifty devicons is-layout-flex wp-container-core-columns-is-layout-28f84493 wp-block-columns-is-layout-flex\">\n<div class=\"wp-block-column is-layout-flow wp-block-column-is-layout-flow\" style=\"flex-basis:33.34%\">\n<figure class=\"wp-block-image aligncenter size-full is-resized\"><img decoding=\"async\" width=\"344\" height=\"330\" src=\"https:\/\/asmiq.io\/wp-content\/uploads\/2024\/09\/iam_asmiq.svg\" alt=\"\" class=\"wp-image-1645\" style=\"width:auto;height:170px\"\/><\/figure>\n\n\n\n<div class=\"wp-block-group is-layout-constrained wp-container-core-group-is-layout-2e9f5468 wp-block-group-is-layout-constrained\" style=\"padding-right:3rem;padding-left:3rem\">\n<h3 class=\"wp-block-heading has-text-align-center\">ASMIQ.iam<\/h3>\n\n\n\n<p class=\"has-text-align-center\">Construir com e sobre o ASMIQ. Consulte a nossa documenta\u00e7\u00e3o e integre o ASMIQ no seu sistema com apenas algumas linhas de c\u00f3digo.<\/p>\n\n\n\n<div class=\"wp-block-buttons is-content-justification-center is-layout-flex wp-container-core-buttons-is-layout-a89b3969 wp-block-buttons-is-layout-flex\">\n<div class=\"wp-block-button\"><a class=\"wp-block-button__link wp-element-button\" href=\"https:\/\/asmiq-io.atlassian.net\/wiki\/external\/N2Q1ZWJkZGMxN2UwNDcxYWIzZGJiZjlkODZhNzUzMjA\" target=\"_blank\" rel=\"noreferrer noopener\">Documenta\u00e7\u00e3o IAM<\/a><\/div>\n<\/div>\n<\/div>\n<\/div>\n\n\n\n<div class=\"wp-block-column is-layout-flow wp-block-column-is-layout-flow\" style=\"flex-basis:33.34%\">\n<figure class=\"wp-block-image aligncenter size-full is-resized\"><img decoding=\"async\" width=\"346\" height=\"330\" src=\"https:\/\/asmiq.io\/wp-content\/uploads\/2024\/12\/shop.svg\" alt=\"\" class=\"wp-image-1811\" style=\"width:auto;height:170px\"\/><\/figure>\n\n\n\n<div class=\"wp-block-group is-layout-constrained wp-container-core-group-is-layout-2e9f5468 wp-block-group-is-layout-constrained\" style=\"padding-right:3rem;padding-left:3rem\">\n<h3 class=\"wp-block-heading has-text-align-center\">ASMIQ.shop<\/h3>\n\n\n\n<p class=\"has-text-align-center\">O ASMIQ.shop oferece todas as fun\u00e7\u00f5es para um checkout moderno - perfeitamente integrado, sem esfor\u00e7o de programa\u00e7\u00e3o.<\/p>\n\n\n\n<div class=\"wp-block-buttons is-content-justification-center is-layout-flex wp-container-core-buttons-is-layout-a89b3969 wp-block-buttons-is-layout-flex\">\n<div class=\"wp-block-button\"><a class=\"wp-block-button__link wp-element-button\" href=\"https:\/\/asmiq-io.atlassian.net\/wiki\/external\/OGFhYzM5YWI3MDg2NDdmNmFiODI1MzI5MTI5ZTllYmM\" target=\"_blank\" rel=\"noreferrer noopener\">Documenta\u00e7\u00e3o da LOJA<\/a><\/div>\n<\/div>\n<\/div>\n<\/div>\n\n\n\n<div class=\"wp-block-column is-layout-flow wp-block-column-is-layout-flow\" style=\"flex-basis:33.34%\">\n<figure class=\"wp-block-image aligncenter size-full is-resized\"><img decoding=\"async\" width=\"346\" height=\"289\" src=\"https:\/\/asmiq.io\/wp-content\/uploads\/2024\/09\/api_asmiq.svg\" alt=\"\" class=\"wp-image-1644\" style=\"width:auto;height:170px\"\/><\/figure>\n\n\n\n<div class=\"wp-block-group is-layout-constrained wp-container-core-group-is-layout-2e9f5468 wp-block-group-is-layout-constrained\" style=\"padding-right:3rem;padding-left:3rem\">\n<h3 class=\"wp-block-heading has-text-align-center\">ASMIQ.api<\/h3>\n\n\n\n<p class=\"has-text-align-center\">Com o ASMIQ.api, pode integrar sem problemas o checkout e o self-service no seu mundo online personalizado - de forma flex\u00edvel e escal\u00e1vel.<\/p>\n\n\n\n<div class=\"wp-block-buttons is-content-justification-center is-layout-flex wp-container-core-buttons-is-layout-a89b3969 wp-block-buttons-is-layout-flex\">\n<div class=\"wp-block-button\"><a class=\"wp-block-button__link wp-element-button\" href=\"https:\/\/asmiq-io.atlassian.net\/wiki\/external\/MmUyNGI4NWVmYTU5NGQ2MGE3MzBhNzExOTczZTcxYmI\" target=\"_blank\" rel=\"noreferrer noopener\">Documenta\u00e7\u00e3o da API<\/a><\/div>\n<\/div>\n<\/div>\n<\/div>\n<\/div>\n\n\n\n<div class=\"wp-block-group alignfull has-ast-global-color-5-background-color has-background is-layout-constrained wp-container-core-group-is-layout-9dbfe04b wp-block-group-is-layout-constrained\">\n<div class=\"wp-block-columns is-layout-flex wp-container-core-columns-is-layout-28f84493 wp-block-columns-is-layout-flex\">\n<div class=\"wp-block-column is-layout-flow wp-block-column-is-layout-flow\" style=\"flex-basis:75%\">\n<p class=\"has-ast-global-color-1-color has-text-color has-link-color wp-elements-5653e50536c6912f45a1f2db5c5d3bb5\">Todas as fun\u00e7\u00f5es podem ser abordadas de forma program\u00e1tica atrav\u00e9s do ASMIQ.api e integradas em cen\u00e1rios de sistemas individuais. Quer sejam webhooks para eventos de pagamento, aprovisionamento autom\u00e1tico de espa\u00e7os de trabalho ou sincroniza\u00e7\u00e3o com sistemas CRM e ERP existentes - a documenta\u00e7\u00e3o do ASMIQ fornece todas as refer\u00eancias necess\u00e1rias e exemplos de c\u00f3digo para uma integra\u00e7\u00e3o eficiente.<\/p>\n<\/div>\n<\/div>\n\n\n\n<div class=\"wp-block-group is-layout-grid wp-container-core-group-is-layout-9bd434d5 wp-block-group-is-layout-grid\" style=\"padding-top:0;padding-right:0;padding-bottom:0;padding-left:0\">\n<div class=\"wp-block-group is-layout-constrained wp-block-group-is-layout-constrained\">\n<h5 class=\"wp-block-heading\"><strong>Refer\u00eancias de API e SDKs na documenta\u00e7\u00e3o do ASMIQ<\/strong><\/h5>\n\n\n\n<p>A documenta\u00e7\u00e3o do ASMIQ cobre integralmente os tr\u00eas m\u00f3dulos principais: ASMIQ.one para gest\u00e3o centralizada de subscri\u00e7\u00f5es, ASMIQ.iam para gest\u00e3o de identidade e acesso e ASMIQ.shop para com\u00e9rcio eletr\u00f3nico e processamento de pagamentos. Todos os pontos de extremidade, webhooks e op\u00e7\u00f5es de configura\u00e7\u00e3o s\u00e3o descritos em pormenor e ilustrados com exemplos pr\u00e1ticos de c\u00f3digo.<\/p>\n<\/div>\n\n\n\n<div class=\"wp-block-group is-layout-constrained wp-block-group-is-layout-constrained\">\n<h5 class=\"wp-block-heading\"><strong>Refer\u00eancias de API e SDKs na documenta\u00e7\u00e3o do ASMIQ<\/strong><\/h5>\n\n\n\n<p>A documenta\u00e7\u00e3o do ASMIQ cobre integralmente os tr\u00eas m\u00f3dulos principais: ASMIQ.one para gest\u00e3o centralizada de subscri\u00e7\u00f5es, ASMIQ.iam para gest\u00e3o de identidade e acesso e ASMIQ.shop para com\u00e9rcio eletr\u00f3nico e processamento de pagamentos. Todos os pontos de extremidade, webhooks e op\u00e7\u00f5es de configura\u00e7\u00e3o s\u00e3o descritos em pormenor e ilustrados com exemplos pr\u00e1ticos de c\u00f3digo.<\/p>\n<\/div>\n\n\n\n<div class=\"wp-block-group is-layout-constrained wp-block-group-is-layout-constrained\">\n<h5 class=\"wp-block-heading\"><strong>ASMIQ.iam - Gest\u00e3o de identidades com apenas algumas linhas de c\u00f3digo<\/strong><\/h5>\n\n\n\n<p>O ASMIQ.iam baseia-se na norma de c\u00f3digo aberto comprovada Keycloak e implementa o OAuth2 com o OpenID Connect como interface padr\u00e3o. Para si, enquanto programador, isto significa que o in\u00edcio de sess\u00e3o, o registo, a palavra-passe esquecida, a reposi\u00e7\u00e3o da palavra-passe e todos os outros ecr\u00e3s de autentica\u00e7\u00e3o est\u00e3o totalmente integrados no ASMIQ.iam. Integra a solu\u00e7\u00e3o no seu s\u00edtio Web ou aplica\u00e7\u00e3o com apenas algumas linhas de c\u00f3digo - n\u00e3o precisa de desenvolver os seus pr\u00f3prios fluxos de in\u00edcio de sess\u00e3o. Todas as normas de seguran\u00e7a s\u00e3o automaticamente respeitadas.<\/p>\n<\/div>\n\n\n\n<div class=\"wp-block-group is-layout-constrained wp-block-group-is-layout-constrained\">\n<h5 class=\"wp-block-heading\"><strong>ASMIQ.shop - processo de encomenda e pagamento sem programa\u00e7\u00e3o pr\u00f3pria<\/strong><\/h5>\n\n\n\n<p>O ASMIQ.shop fornece o processo completo de encomenda e pagamento como uma solu\u00e7\u00e3o pronta a utilizar. Do lado do cliente <strong>Nenhuma programa\u00e7\u00e3o<\/strong> O widget da loja \u00e9 simplesmente integrado no s\u00edtio Web existente atrav\u00e9s de uma liga\u00e7\u00e3o ou de um c\u00f3digo de incorpora\u00e7\u00e3o. O mesmo se aplica \u00e0 \u00e1rea de autoadministra\u00e7\u00e3o: os subscritores podem gerir os dados dos seus clientes, os m\u00e9todos de pagamento e as subscri\u00e7\u00f5es de forma independente, sem terem de escrever uma \u00fanica linha de c\u00f3digo. Todo o processo de checkout, incluindo a integra\u00e7\u00e3o do PostFinance e do Worldline Payment, est\u00e1 dispon\u00edvel de imediato.<\/p>\n<\/div>\n<\/div>\n<\/div>\n\n\n\n<div class=\"wp-block-group alignfull cta is-layout-constrained wp-container-core-group-is-layout-9dbfe04b wp-block-group-is-layout-constrained\">\n<h2 class=\"wp-block-heading has-ast-global-color-1-color has-text-color has-link-color wp-elements-40c7e54e7b1fd5b0ce07a474851d88f3\">Notas de lan\u00e7amento<\/h2>\n\n\n\n<div class=\"wp-block-query releasesquery is-layout-flow wp-block-query-is-layout-flow\"><ul class=\"columns-3 wp-block-post-template is-layout-grid wp-container-core-post-template-is-layout-6d3fbd8f wp-block-post-template-is-layout-grid\"><li class=\"wp-block-post post-3178 releases type-releases status-publish hentry category-v6\">\n\n<div class=\"wp-block-group is-layout-flow wp-block-group-is-layout-flow\"><h5 style=\"text-decoration:none;text-transform:none;\" class=\"has-link-color wp-elements-dd82e045700b08a2c5dcf51fdfcf5b4e wp-block-post-title has-text-color has-ast-global-color-0-color\"><a href=\"https:\/\/asmiq.io\/pt\/libertacao\/changelog-lancamento-6-6-13\/\" target=\"_self\" >Changelog da vers\u00e3o 6.6.13<\/a><\/h5>\n\n<div class=\"has-link-color wp-elements-29c73b7a7d9f2c2c786719f9ba260ced wp-block-post-date has-text-color has-ast-global-color-3-color\"><time datetime=\"2026-03-25T10:30:55+01:00\">25 de mar\u00e7o de 2026<\/time><\/div><\/div>\n\n<\/li><li class=\"wp-block-post post-3152 releases type-releases status-publish hentry category-v6\">\n\n<div class=\"wp-block-group is-layout-flow wp-block-group-is-layout-flow\"><h5 style=\"text-decoration:none;text-transform:none;\" class=\"has-link-color wp-elements-dd82e045700b08a2c5dcf51fdfcf5b4e wp-block-post-title has-text-color has-ast-global-color-0-color\"><a href=\"https:\/\/asmiq.io\/pt\/libertacao\/changelog-lancamento-6-6-12\/\" target=\"_self\" >Changelog da vers\u00e3o 6.6.12<\/a><\/h5>\n\n<div class=\"has-link-color wp-elements-29c73b7a7d9f2c2c786719f9ba260ced wp-block-post-date has-text-color has-ast-global-color-3-color\"><time datetime=\"2026-02-25T08:10:40+01:00\">25 de fevereiro de 2026<\/time><\/div><\/div>\n\n<\/li><li class=\"wp-block-post post-3069 releases type-releases status-publish hentry category-v6\">\n\n<div class=\"wp-block-group is-layout-flow wp-block-group-is-layout-flow\"><h5 style=\"text-decoration:none;text-transform:none;\" class=\"has-link-color wp-elements-dd82e045700b08a2c5dcf51fdfcf5b4e wp-block-post-title has-text-color has-ast-global-color-0-color\"><a href=\"https:\/\/asmiq.io\/pt\/libertacao\/changelog-lancamento-6-6-11\/\" target=\"_self\" >Changelog da vers\u00e3o 6.6.11<\/a><\/h5>\n\n<div class=\"has-link-color wp-elements-29c73b7a7d9f2c2c786719f9ba260ced wp-block-post-date has-text-color has-ast-global-color-3-color\"><time datetime=\"2026-01-21T08:52:01+01:00\">21 de janeiro de 2026<\/time><\/div><\/div>\n\n<\/li><\/ul><\/div>\n\n\n\n<div class=\"wp-block-buttons is-content-justification-center is-layout-flex wp-container-core-buttons-is-layout-a89b3969 wp-block-buttons-is-layout-flex\">\n<div class=\"wp-block-button\"><a class=\"wp-block-button__link wp-element-button\" href=\"\/pt\/libertacoes\/\">Todas as notas de lan\u00e7amento<\/a><\/div>\n<\/div>\n<\/div>\n\n\n\n<div class=\"wp-block-group alignfull cta has-ast-global-color-1-background-color has-background is-layout-constrained wp-container-core-group-is-layout-9dbfe04b wp-block-group-is-layout-constrained\">\n<div class=\"wp-block-group is-layout-constrained wp-block-group-is-layout-constrained\">\n<figure class=\"wp-block-image aligncenter size-large is-resized\"><img decoding=\"async\" width=\"944\" height=\"995\" src=\"https:\/\/asmiq.io\/wp-content\/uploads\/2024\/08\/asmiq_io_logo.svg\" alt=\"\" class=\"wp-image-382\" style=\"width:20px\"\/><\/figure>\n\n\n\n<h2 class=\"wp-block-heading has-text-align-center has-ast-global-color-5-color has-text-color has-link-color wp-elements-8945d4eb7fd2dd156d2483287c8b5305\">Interesse em<br>despertado?<\/h2>\n\n\n\n<div class=\"wp-block-buttons is-content-justification-center is-layout-flex wp-container-core-buttons-is-layout-a89b3969 wp-block-buttons-is-layout-flex\">\n<div class=\"wp-block-button\"><a class=\"wp-block-button__link wp-element-button\" href=\"https:\/\/asmiq.io\/pt\/contacto\/\">Aqui vamos n\u00f3s<\/a><\/div>\n<\/div>\n<\/div>\n<\/div>","protected":false},"excerpt":{"rendered":"<p>Dokumentationen und technische Infos Hier finden Sie die technische ASMIQ Dokumentation zu den Diensten, SDKs, Toolkits und Anwendungsf\u00e4llen von ASMIQ [&hellip;]<\/p>","protected":false},"author":1,"featured_media":0,"parent":0,"menu_order":0,"comment_status":"closed","ping_status":"closed","template":"","meta":{"site-sidebar-layout":"default","site-content-layout":"","ast-site-content-layout":"","site-content-style":"default","site-sidebar-style":"default","ast-global-header-display":"","ast-banner-title-visibility":"","ast-main-header-display":"","ast-hfb-above-header-display":"","ast-hfb-below-header-display":"","ast-hfb-mobile-header-display":"","site-post-title":"disabled","ast-breadcrumbs-content":"","ast-featured-img":"","footer-sml-layout":"","theme-transparent-header-meta":"enabled","adv-header-id-meta":"","stick-header-meta":"","header-above-stick-meta":"","header-main-stick-meta":"","header-below-stick-meta":"","astra-migrate-meta-layouts":"default","ast-page-background-enabled":"default","ast-page-background-meta":{"desktop":{"background-color":"var(--ast-global-color-4)","background-image":"","background-repeat":"repeat","background-position":"center center","background-size":"auto","background-attachment":"scroll","background-type":"","background-media":"","overlay-type":"","overlay-color":"","overlay-opacity":"","overlay-gradient":""},"tablet":{"background-color":"","background-image":"","background-repeat":"repeat","background-position":"center center","background-size":"auto","background-attachment":"scroll","background-type":"","background-media":"","overlay-type":"","overlay-color":"","overlay-opacity":"","overlay-gradient":""},"mobile":{"background-color":"","background-image":"","background-repeat":"repeat","background-position":"center center","background-size":"auto","background-attachment":"scroll","background-type":"","background-media":"","overlay-type":"","overlay-color":"","overlay-opacity":"","overlay-gradient":""}},"ast-content-background-meta":{"desktop":{"background-color":"var(--ast-global-color-5)","background-image":"","background-repeat":"repeat","background-position":"center center","background-size":"auto","background-attachment":"scroll","background-type":"","background-media":"","overlay-type":"","overlay-color":"","overlay-opacity":"","overlay-gradient":""},"tablet":{"background-color":"var(--ast-global-color-5)","background-image":"","background-repeat":"repeat","background-position":"center center","background-size":"auto","background-attachment":"scroll","background-type":"","background-media":"","overlay-type":"","overlay-color":"","overlay-opacity":"","overlay-gradient":""},"mobile":{"background-color":"var(--ast-global-color-5)","background-image":"","background-repeat":"repeat","background-position":"center center","background-size":"auto","background-attachment":"scroll","background-type":"","background-media":"","overlay-type":"","overlay-color":"","overlay-opacity":"","overlay-gradient":""}},"footnotes":""},"class_list":["post-1629","page","type-page","status-publish","hentry"],"yoast_head":"<!-- This site is optimized with the Yoast SEO plugin v26.5 - https:\/\/yoast.com\/wordpress\/plugins\/seo\/ -->\n<title>ASMIQ Dokumentation - Dev | ASMIQ I\/O<\/title>\n<meta name=\"description\" content=\"ASMIQ Dokumentation f\u00fcr Entwickler: ASMIQ.iam, ASMIQ.shop und ASMIQ.api \u2013 SDKs, Tutorials und API-Referenzen.\" \/>\n<meta name=\"robots\" content=\"index, follow, max-snippet:-1, max-image-preview:large, max-video-preview:-1\" \/>\n<link rel=\"canonical\" href=\"https:\/\/asmiq.io\/pt\/dev\/\" \/>\n<meta property=\"og:locale\" content=\"pt_PT\" \/>\n<meta property=\"og:type\" content=\"article\" \/>\n<meta property=\"og:title\" content=\"ASMIQ Dokumentation - Dev | ASMIQ I\/O\" \/>\n<meta property=\"og:description\" content=\"ASMIQ Dokumentation f\u00fcr Entwickler: ASMIQ.iam, ASMIQ.shop und ASMIQ.api \u2013 SDKs, Tutorials und API-Referenzen.\" \/>\n<meta property=\"og:url\" content=\"https:\/\/asmiq.io\/pt\/dev\/\" \/>\n<meta property=\"og:site_name\" content=\"ASMIQ I\/O\" \/>\n<meta property=\"article:modified_time\" content=\"2026-02-19T09:54:00+00:00\" \/>\n<meta name=\"twitter:card\" content=\"summary_large_image\" \/>\n<script type=\"application\/ld+json\" class=\"yoast-schema-graph\">{\"@context\":\"https:\/\/schema.org\",\"@graph\":[{\"@type\":\"WebPage\",\"@id\":\"https:\/\/asmiq.io\/dev\/\",\"url\":\"https:\/\/asmiq.io\/dev\/\",\"name\":\"ASMIQ Dokumentation - Dev | ASMIQ I\/O\",\"isPartOf\":{\"@id\":\"https:\/\/asmiq.io\/#website\"},\"primaryImageOfPage\":{\"@id\":\"https:\/\/asmiq.io\/dev\/#primaryimage\"},\"image\":{\"@id\":\"https:\/\/asmiq.io\/dev\/#primaryimage\"},\"thumbnailUrl\":\"https:\/\/asmiq.io\/wp-content\/uploads\/2024\/09\/iam_asmiq.svg\",\"datePublished\":\"2024-09-02T12:55:37+00:00\",\"dateModified\":\"2026-02-19T09:54:00+00:00\",\"description\":\"ASMIQ Dokumentation f\u00fcr Entwickler: ASMIQ.iam, ASMIQ.shop und ASMIQ.api \u2013 SDKs, Tutorials und API-Referenzen.\",\"breadcrumb\":{\"@id\":\"https:\/\/asmiq.io\/dev\/#breadcrumb\"},\"inLanguage\":\"pt-PT\",\"potentialAction\":[{\"@type\":\"ReadAction\",\"target\":[\"https:\/\/asmiq.io\/dev\/\"]}]},{\"@type\":\"ImageObject\",\"inLanguage\":\"pt-PT\",\"@id\":\"https:\/\/asmiq.io\/dev\/#primaryimage\",\"url\":\"https:\/\/asmiq.io\/wp-content\/uploads\/2024\/09\/iam_asmiq.svg\",\"contentUrl\":\"https:\/\/asmiq.io\/wp-content\/uploads\/2024\/09\/iam_asmiq.svg\"},{\"@type\":\"BreadcrumbList\",\"@id\":\"https:\/\/asmiq.io\/dev\/#breadcrumb\",\"itemListElement\":[{\"@type\":\"ListItem\",\"position\":1,\"name\":\"Startseite\",\"item\":\"https:\/\/asmiq.io\/\"},{\"@type\":\"ListItem\",\"position\":2,\"name\":\"Dev\"}]},{\"@type\":\"WebSite\",\"@id\":\"https:\/\/asmiq.io\/#website\",\"url\":\"https:\/\/asmiq.io\/\",\"name\":\"ASMIQ I\/O\",\"description\":\"\",\"publisher\":{\"@id\":\"https:\/\/asmiq.io\/#organization\"},\"potentialAction\":[{\"@type\":\"SearchAction\",\"target\":{\"@type\":\"EntryPoint\",\"urlTemplate\":\"https:\/\/asmiq.io\/?s={search_term_string}\"},\"query-input\":{\"@type\":\"PropertyValueSpecification\",\"valueRequired\":true,\"valueName\":\"search_term_string\"}}],\"inLanguage\":\"pt-PT\"},{\"@type\":\"Organization\",\"@id\":\"https:\/\/asmiq.io\/#organization\",\"name\":\"ASMIQ I\/O\",\"url\":\"https:\/\/asmiq.io\/\",\"logo\":{\"@type\":\"ImageObject\",\"inLanguage\":\"pt-PT\",\"@id\":\"https:\/\/asmiq.io\/#\/schema\/logo\/image\/\",\"url\":\"https:\/\/asmiq.io\/wp-content\/uploads\/2024\/09\/asmiq_logo_text.svg\",\"contentUrl\":\"https:\/\/asmiq.io\/wp-content\/uploads\/2024\/09\/asmiq_logo_text.svg\",\"width\":942,\"height\":1225,\"caption\":\"ASMIQ I\/O\"},\"image\":{\"@id\":\"https:\/\/asmiq.io\/#\/schema\/logo\/image\/\"},\"sameAs\":[\"https:\/\/www.linkedin.com\/company\/asmiq-io\/posts\/?feedView=all\"]}]}<\/script>\n<!-- \/ Yoast SEO plugin. -->","yoast_head_json":{"title":"Documenta\u00e7\u00e3o do ASMIQ - Desenvolvimento | E\/S do ASMIQ","description":"Documenta\u00e7\u00e3o ASMIQ para programadores: ASMIQ.iam, ASMIQ.shop e ASMIQ.api - SDKs, tutoriais e refer\u00eancias API.","robots":{"index":"index","follow":"follow","max-snippet":"max-snippet:-1","max-image-preview":"max-image-preview:large","max-video-preview":"max-video-preview:-1"},"canonical":"https:\/\/asmiq.io\/pt\/dev\/","og_locale":"pt_PT","og_type":"article","og_title":"ASMIQ Dokumentation - Dev | ASMIQ I\/O","og_description":"ASMIQ Dokumentation f\u00fcr Entwickler: ASMIQ.iam, ASMIQ.shop und ASMIQ.api \u2013 SDKs, Tutorials und API-Referenzen.","og_url":"https:\/\/asmiq.io\/pt\/dev\/","og_site_name":"ASMIQ I\/O","article_modified_time":"2026-02-19T09:54:00+00:00","twitter_card":"summary_large_image","schema":{"@context":"https:\/\/schema.org","@graph":[{"@type":"WebPage","@id":"https:\/\/asmiq.io\/dev\/","url":"https:\/\/asmiq.io\/dev\/","name":"Documenta\u00e7\u00e3o do ASMIQ - Desenvolvimento | E\/S do ASMIQ","isPartOf":{"@id":"https:\/\/asmiq.io\/#website"},"primaryImageOfPage":{"@id":"https:\/\/asmiq.io\/dev\/#primaryimage"},"image":{"@id":"https:\/\/asmiq.io\/dev\/#primaryimage"},"thumbnailUrl":"https:\/\/asmiq.io\/wp-content\/uploads\/2024\/09\/iam_asmiq.svg","datePublished":"2024-09-02T12:55:37+00:00","dateModified":"2026-02-19T09:54:00+00:00","description":"Documenta\u00e7\u00e3o ASMIQ para programadores: ASMIQ.iam, ASMIQ.shop e ASMIQ.api - SDKs, tutoriais e refer\u00eancias API.","breadcrumb":{"@id":"https:\/\/asmiq.io\/dev\/#breadcrumb"},"inLanguage":"pt-PT","potentialAction":[{"@type":"ReadAction","target":["https:\/\/asmiq.io\/dev\/"]}]},{"@type":"ImageObject","inLanguage":"pt-PT","@id":"https:\/\/asmiq.io\/dev\/#primaryimage","url":"https:\/\/asmiq.io\/wp-content\/uploads\/2024\/09\/iam_asmiq.svg","contentUrl":"https:\/\/asmiq.io\/wp-content\/uploads\/2024\/09\/iam_asmiq.svg"},{"@type":"BreadcrumbList","@id":"https:\/\/asmiq.io\/dev\/#breadcrumb","itemListElement":[{"@type":"ListItem","position":1,"name":"Startseite","item":"https:\/\/asmiq.io\/"},{"@type":"ListItem","position":2,"name":"Dev"}]},{"@type":"WebSite","@id":"https:\/\/asmiq.io\/#website","url":"https:\/\/asmiq.io\/","name":"E\/S ASMIQ","description":"","publisher":{"@id":"https:\/\/asmiq.io\/#organization"},"potentialAction":[{"@type":"SearchAction","target":{"@type":"EntryPoint","urlTemplate":"https:\/\/asmiq.io\/?s={search_term_string}"},"query-input":{"@type":"PropertyValueSpecification","valueRequired":true,"valueName":"search_term_string"}}],"inLanguage":"pt-PT"},{"@type":"Organization","@id":"https:\/\/asmiq.io\/#organization","name":"E\/S ASMIQ","url":"https:\/\/asmiq.io\/","logo":{"@type":"ImageObject","inLanguage":"pt-PT","@id":"https:\/\/asmiq.io\/#\/schema\/logo\/image\/","url":"https:\/\/asmiq.io\/wp-content\/uploads\/2024\/09\/asmiq_logo_text.svg","contentUrl":"https:\/\/asmiq.io\/wp-content\/uploads\/2024\/09\/asmiq_logo_text.svg","width":942,"height":1225,"caption":"ASMIQ I\/O"},"image":{"@id":"https:\/\/asmiq.io\/#\/schema\/logo\/image\/"},"sameAs":["https:\/\/www.linkedin.com\/company\/asmiq-io\/posts\/?feedView=all"]}]}},"_links":{"self":[{"href":"https:\/\/asmiq.io\/pt\/wp-json\/wp\/v2\/pages\/1629","targetHints":{"allow":["GET"]}}],"collection":[{"href":"https:\/\/asmiq.io\/pt\/wp-json\/wp\/v2\/pages"}],"about":[{"href":"https:\/\/asmiq.io\/pt\/wp-json\/wp\/v2\/types\/page"}],"author":[{"embeddable":true,"href":"https:\/\/asmiq.io\/pt\/wp-json\/wp\/v2\/users\/1"}],"replies":[{"embeddable":true,"href":"https:\/\/asmiq.io\/pt\/wp-json\/wp\/v2\/comments?post=1629"}],"version-history":[{"count":51,"href":"https:\/\/asmiq.io\/pt\/wp-json\/wp\/v2\/pages\/1629\/revisions"}],"predecessor-version":[{"id":3148,"href":"https:\/\/asmiq.io\/pt\/wp-json\/wp\/v2\/pages\/1629\/revisions\/3148"}],"wp:attachment":[{"href":"https:\/\/asmiq.io\/pt\/wp-json\/wp\/v2\/media?parent=1629"}],"curies":[{"name":"wp","href":"https:\/\/api.w.org\/{rel}","templated":true}]}}