{"id":1615,"date":"2024-09-02T14:25:55","date_gmt":"2024-09-02T12:25:55","guid":{"rendered":"https:\/\/asmiq.io\/?page_id=1615"},"modified":"2026-02-19T09:14:27","modified_gmt":"2026-02-19T08:14:27","slug":"plataforma","status":"publish","type":"page","link":"https:\/\/asmiq.io\/pt\/plataforma\/","title":{"rendered":"Plataforma"},"content":{"rendered":"<div class=\"wp-block-group alignfull titlewrapper has-ast-global-color-5-background-color has-background is-layout-constrained wp-container-core-group-is-layout-9dbfe04b wp-block-group-is-layout-constrained\">\n<div class=\"wp-block-columns is-layout-flex wp-container-core-columns-is-layout-e0e4babd wp-block-columns-is-layout-flex\" style=\"padding-right:0;padding-left:0\">\n<div class=\"wp-block-column is-layout-flow wp-block-column-is-layout-flow\" style=\"flex-basis:75%\">\n<h1 class=\"wp-block-heading has-ast-global-color-1-color has-text-color has-link-color wp-elements-059f252ae238355b645a10a304c280d9\">Plataforma de vendas preparada para o futuro para todo o seu neg\u00f3cio de subscri\u00e7\u00f5es.<\/h1>\n<\/div>\n<\/div>\n<\/div>\n\n\n\n<div class=\"wp-block-columns textblock-fifty is-layout-flex wp-container-core-columns-is-layout-28f84493 wp-block-columns-is-layout-flex\">\n<div class=\"wp-block-column is-layout-flow wp-block-column-is-layout-flow\" style=\"flex-basis:75%\">\n<h3 class=\"wp-block-heading\">O ASMIQ I\/O trabalha para si.<\/h3>\n\n\n\n<p style=\"font-size:1.33rem;letter-spacing:0px;line-height:1.5\">O ASMIQ combina o futuro e o presente no neg\u00f3cio das subscri\u00e7\u00f5es. Com o nosso software, as empresas criam plataformas de vendas \u00e0 prova de futuro que mapeiam toda a oferta de forma integrada.<\/p>\n\n\n\n<p style=\"font-size:1.33rem;letter-spacing:0px;line-height:1.5\">Gra\u00e7as \u00e0s nossas solu\u00e7\u00f5es automatizadas de subscri\u00e7\u00e3o e de sistemas de loja, o ASMIQ assume uma grande parte do seu trabalho. Isto permite-lhe concentrar-se no essencial enquanto n\u00f3s asseguramos o bom funcionamento e a gest\u00e3o dos seus processos. Deixe o ASMIQ trabalhar para si e melhore a sua experi\u00eancia comercial.<\/p>\n<\/div>\n<\/div>\n\n\n\n<div class=\"wp-block-group alignfull cta has-ast-global-color-0-background-color has-background is-layout-constrained wp-container-core-group-is-layout-9dbfe04b wp-block-group-is-layout-constrained\">\n<div class=\"wp-block-columns is-layout-flex wp-container-core-columns-is-layout-28f84493 wp-block-columns-is-layout-flex\">\n<div class=\"wp-block-column is-vertically-aligned-top is-layout-flow wp-block-column-is-layout-flow\" style=\"padding-top:0;padding-bottom:0;flex-basis:50%\">\n<h5 class=\"wp-block-heading ctatext has-white-color has-text-color has-link-color wp-elements-601732f103b5a52ce324726283b77adb\" style=\"font-size:6.7rem\">Todo-o-terreno<br>Plataforma<\/h5>\n<\/div>\n<\/div>\n<\/div>\n\n\n\n<div class=\"wp-block-group alignfull defaultpadding has-ast-global-color-5-background-color has-background is-layout-constrained wp-container-core-group-is-layout-9dbfe04b wp-block-group-is-layout-constrained\">\n<div class=\"wp-block-columns is-layout-flex wp-container-core-columns-is-layout-28f84493 wp-block-columns-is-layout-flex\">\n<div class=\"wp-block-column is-layout-flow wp-block-column-is-layout-flow\" style=\"flex-basis:75%\">\n<h3 class=\"wp-block-heading\">A plataforma ASMIQ<\/h3>\n\n\n\n<figure class=\"wp-block-image size-full\"><img decoding=\"async\" width=\"2000\" height=\"1000\" src=\"https:\/\/asmiq.io\/wp-content\/uploads\/2024\/12\/digital_progress_asmiq.svg\" alt=\"\" class=\"wp-image-1805\"\/><\/figure>\n<\/div>\n<\/div>\n<\/div>\n\n\n\n<div class=\"wp-block-columns textblock-fifty is-layout-flex wp-container-core-columns-is-layout-28f84493 wp-block-columns-is-layout-flex\">\n<div class=\"wp-block-column is-layout-flow wp-block-column-is-layout-flow\" style=\"flex-basis:50%\">\n<p style=\"font-size:1.33rem;letter-spacing:0px;line-height:1.5\">Diversos modelos de neg\u00f3cio, clientes individuais: Com o ASMIQ, trabalha num cen\u00e1rio de sistema eficiente que lhe permite concentrar-se totalmente nos seus clientes.<\/p>\n\n\n\n<p style=\"font-size:1.33rem;letter-spacing:0px;line-height:1.5\"><strong>Gest\u00e3o do acesso: <\/strong>Gerir os direitos de acesso sem esfor\u00e7o e garantir que os seus clientes apenas acedem aos servi\u00e7os para os quais est\u00e3o autorizados. Seguro, fi\u00e1vel e simples - baseado no ASMIQ.iam.<\/p>\n\n\n\n<p style=\"font-size:1.33rem;letter-spacing:0px;line-height:1.5\"><strong>Gest\u00e3o de assinaturas:<\/strong> Acompanhe os seus subscritores, automatize as receitas recorrentes e ofere\u00e7a modelos de subscri\u00e7\u00e3o flex\u00edveis. O ASMIQ torna as opera\u00e7\u00f5es de receitas simples, plane\u00e1veis e escal\u00e1veis.<\/p>\n\n\n\n<p style=\"font-size:1.33rem;letter-spacing:0px;line-height:1.5\"><strong>Pagamento: <\/strong>Integre diferentes m\u00e9todos de pagamento e ofere\u00e7a aos seus clientes um processamento de pagamentos sem problemas. Com o ASMIQ.shop, todo o processo de pagamento \u00e9 simples, seguro e totalmente automatizado.<\/p>\n\n\n\n<p style=\"font-size:1.33rem;letter-spacing:0px;line-height:1.5\"><strong>Fatura\u00e7\u00e3o: <\/strong>Automatize totalmente a fatura\u00e7\u00e3o, a cobran\u00e7a e a fatura\u00e7\u00e3o. O ASMIQ reduz significativamente a sua carga de trabalho administrativo - para que se possa concentrar na sua atividade principal.<\/p>\n<\/div>\n\n\n\n<div class=\"wp-block-column is-layout-flow wp-block-column-is-layout-flow\" style=\"flex-basis:50%\">\n<p style=\"font-size:1.33rem;letter-spacing:0px;line-height:1.5\">Com as ferramentas flex\u00edveis do ASMIQ, pode expandir a sua pilha de tecnologia de subscri\u00e7\u00e3o de uma forma direcionada, otimizar o seu modelo de neg\u00f3cio e melhorar o seu servi\u00e7o ao cliente.<\/p>\n\n\n\n<p style=\"font-size:1.33rem;letter-spacing:0px;line-height:1.5\"><strong>Checkout de marca branca:<\/strong> Conceba o processo de checkout com a sua pr\u00f3pria marca e crie uma experi\u00eancia de cliente perfeita desde o primeiro clique at\u00e9 ao pagamento.<\/p>\n\n\n\n<p style=\"font-size:1.33rem;letter-spacing:0px;line-height:1.5\"><strong>Registo \u00fanico:<\/strong> Com o ASMIQ.iam, os seus clientes podem iniciar sess\u00e3o em todos os seus servi\u00e7os com apenas um login. Baseado no Keycloak - f\u00e1cil de integrar em qualquer ambiente web ou de aplica\u00e7\u00f5es.<\/p>\n\n\n\n<p style=\"font-size:1.33rem;letter-spacing:0px;line-height:1.5\"><strong>Contabilidade: <\/strong>Integre fun\u00e7\u00f5es de contabilidade avan\u00e7adas e acompanhe as suas vendas recorrentes, facturas e fluxos de pagamento em qualquer altura.<\/p>\n\n\n\n<p style=\"font-size:1.33rem;letter-spacing:0px;line-height:1.5\"><strong>Autosservi\u00e7o ao cliente:<\/strong> Com o ASMIQ.shop, os seus clientes gerem as suas assinaturas, dados de pagamento e informa\u00e7\u00f5es pessoais de forma independente - 24 horas por dia, sem qualquer esfor\u00e7o de apoio para a sua equipa.<\/p>\n<\/div>\n<\/div>\n\n\n\n<div class=\"wp-block-group alignfull cta has-ast-global-color-1-background-color has-background is-layout-constrained wp-container-core-group-is-layout-9dbfe04b wp-block-group-is-layout-constrained\">\n<div class=\"wp-block-group is-layout-constrained wp-block-group-is-layout-constrained\">\n<figure class=\"wp-block-image aligncenter size-large is-resized\"><img decoding=\"async\" width=\"944\" height=\"995\" src=\"https:\/\/asmiq.io\/wp-content\/uploads\/2024\/08\/asmiq_io_logo.svg\" alt=\"\" class=\"wp-image-382\" style=\"width:20px\"\/><\/figure>\n\n\n\n<h2 class=\"wp-block-heading has-text-align-center has-ast-global-color-5-color has-text-color has-link-color wp-elements-8945d4eb7fd2dd156d2483287c8b5305\">Interesse em<br>despertado?<\/h2>\n\n\n\n<div class=\"wp-block-buttons is-content-justification-center is-layout-flex wp-container-core-buttons-is-layout-a89b3969 wp-block-buttons-is-layout-flex\">\n<div class=\"wp-block-button\"><a class=\"wp-block-button__link wp-element-button\" href=\"https:\/\/asmiq.io\/pt\/contacto\/\">Aqui vamos n\u00f3s<\/a><\/div>\n<\/div>\n\n\n\n<p><\/p>\n<\/div>\n<\/div>","protected":false},"excerpt":{"rendered":"<p>Zukunftsf\u00e4hige Vertriebsplattform f\u00fcr Ihr gesamtes Abo-Gesch\u00e4ft. ASMIQ I\/O arbeitet f\u00fcr Sie. ASMIQ verbindet Zukunft und Gegenwart im Abo-Gesch\u00e4ft. Mit unserer [&hellip;]<\/p>","protected":false},"author":1,"featured_media":0,"parent":0,"menu_order":0,"comment_status":"closed","ping_status":"closed","template":"page-white-header.php","meta":{"site-sidebar-layout":"default","site-content-layout":"","ast-site-content-layout":"","site-content-style":"default","site-sidebar-style":"default","ast-global-header-display":"","ast-banner-title-visibility":"","ast-main-header-display":"","ast-hfb-above-header-display":"","ast-hfb-below-header-display":"","ast-hfb-mobile-header-display":"","site-post-title":"disabled","ast-breadcrumbs-content":"","ast-featured-img":"","footer-sml-layout":"","theme-transparent-header-meta":"enabled","adv-header-id-meta":"","stick-header-meta":"","header-above-stick-meta":"","header-main-stick-meta":"","header-below-stick-meta":"","astra-migrate-meta-layouts":"default","ast-page-background-enabled":"default","ast-page-background-meta":{"desktop":{"background-color":"var(--ast-global-color-4)","background-image":"","background-repeat":"repeat","background-position":"center center","background-size":"auto","background-attachment":"scroll","background-type":"","background-media":"","overlay-type":"","overlay-color":"","overlay-opacity":"","overlay-gradient":""},"tablet":{"background-color":"","background-image":"","background-repeat":"repeat","background-position":"center center","background-size":"auto","background-attachment":"scroll","background-type":"","background-media":"","overlay-type":"","overlay-color":"","overlay-opacity":"","overlay-gradient":""},"mobile":{"background-color":"","background-image":"","background-repeat":"repeat","background-position":"center center","background-size":"auto","background-attachment":"scroll","background-type":"","background-media":"","overlay-type":"","overlay-color":"","overlay-opacity":"","overlay-gradient":""}},"ast-content-background-meta":{"desktop":{"background-color":"var(--ast-global-color-5)","background-image":"","background-repeat":"repeat","background-position":"center center","background-size":"auto","background-attachment":"scroll","background-type":"","background-media":"","overlay-type":"","overlay-color":"","overlay-opacity":"","overlay-gradient":""},"tablet":{"background-color":"var(--ast-global-color-5)","background-image":"","background-repeat":"repeat","background-position":"center center","background-size":"auto","background-attachment":"scroll","background-type":"","background-media":"","overlay-type":"","overlay-color":"","overlay-opacity":"","overlay-gradient":""},"mobile":{"background-color":"var(--ast-global-color-5)","background-image":"","background-repeat":"repeat","background-position":"center center","background-size":"auto","background-attachment":"scroll","background-type":"","background-media":"","overlay-type":"","overlay-color":"","overlay-opacity":"","overlay-gradient":""}},"footnotes":""},"class_list":["post-1615","page","type-page","status-publish","hentry"],"yoast_head":"<!-- This site is optimized with the Yoast SEO plugin v26.5 - https:\/\/yoast.com\/wordpress\/plugins\/seo\/ -->\n<title>Plattform - ASMIQ I\/O<\/title>\n<meta name=\"description\" content=\"ASMIQ.one, ASMIQ.iam und ASMIQ.shop \u2013 die Plattform f\u00fcr automatisiertes Subscription Management und wiederkehrende Ums\u00e4tze.\" \/>\n<meta name=\"robots\" content=\"index, follow, max-snippet:-1, max-image-preview:large, max-video-preview:-1\" \/>\n<link rel=\"canonical\" href=\"https:\/\/asmiq.io\/pt\/plataforma\/\" \/>\n<meta property=\"og:locale\" content=\"pt_PT\" \/>\n<meta property=\"og:type\" content=\"article\" \/>\n<meta property=\"og:title\" content=\"Plattform - ASMIQ I\/O\" \/>\n<meta property=\"og:description\" content=\"ASMIQ.one, ASMIQ.iam und ASMIQ.shop \u2013 die Plattform f\u00fcr automatisiertes Subscription Management und wiederkehrende Ums\u00e4tze.\" \/>\n<meta property=\"og:url\" content=\"https:\/\/asmiq.io\/pt\/plataforma\/\" \/>\n<meta property=\"og:site_name\" content=\"ASMIQ I\/O\" \/>\n<meta property=\"article:modified_time\" content=\"2026-02-19T08:14:27+00:00\" \/>\n<meta name=\"twitter:card\" content=\"summary_large_image\" \/>\n<script type=\"application\/ld+json\" class=\"yoast-schema-graph\">{\"@context\":\"https:\/\/schema.org\",\"@graph\":[{\"@type\":\"WebPage\",\"@id\":\"https:\/\/asmiq.io\/plattform\/\",\"url\":\"https:\/\/asmiq.io\/plattform\/\",\"name\":\"Plattform - ASMIQ I\/O\",\"isPartOf\":{\"@id\":\"https:\/\/asmiq.io\/#website\"},\"primaryImageOfPage\":{\"@id\":\"https:\/\/asmiq.io\/plattform\/#primaryimage\"},\"image\":{\"@id\":\"https:\/\/asmiq.io\/plattform\/#primaryimage\"},\"thumbnailUrl\":\"https:\/\/asmiq.io\/wp-content\/uploads\/2024\/12\/digital_progress_asmiq.svg\",\"datePublished\":\"2024-09-02T12:25:55+00:00\",\"dateModified\":\"2026-02-19T08:14:27+00:00\",\"description\":\"ASMIQ.one, ASMIQ.iam und ASMIQ.shop \u2013 die Plattform f\u00fcr automatisiertes Subscription Management und wiederkehrende Ums\u00e4tze.\",\"breadcrumb\":{\"@id\":\"https:\/\/asmiq.io\/plattform\/#breadcrumb\"},\"inLanguage\":\"pt-PT\",\"potentialAction\":[{\"@type\":\"ReadAction\",\"target\":[\"https:\/\/asmiq.io\/plattform\/\"]}]},{\"@type\":\"ImageObject\",\"inLanguage\":\"pt-PT\",\"@id\":\"https:\/\/asmiq.io\/plattform\/#primaryimage\",\"url\":\"https:\/\/asmiq.io\/wp-content\/uploads\/2024\/12\/digital_progress_asmiq.svg\",\"contentUrl\":\"https:\/\/asmiq.io\/wp-content\/uploads\/2024\/12\/digital_progress_asmiq.svg\"},{\"@type\":\"BreadcrumbList\",\"@id\":\"https:\/\/asmiq.io\/plattform\/#breadcrumb\",\"itemListElement\":[{\"@type\":\"ListItem\",\"position\":1,\"name\":\"Startseite\",\"item\":\"https:\/\/asmiq.io\/\"},{\"@type\":\"ListItem\",\"position\":2,\"name\":\"Plattform\"}]},{\"@type\":\"WebSite\",\"@id\":\"https:\/\/asmiq.io\/#website\",\"url\":\"https:\/\/asmiq.io\/\",\"name\":\"ASMIQ I\/O\",\"description\":\"\",\"publisher\":{\"@id\":\"https:\/\/asmiq.io\/#organization\"},\"potentialAction\":[{\"@type\":\"SearchAction\",\"target\":{\"@type\":\"EntryPoint\",\"urlTemplate\":\"https:\/\/asmiq.io\/?s={search_term_string}\"},\"query-input\":{\"@type\":\"PropertyValueSpecification\",\"valueRequired\":true,\"valueName\":\"search_term_string\"}}],\"inLanguage\":\"pt-PT\"},{\"@type\":\"Organization\",\"@id\":\"https:\/\/asmiq.io\/#organization\",\"name\":\"ASMIQ I\/O\",\"url\":\"https:\/\/asmiq.io\/\",\"logo\":{\"@type\":\"ImageObject\",\"inLanguage\":\"pt-PT\",\"@id\":\"https:\/\/asmiq.io\/#\/schema\/logo\/image\/\",\"url\":\"https:\/\/asmiq.io\/wp-content\/uploads\/2024\/09\/asmiq_logo_text.svg\",\"contentUrl\":\"https:\/\/asmiq.io\/wp-content\/uploads\/2024\/09\/asmiq_logo_text.svg\",\"width\":942,\"height\":1225,\"caption\":\"ASMIQ I\/O\"},\"image\":{\"@id\":\"https:\/\/asmiq.io\/#\/schema\/logo\/image\/\"},\"sameAs\":[\"https:\/\/www.linkedin.com\/company\/asmiq-io\/posts\/?feedView=all\"]}]}<\/script>\n<!-- \/ Yoast SEO plugin. -->","yoast_head_json":{"title":"Plataforma - ASMIQ I\/O","description":"ASMIQ.one, ASMIQ.iam e ASMIQ.shop - a plataforma para a gest\u00e3o automatizada de subscri\u00e7\u00f5es e receitas recorrentes.","robots":{"index":"index","follow":"follow","max-snippet":"max-snippet:-1","max-image-preview":"max-image-preview:large","max-video-preview":"max-video-preview:-1"},"canonical":"https:\/\/asmiq.io\/pt\/plataforma\/","og_locale":"pt_PT","og_type":"article","og_title":"Plattform - ASMIQ I\/O","og_description":"ASMIQ.one, ASMIQ.iam und ASMIQ.shop \u2013 die Plattform f\u00fcr automatisiertes Subscription Management und wiederkehrende Ums\u00e4tze.","og_url":"https:\/\/asmiq.io\/pt\/plataforma\/","og_site_name":"ASMIQ I\/O","article_modified_time":"2026-02-19T08:14:27+00:00","twitter_card":"summary_large_image","schema":{"@context":"https:\/\/schema.org","@graph":[{"@type":"WebPage","@id":"https:\/\/asmiq.io\/plattform\/","url":"https:\/\/asmiq.io\/plattform\/","name":"Plataforma - ASMIQ I\/O","isPartOf":{"@id":"https:\/\/asmiq.io\/#website"},"primaryImageOfPage":{"@id":"https:\/\/asmiq.io\/plattform\/#primaryimage"},"image":{"@id":"https:\/\/asmiq.io\/plattform\/#primaryimage"},"thumbnailUrl":"https:\/\/asmiq.io\/wp-content\/uploads\/2024\/12\/digital_progress_asmiq.svg","datePublished":"2024-09-02T12:25:55+00:00","dateModified":"2026-02-19T08:14:27+00:00","description":"ASMIQ.one, ASMIQ.iam e ASMIQ.shop - a plataforma para a gest\u00e3o automatizada de subscri\u00e7\u00f5es e receitas recorrentes.","breadcrumb":{"@id":"https:\/\/asmiq.io\/plattform\/#breadcrumb"},"inLanguage":"pt-PT","potentialAction":[{"@type":"ReadAction","target":["https:\/\/asmiq.io\/plattform\/"]}]},{"@type":"ImageObject","inLanguage":"pt-PT","@id":"https:\/\/asmiq.io\/plattform\/#primaryimage","url":"https:\/\/asmiq.io\/wp-content\/uploads\/2024\/12\/digital_progress_asmiq.svg","contentUrl":"https:\/\/asmiq.io\/wp-content\/uploads\/2024\/12\/digital_progress_asmiq.svg"},{"@type":"BreadcrumbList","@id":"https:\/\/asmiq.io\/plattform\/#breadcrumb","itemListElement":[{"@type":"ListItem","position":1,"name":"Startseite","item":"https:\/\/asmiq.io\/"},{"@type":"ListItem","position":2,"name":"Plattform"}]},{"@type":"WebSite","@id":"https:\/\/asmiq.io\/#website","url":"https:\/\/asmiq.io\/","name":"E\/S ASMIQ","description":"","publisher":{"@id":"https:\/\/asmiq.io\/#organization"},"potentialAction":[{"@type":"SearchAction","target":{"@type":"EntryPoint","urlTemplate":"https:\/\/asmiq.io\/?s={search_term_string}"},"query-input":{"@type":"PropertyValueSpecification","valueRequired":true,"valueName":"search_term_string"}}],"inLanguage":"pt-PT"},{"@type":"Organization","@id":"https:\/\/asmiq.io\/#organization","name":"E\/S ASMIQ","url":"https:\/\/asmiq.io\/","logo":{"@type":"ImageObject","inLanguage":"pt-PT","@id":"https:\/\/asmiq.io\/#\/schema\/logo\/image\/","url":"https:\/\/asmiq.io\/wp-content\/uploads\/2024\/09\/asmiq_logo_text.svg","contentUrl":"https:\/\/asmiq.io\/wp-content\/uploads\/2024\/09\/asmiq_logo_text.svg","width":942,"height":1225,"caption":"ASMIQ I\/O"},"image":{"@id":"https:\/\/asmiq.io\/#\/schema\/logo\/image\/"},"sameAs":["https:\/\/www.linkedin.com\/company\/asmiq-io\/posts\/?feedView=all"]}]}},"_links":{"self":[{"href":"https:\/\/asmiq.io\/pt\/wp-json\/wp\/v2\/pages\/1615","targetHints":{"allow":["GET"]}}],"collection":[{"href":"https:\/\/asmiq.io\/pt\/wp-json\/wp\/v2\/pages"}],"about":[{"href":"https:\/\/asmiq.io\/pt\/wp-json\/wp\/v2\/types\/page"}],"author":[{"embeddable":true,"href":"https:\/\/asmiq.io\/pt\/wp-json\/wp\/v2\/users\/1"}],"replies":[{"embeddable":true,"href":"https:\/\/asmiq.io\/pt\/wp-json\/wp\/v2\/comments?post=1615"}],"version-history":[{"count":20,"href":"https:\/\/asmiq.io\/pt\/wp-json\/wp\/v2\/pages\/1615\/revisions"}],"predecessor-version":[{"id":3124,"href":"https:\/\/asmiq.io\/pt\/wp-json\/wp\/v2\/pages\/1615\/revisions\/3124"}],"wp:attachment":[{"href":"https:\/\/asmiq.io\/pt\/wp-json\/wp\/v2\/media?parent=1615"}],"curies":[{"name":"wp","href":"https:\/\/api.w.org\/{rel}","templated":true}]}}