{"id":390,"date":"2024-08-28T14:44:03","date_gmt":"2024-08-28T12:44:03","guid":{"rendered":"https:\/\/asmiq.io\/?page_id=390"},"modified":"2026-02-19T09:13:28","modified_gmt":"2026-02-19T08:13:28","slug":"soluzioni","status":"publish","type":"page","link":"https:\/\/asmiq.io\/it\/soluzioni\/","title":{"rendered":"Soluzioni"},"content":{"rendered":"<div class=\"wp-block-group alignfull titlewrapper has-ast-global-color-1-background-color has-background is-layout-constrained wp-container-core-group-is-layout-9dbfe04b wp-block-group-is-layout-constrained\">\n<div class=\"wp-block-columns is-layout-flex wp-container-core-columns-is-layout-e0e4babd wp-block-columns-is-layout-flex\" style=\"padding-right:0;padding-left:0\">\n<div class=\"wp-block-column is-layout-flow wp-block-column-is-layout-flow\" style=\"flex-basis:75%\">\n<h1 class=\"wp-block-heading has-ast-global-color-5-color has-text-color has-link-color wp-elements-5984fc0b0dca884675cb9a466e505053\">Innumerevoli possibilit\u00e0: la vostra soluzione completa per le vendite e il controllo.<\/h1>\n<\/div>\n<\/div>\n<\/div>\n\n\n\n<div class=\"wp-block-columns textblock-fifty is-layout-flex wp-container-core-columns-is-layout-28f84493 wp-block-columns-is-layout-flex\">\n<div class=\"wp-block-column is-layout-flow wp-block-column-is-layout-flow\" style=\"flex-basis:75%\">\n<h3 class=\"wp-block-heading\">Passare all'economia dell'abbonamento<\/h3>\n\n\n\n<p style=\"font-size:1.33rem;letter-spacing:0px;line-height:1.5\">In passato, le vendite individuali erano l'indicatore chiave. Oggi si tratta di vendite ricorrenti, un'opportunit\u00e0 interessante per le aziende di ogni settore.<\/p>\n\n\n\n<p style=\"font-size:1.33rem;letter-spacing:0px;line-height:1.5\">Le aziende offrono una gamma di servizi sempre pi\u00f9 diversificata, che richiede l'uso di sistemi tecnici moderni. L'attenzione al finanziamento diretto dei clienti pone l'utente al centro. Diventa fondamentale capire il gruppo target, facilitare l'utilizzo e progettare offerte di abbonamento accattivanti.<\/p>\n<\/div>\n<\/div>\n\n\n\n<div class=\"wp-block-group alignfull cta has-ast-global-color-0-background-color has-background is-layout-constrained wp-container-core-group-is-layout-9dbfe04b wp-block-group-is-layout-constrained\">\n<div class=\"wp-block-columns is-layout-flex wp-container-core-columns-is-layout-28f84493 wp-block-columns-is-layout-flex\">\n<div class=\"wp-block-column is-vertically-aligned-top is-layout-flow wp-block-column-is-layout-flow\" style=\"padding-top:0;padding-bottom:0;flex-basis:50%\">\n<h5 class=\"wp-block-heading ctatext has-white-color has-text-color has-link-color wp-elements-3b93cd6faf3b7f22a1e73ef8a643ac08\" style=\"font-size:6.7rem\">Digitale<br>Progressi<\/h5>\n<\/div>\n<\/div>\n<\/div>\n\n\n\n<div class=\"wp-block-columns textblock-fifty is-layout-flex wp-container-core-columns-is-layout-28f84493 wp-block-columns-is-layout-flex\">\n<div class=\"wp-block-column is-layout-flow wp-block-column-is-layout-flow\" style=\"flex-basis:50%\">\n<h3 class=\"wp-block-heading\">Ricavi da abbonamenti come base<\/h3>\n\n\n\n<p style=\"font-size:1.33rem;letter-spacing:0px;line-height:1.5\">Anche se spesso solo alcuni degli utenti sono abbonati attivi, il loro impegno dimostra un interesse pronunciato per la vostra offerta. Un obiettivo primario \u00e8 monetizzare questo interesse e realizzare il potenziale di vendita.<\/p>\n\n\n\n<figure class=\"wp-block-image size-large\"><img decoding=\"async\" width=\"2000\" height=\"1000\" src=\"https:\/\/asmiq.io\/wp-content\/uploads\/2024\/12\/digital_progress_asmiq.svg\" alt=\"\" class=\"wp-image-1805\"\/><\/figure>\n\n\n\n<p style=\"font-size:1.33rem;letter-spacing:0px;line-height:1.5\">Diverse soluzioni tecniche possono aiutare a identificare e segmentare gli utenti. L'architettura tecnica aperta e le numerose partnership consentono di integrare la nostra soluzione di gestione degli abbonamenti con questi sistemi.<\/p>\n\n\n\n<p style=\"font-size:1.33rem;letter-spacing:0px;line-height:1.5\">Grazie al supporto delle migliori integrazioni, ASMIQ \u00e8 il partner ideale per aiutarvi a raggiungere i vostri obiettivi di monetizzazione. Con ASMIQ, potete esplorare modi per massimizzare le entrate e migliorare l'esperienza degli utenti.<\/p>\n\n\n\n<h5 class=\"wp-block-heading\"><strong>Offerte e prodotti<\/strong><\/h5>\n\n\n\n<p style=\"font-size:1.33rem;letter-spacing:0px;line-height:1.5\">Le offerte sono il cuore di ogni sistema di gestione degli abbonamenti. ASMIQ supporta tutti i modelli di offerta pertinenti - dalle vendite individuali e dalla fatturazione dei progetti agli abbonamenti multilivello - e ne consente l'integrazione nei negozi e in altri canali di vendita.<\/p>\n<\/div>\n\n\n\n<div class=\"wp-block-column is-layout-flow wp-block-column-is-layout-flow\" style=\"flex-basis:50%\">\n<h5 class=\"wp-block-heading\"><strong>Gestione degli abbonamenti<\/strong><\/h5>\n\n\n\n<p style=\"font-size:1.33rem;letter-spacing:0px;line-height:1.5\">Le offerte possono avere dimensioni molto diverse: dalle vendite individuali e dalla fatturazione dei progetti agli abbonamenti multilivello. Il compito principale di una piattaforma di gestione degli abbonamenti \u00e8 quello di gestirli in modo affidabile a livello operativo. Nel suo nucleo, ASMIQ si occupa di controllare e ottimizzare automaticamente i prezzi, le condizioni, le opportunit\u00e0 di up- e cross-selling e i ricavi ricorrenti.<\/p>\n\n\n\n<h5 class=\"wp-block-heading\"><strong>Automazione della fatturazione<\/strong><\/h5>\n\n\n\n<p style=\"font-size:1.33rem;letter-spacing:0px;line-height:1.5\">ASMIQ consente la creazione automatica di fatture conformi alla legge, con un design aziendale personalizzato e per diversi gruppi di clienti. I promemoria, la fatturazione e la distribuzione - via e-mail, download o posta - sono completamente automatizzati. Ogni fattura soddisfa i vostri requisiti specifici, ad esempio come fattura X, ZUGFeRD o QR (CH).<\/p>\n\n\n\n<h5 class=\"wp-block-heading\"><strong>Automazione dei pagamenti<\/strong><\/h5>\n\n\n\n<p style=\"font-size:1.33rem;letter-spacing:0px;line-height:1.5\">ASMIQ supporta tutti i metodi di pagamento pi\u00f9 comuni. Configurazione semplice tramite l'account del vostro fornitore di servizi di pagamento. Le singole opzioni di pagamento per ogni offerta, come PayPal, carta di credito, addebito diretto, ecc. possono essere attivate senza alcuno sforzo tecnico. Siete voi a decidere quali metodi di pagamento accettare per ogni offerta.<\/p>\n\n\n\n<h5 class=\"wp-block-heading\"><strong>Gateway di pagamento<\/strong><\/h5>\n\n\n\n<p style=\"font-size:1.33rem;letter-spacing:0px;line-height:1.5\">ASMIQ assume il controllo completo della comunicazione e dei processi in caso di mancato pagamento - in modo automatizzato, con passaggi semplici e tracciabili. Questo vi permette di ridurre i mancati pagamenti e di proteggere i vostri ricavi ricorrenti.<\/p>\n\n\n\n<h5 class=\"wp-block-heading\"><strong>Contabilit\u00e0<\/strong><\/h5>\n\n\n\n<p style=\"font-size:1.33rem;letter-spacing:0px;line-height:1.5\">Con ASMIQ potete gestire conti e centri di costo. ASMIQ gestisce automaticamente la registrazione di tutte le transazioni commerciali rilevanti e crea file di esportazione per le registrazioni e i ratei di vendita da importare in tutti i comuni sistemi contabili.<\/p>\n<\/div>\n<\/div>\n\n\n\n<div class=\"wp-block-group alignfull cta has-ast-global-color-1-background-color has-background is-layout-constrained wp-container-core-group-is-layout-9dbfe04b wp-block-group-is-layout-constrained\">\n<div class=\"wp-block-group is-layout-constrained wp-block-group-is-layout-constrained\">\n<figure class=\"wp-block-image aligncenter size-large is-resized\"><img decoding=\"async\" width=\"944\" height=\"995\" src=\"https:\/\/asmiq.io\/wp-content\/uploads\/2024\/08\/asmiq_io_logo.svg\" alt=\"\" class=\"wp-image-382\" style=\"width:20px\"\/><\/figure>\n\n\n\n<h2 class=\"wp-block-heading has-text-align-center has-ast-global-color-5-color has-text-color has-link-color wp-elements-8945d4eb7fd2dd156d2483287c8b5305\">Interesse per<br>risvegliato?<\/h2>\n\n\n\n<div class=\"wp-block-buttons is-content-justification-center is-layout-flex wp-container-core-buttons-is-layout-a89b3969 wp-block-buttons-is-layout-flex\">\n<div class=\"wp-block-button\"><a class=\"wp-block-button__link wp-element-button\" href=\"\/it\/contatto\/\">Ecco a voi<\/a><\/div>\n<\/div>\n<\/div>\n<\/div>\n\n\n\n<p><\/p>","protected":false},"excerpt":{"rendered":"<p>Unz\u00e4hlige M\u00f6glichkeiten \u2013 Ihre umfassende L\u00f6sung f\u00fcr Vertrieb und Steuerung. Wechsel zur Subscription Economy Fr\u00fcher war der Einzelverkauf der Schl\u00fcsselindikator. [&hellip;]<\/p>","protected":false},"author":1,"featured_media":0,"parent":0,"menu_order":0,"comment_status":"closed","ping_status":"closed","template":"","meta":{"site-sidebar-layout":"default","site-content-layout":"","ast-site-content-layout":"","site-content-style":"default","site-sidebar-style":"default","ast-global-header-display":"","ast-banner-title-visibility":"","ast-main-header-display":"","ast-hfb-above-header-display":"","ast-hfb-below-header-display":"","ast-hfb-mobile-header-display":"","site-post-title":"disabled","ast-breadcrumbs-content":"","ast-featured-img":"","footer-sml-layout":"","theme-transparent-header-meta":"enabled","adv-header-id-meta":"","stick-header-meta":"","header-above-stick-meta":"","header-main-stick-meta":"","header-below-stick-meta":"","astra-migrate-meta-layouts":"default","ast-page-background-enabled":"default","ast-page-background-meta":{"desktop":{"background-color":"var(--ast-global-color-4)","background-image":"","background-repeat":"repeat","background-position":"center center","background-size":"auto","background-attachment":"scroll","background-type":"","background-media":"","overlay-type":"","overlay-color":"","overlay-opacity":"","overlay-gradient":""},"tablet":{"background-color":"","background-image":"","background-repeat":"repeat","background-position":"center center","background-size":"auto","background-attachment":"scroll","background-type":"","background-media":"","overlay-type":"","overlay-color":"","overlay-opacity":"","overlay-gradient":""},"mobile":{"background-color":"","background-image":"","background-repeat":"repeat","background-position":"center center","background-size":"auto","background-attachment":"scroll","background-type":"","background-media":"","overlay-type":"","overlay-color":"","overlay-opacity":"","overlay-gradient":""}},"ast-content-background-meta":{"desktop":{"background-color":"var(--ast-global-color-5)","background-image":"","background-repeat":"repeat","background-position":"center center","background-size":"auto","background-attachment":"scroll","background-type":"","background-media":"","overlay-type":"","overlay-color":"","overlay-opacity":"","overlay-gradient":""},"tablet":{"background-color":"var(--ast-global-color-5)","background-image":"","background-repeat":"repeat","background-position":"center center","background-size":"auto","background-attachment":"scroll","background-type":"","background-media":"","overlay-type":"","overlay-color":"","overlay-opacity":"","overlay-gradient":""},"mobile":{"background-color":"var(--ast-global-color-5)","background-image":"","background-repeat":"repeat","background-position":"center center","background-size":"auto","background-attachment":"scroll","background-type":"","background-media":"","overlay-type":"","overlay-color":"","overlay-opacity":"","overlay-gradient":""}},"footnotes":""},"class_list":["post-390","page","type-page","status-publish","hentry"],"yoast_head":"<!-- This site is optimized with the Yoast SEO plugin v26.5 - https:\/\/yoast.com\/wordpress\/plugins\/seo\/ -->\n<title>L\u00f6sungen - ASMIQ I\/O<\/title>\n<meta name=\"description\" content=\"ASMIQ \u2013 Subscription Management L\u00f6sungen f\u00fcr wiederkehrende Ums\u00e4tze. Billing, Zahlungs-Automatisierung und mehr. Einfach skalierbar.\" \/>\n<meta name=\"robots\" content=\"index, follow, max-snippet:-1, max-image-preview:large, max-video-preview:-1\" \/>\n<link rel=\"canonical\" href=\"https:\/\/asmiq.io\/it\/soluzioni\/\" \/>\n<meta property=\"og:locale\" content=\"it_IT\" \/>\n<meta property=\"og:type\" content=\"article\" \/>\n<meta property=\"og:title\" content=\"L\u00f6sungen - ASMIQ I\/O\" \/>\n<meta property=\"og:description\" content=\"ASMIQ \u2013 Subscription Management L\u00f6sungen f\u00fcr wiederkehrende Ums\u00e4tze. Billing, Zahlungs-Automatisierung und mehr. Einfach skalierbar.\" \/>\n<meta property=\"og:url\" content=\"https:\/\/asmiq.io\/it\/soluzioni\/\" \/>\n<meta property=\"og:site_name\" content=\"ASMIQ I\/O\" \/>\n<meta property=\"article:modified_time\" content=\"2026-02-19T08:13:28+00:00\" \/>\n<meta name=\"twitter:card\" content=\"summary_large_image\" \/>\n<script type=\"application\/ld+json\" class=\"yoast-schema-graph\">{\"@context\":\"https:\/\/schema.org\",\"@graph\":[{\"@type\":\"WebPage\",\"@id\":\"https:\/\/asmiq.io\/loesungen\/\",\"url\":\"https:\/\/asmiq.io\/loesungen\/\",\"name\":\"L\u00f6sungen - ASMIQ I\/O\",\"isPartOf\":{\"@id\":\"https:\/\/asmiq.io\/#website\"},\"primaryImageOfPage\":{\"@id\":\"https:\/\/asmiq.io\/loesungen\/#primaryimage\"},\"image\":{\"@id\":\"https:\/\/asmiq.io\/loesungen\/#primaryimage\"},\"thumbnailUrl\":\"https:\/\/asmiq.io\/wp-content\/uploads\/2024\/12\/digital_progress_asmiq.svg\",\"datePublished\":\"2024-08-28T12:44:03+00:00\",\"dateModified\":\"2026-02-19T08:13:28+00:00\",\"description\":\"ASMIQ \u2013 Subscription Management L\u00f6sungen f\u00fcr wiederkehrende Ums\u00e4tze. Billing, Zahlungs-Automatisierung und mehr. Einfach skalierbar.\",\"breadcrumb\":{\"@id\":\"https:\/\/asmiq.io\/loesungen\/#breadcrumb\"},\"inLanguage\":\"it-IT\",\"potentialAction\":[{\"@type\":\"ReadAction\",\"target\":[\"https:\/\/asmiq.io\/loesungen\/\"]}]},{\"@type\":\"ImageObject\",\"inLanguage\":\"it-IT\",\"@id\":\"https:\/\/asmiq.io\/loesungen\/#primaryimage\",\"url\":\"https:\/\/asmiq.io\/wp-content\/uploads\/2024\/12\/digital_progress_asmiq.svg\",\"contentUrl\":\"https:\/\/asmiq.io\/wp-content\/uploads\/2024\/12\/digital_progress_asmiq.svg\"},{\"@type\":\"BreadcrumbList\",\"@id\":\"https:\/\/asmiq.io\/loesungen\/#breadcrumb\",\"itemListElement\":[{\"@type\":\"ListItem\",\"position\":1,\"name\":\"Startseite\",\"item\":\"https:\/\/asmiq.io\/\"},{\"@type\":\"ListItem\",\"position\":2,\"name\":\"L\u00f6sungen\"}]},{\"@type\":\"WebSite\",\"@id\":\"https:\/\/asmiq.io\/#website\",\"url\":\"https:\/\/asmiq.io\/\",\"name\":\"ASMIQ I\/O\",\"description\":\"\",\"publisher\":{\"@id\":\"https:\/\/asmiq.io\/#organization\"},\"potentialAction\":[{\"@type\":\"SearchAction\",\"target\":{\"@type\":\"EntryPoint\",\"urlTemplate\":\"https:\/\/asmiq.io\/?s={search_term_string}\"},\"query-input\":{\"@type\":\"PropertyValueSpecification\",\"valueRequired\":true,\"valueName\":\"search_term_string\"}}],\"inLanguage\":\"it-IT\"},{\"@type\":\"Organization\",\"@id\":\"https:\/\/asmiq.io\/#organization\",\"name\":\"ASMIQ I\/O\",\"url\":\"https:\/\/asmiq.io\/\",\"logo\":{\"@type\":\"ImageObject\",\"inLanguage\":\"it-IT\",\"@id\":\"https:\/\/asmiq.io\/#\/schema\/logo\/image\/\",\"url\":\"https:\/\/asmiq.io\/wp-content\/uploads\/2024\/09\/asmiq_logo_text.svg\",\"contentUrl\":\"https:\/\/asmiq.io\/wp-content\/uploads\/2024\/09\/asmiq_logo_text.svg\",\"width\":942,\"height\":1225,\"caption\":\"ASMIQ I\/O\"},\"image\":{\"@id\":\"https:\/\/asmiq.io\/#\/schema\/logo\/image\/\"},\"sameAs\":[\"https:\/\/www.linkedin.com\/company\/asmiq-io\/posts\/?feedView=all\"]}]}<\/script>\n<!-- \/ Yoast SEO plugin. -->","yoast_head_json":{"title":"Soluzioni - ASMIQ I\/O","description":"ASMIQ - Soluzioni di gestione degli abbonamenti per i ricavi ricorrenti. Fatturazione, automazione dei pagamenti e altro ancora. Semplicemente scalabile.","robots":{"index":"index","follow":"follow","max-snippet":"max-snippet:-1","max-image-preview":"max-image-preview:large","max-video-preview":"max-video-preview:-1"},"canonical":"https:\/\/asmiq.io\/it\/soluzioni\/","og_locale":"it_IT","og_type":"article","og_title":"L\u00f6sungen - ASMIQ I\/O","og_description":"ASMIQ \u2013 Subscription Management L\u00f6sungen f\u00fcr wiederkehrende Ums\u00e4tze. Billing, Zahlungs-Automatisierung und mehr. Einfach skalierbar.","og_url":"https:\/\/asmiq.io\/it\/soluzioni\/","og_site_name":"ASMIQ I\/O","article_modified_time":"2026-02-19T08:13:28+00:00","twitter_card":"summary_large_image","schema":{"@context":"https:\/\/schema.org","@graph":[{"@type":"WebPage","@id":"https:\/\/asmiq.io\/loesungen\/","url":"https:\/\/asmiq.io\/loesungen\/","name":"Soluzioni - ASMIQ I\/O","isPartOf":{"@id":"https:\/\/asmiq.io\/#website"},"primaryImageOfPage":{"@id":"https:\/\/asmiq.io\/loesungen\/#primaryimage"},"image":{"@id":"https:\/\/asmiq.io\/loesungen\/#primaryimage"},"thumbnailUrl":"https:\/\/asmiq.io\/wp-content\/uploads\/2024\/12\/digital_progress_asmiq.svg","datePublished":"2024-08-28T12:44:03+00:00","dateModified":"2026-02-19T08:13:28+00:00","description":"ASMIQ - Soluzioni di gestione degli abbonamenti per i ricavi ricorrenti. Fatturazione, automazione dei pagamenti e altro ancora. Semplicemente scalabile.","breadcrumb":{"@id":"https:\/\/asmiq.io\/loesungen\/#breadcrumb"},"inLanguage":"it-IT","potentialAction":[{"@type":"ReadAction","target":["https:\/\/asmiq.io\/loesungen\/"]}]},{"@type":"ImageObject","inLanguage":"it-IT","@id":"https:\/\/asmiq.io\/loesungen\/#primaryimage","url":"https:\/\/asmiq.io\/wp-content\/uploads\/2024\/12\/digital_progress_asmiq.svg","contentUrl":"https:\/\/asmiq.io\/wp-content\/uploads\/2024\/12\/digital_progress_asmiq.svg"},{"@type":"BreadcrumbList","@id":"https:\/\/asmiq.io\/loesungen\/#breadcrumb","itemListElement":[{"@type":"ListItem","position":1,"name":"Startseite","item":"https:\/\/asmiq.io\/"},{"@type":"ListItem","position":2,"name":"L\u00f6sungen"}]},{"@type":"WebSite","@id":"https:\/\/asmiq.io\/#website","url":"https:\/\/asmiq.io\/","name":"ASMIQ I\/O","description":"","publisher":{"@id":"https:\/\/asmiq.io\/#organization"},"potentialAction":[{"@type":"SearchAction","target":{"@type":"EntryPoint","urlTemplate":"https:\/\/asmiq.io\/?s={search_term_string}"},"query-input":{"@type":"PropertyValueSpecification","valueRequired":true,"valueName":"search_term_string"}}],"inLanguage":"it-IT"},{"@type":"Organization","@id":"https:\/\/asmiq.io\/#organization","name":"ASMIQ I\/O","url":"https:\/\/asmiq.io\/","logo":{"@type":"ImageObject","inLanguage":"it-IT","@id":"https:\/\/asmiq.io\/#\/schema\/logo\/image\/","url":"https:\/\/asmiq.io\/wp-content\/uploads\/2024\/09\/asmiq_logo_text.svg","contentUrl":"https:\/\/asmiq.io\/wp-content\/uploads\/2024\/09\/asmiq_logo_text.svg","width":942,"height":1225,"caption":"ASMIQ I\/O"},"image":{"@id":"https:\/\/asmiq.io\/#\/schema\/logo\/image\/"},"sameAs":["https:\/\/www.linkedin.com\/company\/asmiq-io\/posts\/?feedView=all"]}]}},"_links":{"self":[{"href":"https:\/\/asmiq.io\/it\/wp-json\/wp\/v2\/pages\/390","targetHints":{"allow":["GET"]}}],"collection":[{"href":"https:\/\/asmiq.io\/it\/wp-json\/wp\/v2\/pages"}],"about":[{"href":"https:\/\/asmiq.io\/it\/wp-json\/wp\/v2\/types\/page"}],"author":[{"embeddable":true,"href":"https:\/\/asmiq.io\/it\/wp-json\/wp\/v2\/users\/1"}],"replies":[{"embeddable":true,"href":"https:\/\/asmiq.io\/it\/wp-json\/wp\/v2\/comments?post=390"}],"version-history":[{"count":27,"href":"https:\/\/asmiq.io\/it\/wp-json\/wp\/v2\/pages\/390\/revisions"}],"predecessor-version":[{"id":3127,"href":"https:\/\/asmiq.io\/it\/wp-json\/wp\/v2\/pages\/390\/revisions\/3127"}],"wp:attachment":[{"href":"https:\/\/asmiq.io\/it\/wp-json\/wp\/v2\/media?parent=390"}],"curies":[{"name":"wp","href":"https:\/\/api.w.org\/{rel}","templated":true}]}}