{"id":1615,"date":"2024-09-02T14:25:55","date_gmt":"2024-09-02T12:25:55","guid":{"rendered":"https:\/\/asmiq.io\/?page_id=1615"},"modified":"2026-02-19T09:14:27","modified_gmt":"2026-02-19T08:14:27","slug":"piattaforma","status":"publish","type":"page","link":"https:\/\/asmiq.io\/it\/piattaforma\/","title":{"rendered":"Piattaforma"},"content":{"rendered":"<div class=\"wp-block-group alignfull titlewrapper has-ast-global-color-5-background-color has-background is-layout-constrained wp-container-core-group-is-layout-9dbfe04b wp-block-group-is-layout-constrained\">\n<div class=\"wp-block-columns is-layout-flex wp-container-core-columns-is-layout-e0e4babd wp-block-columns-is-layout-flex\" style=\"padding-right:0;padding-left:0\">\n<div class=\"wp-block-column is-layout-flow wp-block-column-is-layout-flow\" style=\"flex-basis:75%\">\n<h1 class=\"wp-block-heading has-ast-global-color-1-color has-text-color has-link-color wp-elements-059f252ae238355b645a10a304c280d9\">Piattaforma di vendita a prova di futuro per l'intera attivit\u00e0 di abbonamento.<\/h1>\n<\/div>\n<\/div>\n<\/div>\n\n\n\n<div class=\"wp-block-columns textblock-fifty is-layout-flex wp-container-core-columns-is-layout-28f84493 wp-block-columns-is-layout-flex\">\n<div class=\"wp-block-column is-layout-flow wp-block-column-is-layout-flow\" style=\"flex-basis:75%\">\n<h3 class=\"wp-block-heading\">ASMIQ I\/O lavora per voi.<\/h3>\n\n\n\n<p style=\"font-size:1.33rem;letter-spacing:0px;line-height:1.5\">ASMIQ unisce il futuro e il presente nel settore degli abbonamenti. Con il nostro software, le aziende creano piattaforme di vendita a prova di futuro che mappano l'intera offerta in modo integrato.<\/p>\n\n\n\n<p style=\"font-size:1.33rem;letter-spacing:0px;line-height:1.5\">Grazie alle nostre soluzioni automatizzate per i sistemi di abbonamento e di negozio, ASMIQ si fa carico di gran parte del vostro lavoro. Questo vi permette di concentrarvi sull'essenziale, mentre noi assicuriamo il buon funzionamento e la gestione dei vostri processi. Lasciate che ASMIQ lavori per voi e migliori la vostra esperienza commerciale.<\/p>\n<\/div>\n<\/div>\n\n\n\n<div class=\"wp-block-group alignfull cta has-ast-global-color-0-background-color has-background is-layout-constrained wp-container-core-group-is-layout-9dbfe04b wp-block-group-is-layout-constrained\">\n<div class=\"wp-block-columns is-layout-flex wp-container-core-columns-is-layout-28f84493 wp-block-columns-is-layout-flex\">\n<div class=\"wp-block-column is-vertically-aligned-top is-layout-flow wp-block-column-is-layout-flow\" style=\"padding-top:0;padding-bottom:0;flex-basis:50%\">\n<h5 class=\"wp-block-heading ctatext has-white-color has-text-color has-link-color wp-elements-601732f103b5a52ce324726283b77adb\" style=\"font-size:6.7rem\">Tuttofare<br>Piattaforma<\/h5>\n<\/div>\n<\/div>\n<\/div>\n\n\n\n<div class=\"wp-block-group alignfull defaultpadding has-ast-global-color-5-background-color has-background is-layout-constrained wp-container-core-group-is-layout-9dbfe04b wp-block-group-is-layout-constrained\">\n<div class=\"wp-block-columns is-layout-flex wp-container-core-columns-is-layout-28f84493 wp-block-columns-is-layout-flex\">\n<div class=\"wp-block-column is-layout-flow wp-block-column-is-layout-flow\" style=\"flex-basis:75%\">\n<h3 class=\"wp-block-heading\">La piattaforma ASMIQ<\/h3>\n\n\n\n<figure class=\"wp-block-image size-full\"><img decoding=\"async\" width=\"2000\" height=\"1000\" src=\"https:\/\/asmiq.io\/wp-content\/uploads\/2024\/12\/digital_progress_asmiq.svg\" alt=\"\" class=\"wp-image-1805\"\/><\/figure>\n<\/div>\n<\/div>\n<\/div>\n\n\n\n<div class=\"wp-block-columns textblock-fifty is-layout-flex wp-container-core-columns-is-layout-28f84493 wp-block-columns-is-layout-flex\">\n<div class=\"wp-block-column is-layout-flow wp-block-column-is-layout-flow\" style=\"flex-basis:50%\">\n<p style=\"font-size:1.33rem;letter-spacing:0px;line-height:1.5\">Modelli di business diversi, clienti individuali: Con ASMIQ lavorate in un sistema efficiente che vi permette di concentrarvi completamente sui vostri clienti.<\/p>\n\n\n\n<p style=\"font-size:1.33rem;letter-spacing:0px;line-height:1.5\"><strong>Gestione degli accessi: <\/strong>Gestite i diritti di accesso senza sforzo e assicuratevi che i vostri clienti accedano solo ai servizi per i quali sono autorizzati. Sicuro, affidabile e semplice - basato su ASMIQ.iam.<\/p>\n\n\n\n<p style=\"font-size:1.33rem;letter-spacing:0px;line-height:1.5\"><strong>Gestione degli abbonamenti:<\/strong> Tenete traccia dei vostri abbonati, automatizzate le entrate ricorrenti e offrite modelli di abbonamento flessibili. ASMIQ rende le operazioni di revenue semplici, pianificabili e scalabili.<\/p>\n\n\n\n<p style=\"font-size:1.33rem;letter-spacing:0px;line-height:1.5\"><strong>Pagamento: <\/strong>Integrate diversi metodi di pagamento e offrite ai vostri clienti un'elaborazione dei pagamenti senza soluzione di continuit\u00e0. Con ASMIQ.shop, l'intero processo di pagamento \u00e8 fluido, sicuro e completamente automatizzato.<\/p>\n\n\n\n<p style=\"font-size:1.33rem;letter-spacing:0px;line-height:1.5\"><strong>Fatturazione: <\/strong>Automatizzate completamente la fatturazione, il sollecito e la fatturazione. ASMIQ riduce significativamente il carico di lavoro amministrativo, consentendovi di concentrarvi sul vostro core business.<\/p>\n<\/div>\n\n\n\n<div class=\"wp-block-column is-layout-flow wp-block-column-is-layout-flow\" style=\"flex-basis:50%\">\n<p style=\"font-size:1.33rem;letter-spacing:0px;line-height:1.5\">Con gli strumenti flessibili di ASMIQ, potete espandere il vostro stack tecnologico di abbonamento in modo mirato, ottimizzare il vostro modello di business e migliorare il vostro servizio clienti.<\/p>\n\n\n\n<p style=\"font-size:1.33rem;letter-spacing:0px;line-height:1.5\"><strong>Cassa con etichetta bianca:<\/strong> Progettate il processo di checkout con il vostro marchio e create un'esperienza cliente senza soluzione di continuit\u00e0 dal primo clic al pagamento.<\/p>\n\n\n\n<p style=\"font-size:1.33rem;letter-spacing:0px;line-height:1.5\"><strong>Single Sign-On:<\/strong> Con ASMIQ.iam, i vostri clienti possono accedere a tutti i vostri servizi con un solo login. Basato su Keycloak, \u00e8 facile da integrare in qualsiasi ambiente web o app.<\/p>\n\n\n\n<p style=\"font-size:1.33rem;letter-spacing:0px;line-height:1.5\"><strong>Contabilit\u00e0: <\/strong>Integrate funzioni contabili avanzate e tenete sempre sotto controllo le vendite ricorrenti, le fatture e i flussi di pagamento.<\/p>\n\n\n\n<p style=\"font-size:1.33rem;letter-spacing:0px;line-height:1.5\"><strong>Servizio autonomo per i clienti:<\/strong> Con ASMIQ.shop, i vostri clienti gestiscono i loro abbonamenti, i dati di pagamento e le informazioni personali in modo indipendente, 24 ore su 24, senza alcuno sforzo di supporto per il vostro team.<\/p>\n<\/div>\n<\/div>\n\n\n\n<div class=\"wp-block-group alignfull cta has-ast-global-color-1-background-color has-background is-layout-constrained wp-container-core-group-is-layout-9dbfe04b wp-block-group-is-layout-constrained\">\n<div class=\"wp-block-group is-layout-constrained wp-block-group-is-layout-constrained\">\n<figure class=\"wp-block-image aligncenter size-large is-resized\"><img decoding=\"async\" width=\"944\" height=\"995\" src=\"https:\/\/asmiq.io\/wp-content\/uploads\/2024\/08\/asmiq_io_logo.svg\" alt=\"\" class=\"wp-image-382\" style=\"width:20px\"\/><\/figure>\n\n\n\n<h2 class=\"wp-block-heading has-text-align-center has-ast-global-color-5-color has-text-color has-link-color wp-elements-8945d4eb7fd2dd156d2483287c8b5305\">Interesse per<br>risvegliato?<\/h2>\n\n\n\n<div class=\"wp-block-buttons is-content-justification-center is-layout-flex wp-container-core-buttons-is-layout-a89b3969 wp-block-buttons-is-layout-flex\">\n<div class=\"wp-block-button\"><a class=\"wp-block-button__link wp-element-button\" href=\"https:\/\/asmiq.io\/it\/contatto\/\">Ecco a voi<\/a><\/div>\n<\/div>\n\n\n\n<p><\/p>\n<\/div>\n<\/div>","protected":false},"excerpt":{"rendered":"<p>Zukunftsf\u00e4hige Vertriebsplattform f\u00fcr Ihr gesamtes Abo-Gesch\u00e4ft. ASMIQ I\/O arbeitet f\u00fcr Sie. ASMIQ verbindet Zukunft und Gegenwart im Abo-Gesch\u00e4ft. Mit unserer [&hellip;]<\/p>","protected":false},"author":1,"featured_media":0,"parent":0,"menu_order":0,"comment_status":"closed","ping_status":"closed","template":"page-white-header.php","meta":{"site-sidebar-layout":"default","site-content-layout":"","ast-site-content-layout":"","site-content-style":"default","site-sidebar-style":"default","ast-global-header-display":"","ast-banner-title-visibility":"","ast-main-header-display":"","ast-hfb-above-header-display":"","ast-hfb-below-header-display":"","ast-hfb-mobile-header-display":"","site-post-title":"disabled","ast-breadcrumbs-content":"","ast-featured-img":"","footer-sml-layout":"","theme-transparent-header-meta":"enabled","adv-header-id-meta":"","stick-header-meta":"","header-above-stick-meta":"","header-main-stick-meta":"","header-below-stick-meta":"","astra-migrate-meta-layouts":"default","ast-page-background-enabled":"default","ast-page-background-meta":{"desktop":{"background-color":"var(--ast-global-color-4)","background-image":"","background-repeat":"repeat","background-position":"center center","background-size":"auto","background-attachment":"scroll","background-type":"","background-media":"","overlay-type":"","overlay-color":"","overlay-opacity":"","overlay-gradient":""},"tablet":{"background-color":"","background-image":"","background-repeat":"repeat","background-position":"center center","background-size":"auto","background-attachment":"scroll","background-type":"","background-media":"","overlay-type":"","overlay-color":"","overlay-opacity":"","overlay-gradient":""},"mobile":{"background-color":"","background-image":"","background-repeat":"repeat","background-position":"center center","background-size":"auto","background-attachment":"scroll","background-type":"","background-media":"","overlay-type":"","overlay-color":"","overlay-opacity":"","overlay-gradient":""}},"ast-content-background-meta":{"desktop":{"background-color":"var(--ast-global-color-5)","background-image":"","background-repeat":"repeat","background-position":"center center","background-size":"auto","background-attachment":"scroll","background-type":"","background-media":"","overlay-type":"","overlay-color":"","overlay-opacity":"","overlay-gradient":""},"tablet":{"background-color":"var(--ast-global-color-5)","background-image":"","background-repeat":"repeat","background-position":"center center","background-size":"auto","background-attachment":"scroll","background-type":"","background-media":"","overlay-type":"","overlay-color":"","overlay-opacity":"","overlay-gradient":""},"mobile":{"background-color":"var(--ast-global-color-5)","background-image":"","background-repeat":"repeat","background-position":"center center","background-size":"auto","background-attachment":"scroll","background-type":"","background-media":"","overlay-type":"","overlay-color":"","overlay-opacity":"","overlay-gradient":""}},"footnotes":""},"class_list":["post-1615","page","type-page","status-publish","hentry"],"yoast_head":"<!-- This site is optimized with the Yoast SEO plugin v26.5 - https:\/\/yoast.com\/wordpress\/plugins\/seo\/ -->\n<title>Plattform - ASMIQ I\/O<\/title>\n<meta name=\"description\" content=\"ASMIQ.one, ASMIQ.iam und ASMIQ.shop \u2013 die Plattform f\u00fcr automatisiertes Subscription Management und wiederkehrende Ums\u00e4tze.\" \/>\n<meta name=\"robots\" content=\"index, follow, max-snippet:-1, max-image-preview:large, max-video-preview:-1\" \/>\n<link rel=\"canonical\" href=\"https:\/\/asmiq.io\/it\/piattaforma\/\" \/>\n<meta property=\"og:locale\" content=\"it_IT\" \/>\n<meta property=\"og:type\" content=\"article\" \/>\n<meta property=\"og:title\" content=\"Plattform - ASMIQ I\/O\" \/>\n<meta property=\"og:description\" content=\"ASMIQ.one, ASMIQ.iam und ASMIQ.shop \u2013 die Plattform f\u00fcr automatisiertes Subscription Management und wiederkehrende Ums\u00e4tze.\" \/>\n<meta property=\"og:url\" content=\"https:\/\/asmiq.io\/it\/piattaforma\/\" \/>\n<meta property=\"og:site_name\" content=\"ASMIQ I\/O\" \/>\n<meta property=\"article:modified_time\" content=\"2026-02-19T08:14:27+00:00\" \/>\n<meta name=\"twitter:card\" content=\"summary_large_image\" \/>\n<script type=\"application\/ld+json\" class=\"yoast-schema-graph\">{\"@context\":\"https:\/\/schema.org\",\"@graph\":[{\"@type\":\"WebPage\",\"@id\":\"https:\/\/asmiq.io\/plattform\/\",\"url\":\"https:\/\/asmiq.io\/plattform\/\",\"name\":\"Plattform - ASMIQ I\/O\",\"isPartOf\":{\"@id\":\"https:\/\/asmiq.io\/#website\"},\"primaryImageOfPage\":{\"@id\":\"https:\/\/asmiq.io\/plattform\/#primaryimage\"},\"image\":{\"@id\":\"https:\/\/asmiq.io\/plattform\/#primaryimage\"},\"thumbnailUrl\":\"https:\/\/asmiq.io\/wp-content\/uploads\/2024\/12\/digital_progress_asmiq.svg\",\"datePublished\":\"2024-09-02T12:25:55+00:00\",\"dateModified\":\"2026-02-19T08:14:27+00:00\",\"description\":\"ASMIQ.one, ASMIQ.iam und ASMIQ.shop \u2013 die Plattform f\u00fcr automatisiertes Subscription Management und wiederkehrende Ums\u00e4tze.\",\"breadcrumb\":{\"@id\":\"https:\/\/asmiq.io\/plattform\/#breadcrumb\"},\"inLanguage\":\"it-IT\",\"potentialAction\":[{\"@type\":\"ReadAction\",\"target\":[\"https:\/\/asmiq.io\/plattform\/\"]}]},{\"@type\":\"ImageObject\",\"inLanguage\":\"it-IT\",\"@id\":\"https:\/\/asmiq.io\/plattform\/#primaryimage\",\"url\":\"https:\/\/asmiq.io\/wp-content\/uploads\/2024\/12\/digital_progress_asmiq.svg\",\"contentUrl\":\"https:\/\/asmiq.io\/wp-content\/uploads\/2024\/12\/digital_progress_asmiq.svg\"},{\"@type\":\"BreadcrumbList\",\"@id\":\"https:\/\/asmiq.io\/plattform\/#breadcrumb\",\"itemListElement\":[{\"@type\":\"ListItem\",\"position\":1,\"name\":\"Startseite\",\"item\":\"https:\/\/asmiq.io\/\"},{\"@type\":\"ListItem\",\"position\":2,\"name\":\"Plattform\"}]},{\"@type\":\"WebSite\",\"@id\":\"https:\/\/asmiq.io\/#website\",\"url\":\"https:\/\/asmiq.io\/\",\"name\":\"ASMIQ I\/O\",\"description\":\"\",\"publisher\":{\"@id\":\"https:\/\/asmiq.io\/#organization\"},\"potentialAction\":[{\"@type\":\"SearchAction\",\"target\":{\"@type\":\"EntryPoint\",\"urlTemplate\":\"https:\/\/asmiq.io\/?s={search_term_string}\"},\"query-input\":{\"@type\":\"PropertyValueSpecification\",\"valueRequired\":true,\"valueName\":\"search_term_string\"}}],\"inLanguage\":\"it-IT\"},{\"@type\":\"Organization\",\"@id\":\"https:\/\/asmiq.io\/#organization\",\"name\":\"ASMIQ I\/O\",\"url\":\"https:\/\/asmiq.io\/\",\"logo\":{\"@type\":\"ImageObject\",\"inLanguage\":\"it-IT\",\"@id\":\"https:\/\/asmiq.io\/#\/schema\/logo\/image\/\",\"url\":\"https:\/\/asmiq.io\/wp-content\/uploads\/2024\/09\/asmiq_logo_text.svg\",\"contentUrl\":\"https:\/\/asmiq.io\/wp-content\/uploads\/2024\/09\/asmiq_logo_text.svg\",\"width\":942,\"height\":1225,\"caption\":\"ASMIQ I\/O\"},\"image\":{\"@id\":\"https:\/\/asmiq.io\/#\/schema\/logo\/image\/\"},\"sameAs\":[\"https:\/\/www.linkedin.com\/company\/asmiq-io\/posts\/?feedView=all\"]}]}<\/script>\n<!-- \/ Yoast SEO plugin. -->","yoast_head_json":{"title":"Piattaforma - I\/O ASMIQ","description":"ASMIQ.one, ASMIQ.iam e ASMIQ.shop - la piattaforma per la gestione automatizzata degli abbonamenti e dei ricavi ricorrenti.","robots":{"index":"index","follow":"follow","max-snippet":"max-snippet:-1","max-image-preview":"max-image-preview:large","max-video-preview":"max-video-preview:-1"},"canonical":"https:\/\/asmiq.io\/it\/piattaforma\/","og_locale":"it_IT","og_type":"article","og_title":"Plattform - ASMIQ I\/O","og_description":"ASMIQ.one, ASMIQ.iam und ASMIQ.shop \u2013 die Plattform f\u00fcr automatisiertes Subscription Management und wiederkehrende Ums\u00e4tze.","og_url":"https:\/\/asmiq.io\/it\/piattaforma\/","og_site_name":"ASMIQ I\/O","article_modified_time":"2026-02-19T08:14:27+00:00","twitter_card":"summary_large_image","schema":{"@context":"https:\/\/schema.org","@graph":[{"@type":"WebPage","@id":"https:\/\/asmiq.io\/plattform\/","url":"https:\/\/asmiq.io\/plattform\/","name":"Piattaforma - I\/O ASMIQ","isPartOf":{"@id":"https:\/\/asmiq.io\/#website"},"primaryImageOfPage":{"@id":"https:\/\/asmiq.io\/plattform\/#primaryimage"},"image":{"@id":"https:\/\/asmiq.io\/plattform\/#primaryimage"},"thumbnailUrl":"https:\/\/asmiq.io\/wp-content\/uploads\/2024\/12\/digital_progress_asmiq.svg","datePublished":"2024-09-02T12:25:55+00:00","dateModified":"2026-02-19T08:14:27+00:00","description":"ASMIQ.one, ASMIQ.iam e ASMIQ.shop - la piattaforma per la gestione automatizzata degli abbonamenti e dei ricavi ricorrenti.","breadcrumb":{"@id":"https:\/\/asmiq.io\/plattform\/#breadcrumb"},"inLanguage":"it-IT","potentialAction":[{"@type":"ReadAction","target":["https:\/\/asmiq.io\/plattform\/"]}]},{"@type":"ImageObject","inLanguage":"it-IT","@id":"https:\/\/asmiq.io\/plattform\/#primaryimage","url":"https:\/\/asmiq.io\/wp-content\/uploads\/2024\/12\/digital_progress_asmiq.svg","contentUrl":"https:\/\/asmiq.io\/wp-content\/uploads\/2024\/12\/digital_progress_asmiq.svg"},{"@type":"BreadcrumbList","@id":"https:\/\/asmiq.io\/plattform\/#breadcrumb","itemListElement":[{"@type":"ListItem","position":1,"name":"Startseite","item":"https:\/\/asmiq.io\/"},{"@type":"ListItem","position":2,"name":"Plattform"}]},{"@type":"WebSite","@id":"https:\/\/asmiq.io\/#website","url":"https:\/\/asmiq.io\/","name":"ASMIQ I\/O","description":"","publisher":{"@id":"https:\/\/asmiq.io\/#organization"},"potentialAction":[{"@type":"SearchAction","target":{"@type":"EntryPoint","urlTemplate":"https:\/\/asmiq.io\/?s={search_term_string}"},"query-input":{"@type":"PropertyValueSpecification","valueRequired":true,"valueName":"search_term_string"}}],"inLanguage":"it-IT"},{"@type":"Organization","@id":"https:\/\/asmiq.io\/#organization","name":"ASMIQ I\/O","url":"https:\/\/asmiq.io\/","logo":{"@type":"ImageObject","inLanguage":"it-IT","@id":"https:\/\/asmiq.io\/#\/schema\/logo\/image\/","url":"https:\/\/asmiq.io\/wp-content\/uploads\/2024\/09\/asmiq_logo_text.svg","contentUrl":"https:\/\/asmiq.io\/wp-content\/uploads\/2024\/09\/asmiq_logo_text.svg","width":942,"height":1225,"caption":"ASMIQ I\/O"},"image":{"@id":"https:\/\/asmiq.io\/#\/schema\/logo\/image\/"},"sameAs":["https:\/\/www.linkedin.com\/company\/asmiq-io\/posts\/?feedView=all"]}]}},"_links":{"self":[{"href":"https:\/\/asmiq.io\/it\/wp-json\/wp\/v2\/pages\/1615","targetHints":{"allow":["GET"]}}],"collection":[{"href":"https:\/\/asmiq.io\/it\/wp-json\/wp\/v2\/pages"}],"about":[{"href":"https:\/\/asmiq.io\/it\/wp-json\/wp\/v2\/types\/page"}],"author":[{"embeddable":true,"href":"https:\/\/asmiq.io\/it\/wp-json\/wp\/v2\/users\/1"}],"replies":[{"embeddable":true,"href":"https:\/\/asmiq.io\/it\/wp-json\/wp\/v2\/comments?post=1615"}],"version-history":[{"count":20,"href":"https:\/\/asmiq.io\/it\/wp-json\/wp\/v2\/pages\/1615\/revisions"}],"predecessor-version":[{"id":3124,"href":"https:\/\/asmiq.io\/it\/wp-json\/wp\/v2\/pages\/1615\/revisions\/3124"}],"wp:attachment":[{"href":"https:\/\/asmiq.io\/it\/wp-json\/wp\/v2\/media?parent=1615"}],"curies":[{"name":"wp","href":"https:\/\/api.w.org\/{rel}","templated":true}]}}