{"id":1615,"date":"2024-09-02T14:25:55","date_gmt":"2024-09-02T12:25:55","guid":{"rendered":"https:\/\/asmiq.io\/?page_id=1615"},"modified":"2026-02-19T09:14:27","modified_gmt":"2026-02-19T08:14:27","slug":"plateforme","status":"publish","type":"page","link":"https:\/\/asmiq.io\/fr\/plateforme\/","title":{"rendered":"Plate-forme"},"content":{"rendered":"<div class=\"wp-block-group alignfull titlewrapper has-ast-global-color-5-background-color has-background is-layout-constrained wp-container-core-group-is-layout-9dbfe04b wp-block-group-is-layout-constrained\">\n<div class=\"wp-block-columns is-layout-flex wp-container-core-columns-is-layout-e0e4babd wp-block-columns-is-layout-flex\" style=\"padding-right:0;padding-left:0\">\n<div class=\"wp-block-column is-layout-flow wp-block-column-is-layout-flow\" style=\"flex-basis:75%\">\n<h1 class=\"wp-block-heading has-ast-global-color-1-color has-text-color has-link-color wp-elements-059f252ae238355b645a10a304c280d9\">Plate-forme de distribution \u00e9volutive pour l'ensemble de vos activit\u00e9s d'abonnement.<\/h1>\n<\/div>\n<\/div>\n<\/div>\n\n\n\n<div class=\"wp-block-columns textblock-fifty is-layout-flex wp-container-core-columns-is-layout-28f84493 wp-block-columns-is-layout-flex\">\n<div class=\"wp-block-column is-layout-flow wp-block-column-is-layout-flow\" style=\"flex-basis:75%\">\n<h3 class=\"wp-block-heading\">ASMIQ I\/O travaille pour vous.<\/h3>\n\n\n\n<p style=\"font-size:1.33rem;letter-spacing:0px;line-height:1.5\">ASMIQ relie l'avenir et le pr\u00e9sent dans le domaine des abonnements. Gr\u00e2ce \u00e0 notre logiciel, les entreprises cr\u00e9ent des plates-formes de distribution d'avenir qui repr\u00e9sentent l'ensemble de l'offre de mani\u00e8re int\u00e9gr\u00e9e.<\/p>\n\n\n\n<p style=\"font-size:1.33rem;letter-spacing:0px;line-height:1.5\">Gr\u00e2ce \u00e0 nos solutions automatis\u00e9es pour les syst\u00e8mes d'abonnement, de souscription et de boutique, ASMIQ se charge d'une grande partie de votre travail. Vous pouvez ainsi vous concentrer sur l'essentiel, tandis que nous assurons le bon fonctionnement et la gestion de vos processus. Laissez ASMIQ travailler pour vous et am\u00e9liorer votre exp\u00e9rience commerciale.<\/p>\n<\/div>\n<\/div>\n\n\n\n<div class=\"wp-block-group alignfull cta has-ast-global-color-0-background-color has-background is-layout-constrained wp-container-core-group-is-layout-9dbfe04b wp-block-group-is-layout-constrained\">\n<div class=\"wp-block-columns is-layout-flex wp-container-core-columns-is-layout-28f84493 wp-block-columns-is-layout-flex\">\n<div class=\"wp-block-column is-vertically-aligned-top is-layout-flow wp-block-column-is-layout-flow\" style=\"padding-top:0;padding-bottom:0;flex-basis:50%\">\n<h5 class=\"wp-block-heading ctatext has-white-color has-text-color has-link-color wp-elements-601732f103b5a52ce324726283b77adb\" style=\"font-size:6.7rem\">Allrounder<br>Plate-forme<\/h5>\n<\/div>\n<\/div>\n<\/div>\n\n\n\n<div class=\"wp-block-group alignfull defaultpadding has-ast-global-color-5-background-color has-background is-layout-constrained wp-container-core-group-is-layout-9dbfe04b wp-block-group-is-layout-constrained\">\n<div class=\"wp-block-columns is-layout-flex wp-container-core-columns-is-layout-28f84493 wp-block-columns-is-layout-flex\">\n<div class=\"wp-block-column is-layout-flow wp-block-column-is-layout-flow\" style=\"flex-basis:75%\">\n<h3 class=\"wp-block-heading\">La plateforme ASMIQ<\/h3>\n\n\n\n<figure class=\"wp-block-image size-full\"><img decoding=\"async\" width=\"2000\" height=\"1000\" src=\"https:\/\/asmiq.io\/wp-content\/uploads\/2024\/12\/digital_progress_asmiq.svg\" alt=\"\" class=\"wp-image-1805\"\/><\/figure>\n<\/div>\n<\/div>\n<\/div>\n\n\n\n<div class=\"wp-block-columns textblock-fifty is-layout-flex wp-container-core-columns-is-layout-28f84493 wp-block-columns-is-layout-flex\">\n<div class=\"wp-block-column is-layout-flow wp-block-column-is-layout-flow\" style=\"flex-basis:50%\">\n<p style=\"font-size:1.33rem;letter-spacing:0px;line-height:1.5\">Des mod\u00e8les commerciaux vari\u00e9s, des clients individuels : Avec ASMIQ, vous travaillez dans un environnement syst\u00e8me efficace qui vous permet de vous concentrer pleinement sur vos clients.<\/p>\n\n\n\n<p style=\"font-size:1.33rem;letter-spacing:0px;line-height:1.5\"><strong>Gestion des acc\u00e8s : <\/strong>G\u00e9rez facilement les droits d'acc\u00e8s et assurez-vous que vos clients n'acc\u00e8dent qu'aux services auxquels ils ont droit. S\u00fbr, fiable et simple - sur la base d'ASMIQ.iam.<\/p>\n\n\n\n<p style=\"font-size:1.33rem;letter-spacing:0px;line-height:1.5\"><strong>Gestion des abonnements :<\/strong> Gardez une vue d'ensemble de vos abonn\u00e9s, automatisez les revenus r\u00e9currents et proposez des mod\u00e8les d'abonnement flexibles. ASMIQ rend les op\u00e9rations de revenus simples, planifiables et \u00e9volutives.<\/p>\n\n\n\n<p style=\"font-size:1.33rem;letter-spacing:0px;line-height:1.5\"><strong>Paiement : <\/strong>Int\u00e9grez diff\u00e9rentes m\u00e9thodes de paiement et offrez \u00e0 vos clients un traitement des paiements sans faille. Avec ASMIQ.shop, l'ensemble du processus de paiement est fluide, s\u00e9curis\u00e9 et enti\u00e8rement automatis\u00e9.<\/p>\n\n\n\n<p style=\"font-size:1.33rem;letter-spacing:0px;line-height:1.5\"><strong>La facturation : <\/strong>Automatisez enti\u00e8rement la facturation, les rappels et le r\u00e8glement. ASMIQ r\u00e9duit consid\u00e9rablement votre charge administrative - pour que vous puissiez vous concentrer sur votre activit\u00e9 principale.<\/p>\n<\/div>\n\n\n\n<div class=\"wp-block-column is-layout-flow wp-block-column-is-layout-flow\" style=\"flex-basis:50%\">\n<p style=\"font-size:1.33rem;letter-spacing:0px;line-height:1.5\">Les outils flexibles d'ASMIQ vous permettent d'\u00e9tendre de mani\u00e8re cibl\u00e9e votre pile technologique d'abonnements, d'optimiser votre mod\u00e8le commercial et d'am\u00e9liorer votre service client.<\/p>\n\n\n\n<p style=\"font-size:1.33rem;letter-spacing:0px;line-height:1.5\"><strong>Checkout en marque blanche :<\/strong> Concevez le processus de passage en caisse \u00e0 votre propre image de marque et cr\u00e9ez une exp\u00e9rience client transparente, du premier clic au paiement.<\/p>\n\n\n\n<p style=\"font-size:1.33rem;letter-spacing:0px;line-height:1.5\"><strong>authentification unique :<\/strong> Avec ASMIQ.iam, vos clients se connectent \u00e0 tous vos services avec un seul login. Bas\u00e9 sur Keycloak - facile \u00e0 int\u00e9grer dans n'importe quel environnement web ou app.<\/p>\n\n\n\n<p style=\"font-size:1.33rem;letter-spacing:0px;line-height:1.5\"><strong>Comptabilit\u00e9 : <\/strong>Int\u00e9grez des fonctions comptables avanc\u00e9es et gardez \u00e0 tout moment une vue d'ensemble sur vos ventes r\u00e9currentes, vos factures et vos flux de paiement.<\/p>\n\n\n\n<p style=\"font-size:1.33rem;letter-spacing:0px;line-height:1.5\"><strong>Libre service \u00e0 la client\u00e8le :<\/strong> Avec ASMIQ.shop, vos clients g\u00e8rent eux-m\u00eames leurs abonnements, leurs donn\u00e9es de paiement et leurs informations personnelles - 24 heures sur 24, sans que votre \u00e9quipe ait besoin d'assistance.<\/p>\n<\/div>\n<\/div>\n\n\n\n<div class=\"wp-block-group alignfull cta has-ast-global-color-1-background-color has-background is-layout-constrained wp-container-core-group-is-layout-9dbfe04b wp-block-group-is-layout-constrained\">\n<div class=\"wp-block-group is-layout-constrained wp-block-group-is-layout-constrained\">\n<figure class=\"wp-block-image aligncenter size-large is-resized\"><img decoding=\"async\" width=\"944\" height=\"995\" src=\"https:\/\/asmiq.io\/wp-content\/uploads\/2024\/08\/asmiq_io_logo.svg\" alt=\"\" class=\"wp-image-382\" style=\"width:20px\"\/><\/figure>\n\n\n\n<h2 class=\"wp-block-heading has-text-align-center has-ast-global-color-5-color has-text-color has-link-color wp-elements-8945d4eb7fd2dd156d2483287c8b5305\">Int\u00e9r\u00eat<br>\u00e9veill\u00e9 ?<\/h2>\n\n\n\n<div class=\"wp-block-buttons is-content-justification-center is-layout-flex wp-container-core-buttons-is-layout-a89b3969 wp-block-buttons-is-layout-flex\">\n<div class=\"wp-block-button\"><a class=\"wp-block-button__link wp-element-button\" href=\"https:\/\/asmiq.io\/fr\/contact\/\">C'est parti<\/a><\/div>\n<\/div>\n\n\n\n<p><\/p>\n<\/div>\n<\/div>","protected":false},"excerpt":{"rendered":"<p>Zukunftsf\u00e4hige Vertriebsplattform f\u00fcr Ihr gesamtes Abo-Gesch\u00e4ft. ASMIQ I\/O arbeitet f\u00fcr Sie. ASMIQ verbindet Zukunft und Gegenwart im Abo-Gesch\u00e4ft. Mit unserer [&hellip;]<\/p>","protected":false},"author":1,"featured_media":0,"parent":0,"menu_order":0,"comment_status":"closed","ping_status":"closed","template":"page-white-header.php","meta":{"site-sidebar-layout":"default","site-content-layout":"","ast-site-content-layout":"","site-content-style":"default","site-sidebar-style":"default","ast-global-header-display":"","ast-banner-title-visibility":"","ast-main-header-display":"","ast-hfb-above-header-display":"","ast-hfb-below-header-display":"","ast-hfb-mobile-header-display":"","site-post-title":"disabled","ast-breadcrumbs-content":"","ast-featured-img":"","footer-sml-layout":"","theme-transparent-header-meta":"enabled","adv-header-id-meta":"","stick-header-meta":"","header-above-stick-meta":"","header-main-stick-meta":"","header-below-stick-meta":"","astra-migrate-meta-layouts":"default","ast-page-background-enabled":"default","ast-page-background-meta":{"desktop":{"background-color":"var(--ast-global-color-4)","background-image":"","background-repeat":"repeat","background-position":"center center","background-size":"auto","background-attachment":"scroll","background-type":"","background-media":"","overlay-type":"","overlay-color":"","overlay-opacity":"","overlay-gradient":""},"tablet":{"background-color":"","background-image":"","background-repeat":"repeat","background-position":"center center","background-size":"auto","background-attachment":"scroll","background-type":"","background-media":"","overlay-type":"","overlay-color":"","overlay-opacity":"","overlay-gradient":""},"mobile":{"background-color":"","background-image":"","background-repeat":"repeat","background-position":"center center","background-size":"auto","background-attachment":"scroll","background-type":"","background-media":"","overlay-type":"","overlay-color":"","overlay-opacity":"","overlay-gradient":""}},"ast-content-background-meta":{"desktop":{"background-color":"var(--ast-global-color-5)","background-image":"","background-repeat":"repeat","background-position":"center center","background-size":"auto","background-attachment":"scroll","background-type":"","background-media":"","overlay-type":"","overlay-color":"","overlay-opacity":"","overlay-gradient":""},"tablet":{"background-color":"var(--ast-global-color-5)","background-image":"","background-repeat":"repeat","background-position":"center center","background-size":"auto","background-attachment":"scroll","background-type":"","background-media":"","overlay-type":"","overlay-color":"","overlay-opacity":"","overlay-gradient":""},"mobile":{"background-color":"var(--ast-global-color-5)","background-image":"","background-repeat":"repeat","background-position":"center center","background-size":"auto","background-attachment":"scroll","background-type":"","background-media":"","overlay-type":"","overlay-color":"","overlay-opacity":"","overlay-gradient":""}},"footnotes":""},"class_list":["post-1615","page","type-page","status-publish","hentry"],"yoast_head":"<!-- This site is optimized with the Yoast SEO plugin v26.5 - https:\/\/yoast.com\/wordpress\/plugins\/seo\/ -->\n<title>Plattform - ASMIQ I\/O<\/title>\n<meta name=\"description\" content=\"ASMIQ.one, ASMIQ.iam und ASMIQ.shop \u2013 die Plattform f\u00fcr automatisiertes Subscription Management und wiederkehrende Ums\u00e4tze.\" \/>\n<meta name=\"robots\" content=\"index, follow, max-snippet:-1, max-image-preview:large, max-video-preview:-1\" \/>\n<link rel=\"canonical\" href=\"https:\/\/asmiq.io\/fr\/plateforme\/\" \/>\n<meta property=\"og:locale\" content=\"fr_FR\" \/>\n<meta property=\"og:type\" content=\"article\" \/>\n<meta property=\"og:title\" content=\"Plattform - ASMIQ I\/O\" \/>\n<meta property=\"og:description\" content=\"ASMIQ.one, ASMIQ.iam und ASMIQ.shop \u2013 die Plattform f\u00fcr automatisiertes Subscription Management und wiederkehrende Ums\u00e4tze.\" \/>\n<meta property=\"og:url\" content=\"https:\/\/asmiq.io\/fr\/plateforme\/\" \/>\n<meta property=\"og:site_name\" content=\"ASMIQ I\/O\" \/>\n<meta property=\"article:modified_time\" content=\"2026-02-19T08:14:27+00:00\" \/>\n<meta name=\"twitter:card\" content=\"summary_large_image\" \/>\n<script type=\"application\/ld+json\" class=\"yoast-schema-graph\">{\"@context\":\"https:\/\/schema.org\",\"@graph\":[{\"@type\":\"WebPage\",\"@id\":\"https:\/\/asmiq.io\/plattform\/\",\"url\":\"https:\/\/asmiq.io\/plattform\/\",\"name\":\"Plattform - ASMIQ I\/O\",\"isPartOf\":{\"@id\":\"https:\/\/asmiq.io\/#website\"},\"primaryImageOfPage\":{\"@id\":\"https:\/\/asmiq.io\/plattform\/#primaryimage\"},\"image\":{\"@id\":\"https:\/\/asmiq.io\/plattform\/#primaryimage\"},\"thumbnailUrl\":\"https:\/\/asmiq.io\/wp-content\/uploads\/2024\/12\/digital_progress_asmiq.svg\",\"datePublished\":\"2024-09-02T12:25:55+00:00\",\"dateModified\":\"2026-02-19T08:14:27+00:00\",\"description\":\"ASMIQ.one, ASMIQ.iam und ASMIQ.shop \u2013 die Plattform f\u00fcr automatisiertes Subscription Management und wiederkehrende Ums\u00e4tze.\",\"breadcrumb\":{\"@id\":\"https:\/\/asmiq.io\/plattform\/#breadcrumb\"},\"inLanguage\":\"fr-FR\",\"potentialAction\":[{\"@type\":\"ReadAction\",\"target\":[\"https:\/\/asmiq.io\/plattform\/\"]}]},{\"@type\":\"ImageObject\",\"inLanguage\":\"fr-FR\",\"@id\":\"https:\/\/asmiq.io\/plattform\/#primaryimage\",\"url\":\"https:\/\/asmiq.io\/wp-content\/uploads\/2024\/12\/digital_progress_asmiq.svg\",\"contentUrl\":\"https:\/\/asmiq.io\/wp-content\/uploads\/2024\/12\/digital_progress_asmiq.svg\"},{\"@type\":\"BreadcrumbList\",\"@id\":\"https:\/\/asmiq.io\/plattform\/#breadcrumb\",\"itemListElement\":[{\"@type\":\"ListItem\",\"position\":1,\"name\":\"Startseite\",\"item\":\"https:\/\/asmiq.io\/\"},{\"@type\":\"ListItem\",\"position\":2,\"name\":\"Plattform\"}]},{\"@type\":\"WebSite\",\"@id\":\"https:\/\/asmiq.io\/#website\",\"url\":\"https:\/\/asmiq.io\/\",\"name\":\"ASMIQ I\/O\",\"description\":\"\",\"publisher\":{\"@id\":\"https:\/\/asmiq.io\/#organization\"},\"potentialAction\":[{\"@type\":\"SearchAction\",\"target\":{\"@type\":\"EntryPoint\",\"urlTemplate\":\"https:\/\/asmiq.io\/?s={search_term_string}\"},\"query-input\":{\"@type\":\"PropertyValueSpecification\",\"valueRequired\":true,\"valueName\":\"search_term_string\"}}],\"inLanguage\":\"fr-FR\"},{\"@type\":\"Organization\",\"@id\":\"https:\/\/asmiq.io\/#organization\",\"name\":\"ASMIQ I\/O\",\"url\":\"https:\/\/asmiq.io\/\",\"logo\":{\"@type\":\"ImageObject\",\"inLanguage\":\"fr-FR\",\"@id\":\"https:\/\/asmiq.io\/#\/schema\/logo\/image\/\",\"url\":\"https:\/\/asmiq.io\/wp-content\/uploads\/2024\/09\/asmiq_logo_text.svg\",\"contentUrl\":\"https:\/\/asmiq.io\/wp-content\/uploads\/2024\/09\/asmiq_logo_text.svg\",\"width\":942,\"height\":1225,\"caption\":\"ASMIQ I\/O\"},\"image\":{\"@id\":\"https:\/\/asmiq.io\/#\/schema\/logo\/image\/\"},\"sameAs\":[\"https:\/\/www.linkedin.com\/company\/asmiq-io\/posts\/?feedView=all\"]}]}<\/script>\n<!-- \/ Yoast SEO plugin. -->","yoast_head_json":{"title":"Plateforme - ASMIQ I\/O","description":"ASMIQ.one, ASMIQ.iam et ASMIQ.shop - la plate-forme pour une gestion automatis\u00e9e des abonnements et des ventes r\u00e9currentes.","robots":{"index":"index","follow":"follow","max-snippet":"max-snippet:-1","max-image-preview":"max-image-preview:large","max-video-preview":"max-video-preview:-1"},"canonical":"https:\/\/asmiq.io\/fr\/plateforme\/","og_locale":"fr_FR","og_type":"article","og_title":"Plattform - ASMIQ I\/O","og_description":"ASMIQ.one, ASMIQ.iam und ASMIQ.shop \u2013 die Plattform f\u00fcr automatisiertes Subscription Management und wiederkehrende Ums\u00e4tze.","og_url":"https:\/\/asmiq.io\/fr\/plateforme\/","og_site_name":"ASMIQ I\/O","article_modified_time":"2026-02-19T08:14:27+00:00","twitter_card":"summary_large_image","schema":{"@context":"https:\/\/schema.org","@graph":[{"@type":"WebPage","@id":"https:\/\/asmiq.io\/plattform\/","url":"https:\/\/asmiq.io\/plattform\/","name":"Plateforme - ASMIQ I\/O","isPartOf":{"@id":"https:\/\/asmiq.io\/#website"},"primaryImageOfPage":{"@id":"https:\/\/asmiq.io\/plattform\/#primaryimage"},"image":{"@id":"https:\/\/asmiq.io\/plattform\/#primaryimage"},"thumbnailUrl":"https:\/\/asmiq.io\/wp-content\/uploads\/2024\/12\/digital_progress_asmiq.svg","datePublished":"2024-09-02T12:25:55+00:00","dateModified":"2026-02-19T08:14:27+00:00","description":"ASMIQ.one, ASMIQ.iam et ASMIQ.shop - la plate-forme pour une gestion automatis\u00e9e des abonnements et des ventes r\u00e9currentes.","breadcrumb":{"@id":"https:\/\/asmiq.io\/plattform\/#breadcrumb"},"inLanguage":"fr-FR","potentialAction":[{"@type":"ReadAction","target":["https:\/\/asmiq.io\/plattform\/"]}]},{"@type":"ImageObject","inLanguage":"fr-FR","@id":"https:\/\/asmiq.io\/plattform\/#primaryimage","url":"https:\/\/asmiq.io\/wp-content\/uploads\/2024\/12\/digital_progress_asmiq.svg","contentUrl":"https:\/\/asmiq.io\/wp-content\/uploads\/2024\/12\/digital_progress_asmiq.svg"},{"@type":"BreadcrumbList","@id":"https:\/\/asmiq.io\/plattform\/#breadcrumb","itemListElement":[{"@type":"ListItem","position":1,"name":"Startseite","item":"https:\/\/asmiq.io\/"},{"@type":"ListItem","position":2,"name":"Plattform"}]},{"@type":"WebSite","@id":"https:\/\/asmiq.io\/#website","url":"https:\/\/asmiq.io\/","name":"ASMIQ I\/O","description":"","publisher":{"@id":"https:\/\/asmiq.io\/#organization"},"potentialAction":[{"@type":"SearchAction","target":{"@type":"EntryPoint","urlTemplate":"https:\/\/asmiq.io\/?s={search_term_string}"},"query-input":{"@type":"PropertyValueSpecification","valueRequired":true,"valueName":"search_term_string"}}],"inLanguage":"fr-FR"},{"@type":"Organization","@id":"https:\/\/asmiq.io\/#organization","name":"ASMIQ I\/O","url":"https:\/\/asmiq.io\/","logo":{"@type":"ImageObject","inLanguage":"fr-FR","@id":"https:\/\/asmiq.io\/#\/schema\/logo\/image\/","url":"https:\/\/asmiq.io\/wp-content\/uploads\/2024\/09\/asmiq_logo_text.svg","contentUrl":"https:\/\/asmiq.io\/wp-content\/uploads\/2024\/09\/asmiq_logo_text.svg","width":942,"height":1225,"caption":"ASMIQ I\/O"},"image":{"@id":"https:\/\/asmiq.io\/#\/schema\/logo\/image\/"},"sameAs":["https:\/\/www.linkedin.com\/company\/asmiq-io\/posts\/?feedView=all"]}]}},"_links":{"self":[{"href":"https:\/\/asmiq.io\/fr\/wp-json\/wp\/v2\/pages\/1615","targetHints":{"allow":["GET"]}}],"collection":[{"href":"https:\/\/asmiq.io\/fr\/wp-json\/wp\/v2\/pages"}],"about":[{"href":"https:\/\/asmiq.io\/fr\/wp-json\/wp\/v2\/types\/page"}],"author":[{"embeddable":true,"href":"https:\/\/asmiq.io\/fr\/wp-json\/wp\/v2\/users\/1"}],"replies":[{"embeddable":true,"href":"https:\/\/asmiq.io\/fr\/wp-json\/wp\/v2\/comments?post=1615"}],"version-history":[{"count":20,"href":"https:\/\/asmiq.io\/fr\/wp-json\/wp\/v2\/pages\/1615\/revisions"}],"predecessor-version":[{"id":3124,"href":"https:\/\/asmiq.io\/fr\/wp-json\/wp\/v2\/pages\/1615\/revisions\/3124"}],"wp:attachment":[{"href":"https:\/\/asmiq.io\/fr\/wp-json\/wp\/v2\/media?parent=1615"}],"curies":[{"name":"wp","href":"https:\/\/api.w.org\/{rel}","templated":true}]}}