{"id":390,"date":"2024-08-28T14:44:03","date_gmt":"2024-08-28T12:44:03","guid":{"rendered":"https:\/\/asmiq.io\/?page_id=390"},"modified":"2026-02-19T09:13:28","modified_gmt":"2026-02-19T08:13:28","slug":"soluciones","status":"publish","type":"page","link":"https:\/\/asmiq.io\/es\/soluciones\/","title":{"rendered":"Soluciones"},"content":{"rendered":"<div class=\"wp-block-group alignfull titlewrapper has-ast-global-color-1-background-color has-background is-layout-constrained wp-container-core-group-is-layout-9dbfe04b wp-block-group-is-layout-constrained\">\n<div class=\"wp-block-columns is-layout-flex wp-container-core-columns-is-layout-e0e4babd wp-block-columns-is-layout-flex\" style=\"padding-right:0;padding-left:0\">\n<div class=\"wp-block-column is-layout-flow wp-block-column-is-layout-flow\" style=\"flex-basis:75%\">\n<h1 class=\"wp-block-heading has-ast-global-color-5-color has-text-color has-link-color wp-elements-5984fc0b0dca884675cb9a466e505053\">Innumerables posibilidades: su soluci\u00f3n integral para ventas y control.<\/h1>\n<\/div>\n<\/div>\n<\/div>\n\n\n\n<div class=\"wp-block-columns textblock-fifty is-layout-flex wp-container-core-columns-is-layout-28f84493 wp-block-columns-is-layout-flex\">\n<div class=\"wp-block-column is-layout-flow wp-block-column-is-layout-flow\" style=\"flex-basis:75%\">\n<h3 class=\"wp-block-heading\">Pasarse a la econom\u00eda de suscripci\u00f3n<\/h3>\n\n\n\n<p style=\"font-size:1.33rem;letter-spacing:0px;line-height:1.5\">En el pasado, las ventas individuales eran el indicador clave. Hoy, todo gira en torno a las ventas recurrentes, una oportunidad apasionante para empresas de todos los sectores.<\/p>\n\n\n\n<p style=\"font-size:1.33rem;letter-spacing:0px;line-height:1.5\">Las empresas ofrecen una gama de servicios cada vez m\u00e1s diversa, lo que exige el uso de sistemas t\u00e9cnicos modernos. La apuesta por la financiaci\u00f3n directa al cliente sit\u00faa al usuario en el centro. Cada vez es m\u00e1s importante comprender al grupo destinatario, facilitar el uso y dise\u00f1ar ofertas de suscripci\u00f3n atractivas.<\/p>\n<\/div>\n<\/div>\n\n\n\n<div class=\"wp-block-group alignfull cta has-ast-global-color-0-background-color has-background is-layout-constrained wp-container-core-group-is-layout-9dbfe04b wp-block-group-is-layout-constrained\">\n<div class=\"wp-block-columns is-layout-flex wp-container-core-columns-is-layout-28f84493 wp-block-columns-is-layout-flex\">\n<div class=\"wp-block-column is-vertically-aligned-top is-layout-flow wp-block-column-is-layout-flow\" style=\"padding-top:0;padding-bottom:0;flex-basis:50%\">\n<h5 class=\"wp-block-heading ctatext has-white-color has-text-color has-link-color wp-elements-3b93cd6faf3b7f22a1e73ef8a643ac08\" style=\"font-size:6.7rem\">Digital<br>Progreso<\/h5>\n<\/div>\n<\/div>\n<\/div>\n\n\n\n<div class=\"wp-block-columns textblock-fifty is-layout-flex wp-container-core-columns-is-layout-28f84493 wp-block-columns-is-layout-flex\">\n<div class=\"wp-block-column is-layout-flow wp-block-column-is-layout-flow\" style=\"flex-basis:50%\">\n<h3 class=\"wp-block-heading\">Ingresos por suscripci\u00f3n como base<\/h3>\n\n\n\n<p style=\"font-size:1.33rem;letter-spacing:0px;line-height:1.5\">Aunque a menudo s\u00f3lo algunos de los usuarios son suscriptores activos, su compromiso muestra un inter\u00e9s pronunciado por su oferta. Un objetivo primordial es rentabilizar este inter\u00e9s y aprovechar el potencial de ventas.<\/p>\n\n\n\n<figure class=\"wp-block-image size-large\"><img decoding=\"async\" width=\"2000\" height=\"1000\" src=\"https:\/\/asmiq.io\/wp-content\/uploads\/2024\/12\/digital_progress_asmiq.svg\" alt=\"\" class=\"wp-image-1805\"\/><\/figure>\n\n\n\n<p style=\"font-size:1.33rem;letter-spacing:0px;line-height:1.5\">Diferentes soluciones t\u00e9cnicas pueden ayudar a identificar y segmentar a los usuarios. La arquitectura t\u00e9cnica abierta y las numerosas asociaciones permiten integrar nuestra soluci\u00f3n de gesti\u00f3n de suscripciones con estos sistemas.<\/p>\n\n\n\n<p style=\"font-size:1.33rem;letter-spacing:0px;line-height:1.5\">Al admitir las mejores integraciones, ASMIQ es el socio ideal para ayudarle a alcanzar sus objetivos de monetizaci\u00f3n. Con ASMIQ, puede explorar formas de maximizar los ingresos y mejorar la experiencia del usuario.<\/p>\n\n\n\n<h5 class=\"wp-block-heading\"><strong>Ofertas y productos<\/strong><\/h5>\n\n\n\n<p style=\"font-size:1.33rem;letter-spacing:0px;line-height:1.5\">Las ofertas son el n\u00facleo de todo sistema de gesti\u00f3n de suscripciones. ASMIQ admite todos los modelos de oferta relevantes -desde ventas individuales y facturaci\u00f3n de proyectos hasta suscripciones multinivel- y permite su integraci\u00f3n en tiendas y otros canales de venta.<\/p>\n<\/div>\n\n\n\n<div class=\"wp-block-column is-layout-flow wp-block-column-is-layout-flow\" style=\"flex-basis:50%\">\n<h5 class=\"wp-block-heading\"><strong>Gesti\u00f3n de suscripciones<\/strong><\/h5>\n\n\n\n<p style=\"font-size:1.33rem;letter-spacing:0px;line-height:1.5\">Las ofertas pueden tener dimensiones muy diferentes: desde ventas individuales y facturaci\u00f3n de proyectos hasta suscripciones de varios niveles. La principal tarea de una plataforma de gesti\u00f3n de suscripciones es gestionarlas de forma fiable a nivel operativo. En esencia, ASMIQ consiste en controlar y optimizar autom\u00e1ticamente los precios, las condiciones, las oportunidades de venta cruzada y ascendente y los ingresos recurrentes.<\/p>\n\n\n\n<h5 class=\"wp-block-heading\"><strong>Automatizaci\u00f3n de la facturaci\u00f3n<\/strong><\/h5>\n\n\n\n<p style=\"font-size:1.33rem;letter-spacing:0px;line-height:1.5\">ASMIQ permite la creaci\u00f3n automatizada de facturas conformes a la ley con un dise\u00f1o corporativo personalizado y para distintos grupos de clientes. Los recordatorios, la facturaci\u00f3n y la distribuci\u00f3n, ya sea por correo electr\u00f3nico, descarga o correo postal, est\u00e1n totalmente automatizados. Cada factura cumple sus requisitos espec\u00edficos, por ejemplo, como factura X, ZUGFeRD o factura QR (CH).<\/p>\n\n\n\n<h5 class=\"wp-block-heading\"><strong>Automatizaci\u00f3n de pagos<\/strong><\/h5>\n\n\n\n<p style=\"font-size:1.33rem;letter-spacing:0px;line-height:1.5\">ASMIQ admite todos los m\u00e9todos de pago habituales. Configuraci\u00f3n sencilla a trav\u00e9s de su cuenta de proveedor de servicios de pago. Las opciones de pago individuales por oferta, como PayPal, tarjeta de cr\u00e9dito, domiciliaci\u00f3n bancaria, etc. pueden activarse sin ning\u00fan esfuerzo t\u00e9cnico. Usted decide qu\u00e9 m\u00e9todos de pago desea aceptar para cada oferta.<\/p>\n\n\n\n<h5 class=\"wp-block-heading\"><strong>Pasarelas de pago<\/strong><\/h5>\n\n\n\n<p style=\"font-size:1.33rem;letter-spacing:0px;line-height:1.5\">ASMIQ asume el control total de la comunicaci\u00f3n y los procesos en caso de impago, de forma automatizada, con pasos sencillos y trazables. Esto le permite reducir los impagos y proteger sus ingresos recurrentes.<\/p>\n\n\n\n<h5 class=\"wp-block-heading\"><strong>Contabilidad<\/strong><\/h5>\n\n\n\n<p style=\"font-size:1.33rem;letter-spacing:0px;line-height:1.5\">Puede gestionar cuentas y centros de coste con ASMIQ. ASMIQ gestiona autom\u00e1ticamente la contabilizaci\u00f3n de todas las transacciones comerciales pertinentes y crea archivos de exportaci\u00f3n para contabilizaciones y periodificaciones de ventas para su importaci\u00f3n en todos los sistemas contables habituales.<\/p>\n<\/div>\n<\/div>\n\n\n\n<div class=\"wp-block-group alignfull cta has-ast-global-color-1-background-color has-background is-layout-constrained wp-container-core-group-is-layout-9dbfe04b wp-block-group-is-layout-constrained\">\n<div class=\"wp-block-group is-layout-constrained wp-block-group-is-layout-constrained\">\n<figure class=\"wp-block-image aligncenter size-large is-resized\"><img decoding=\"async\" width=\"944\" height=\"995\" src=\"https:\/\/asmiq.io\/wp-content\/uploads\/2024\/08\/asmiq_io_logo.svg\" alt=\"\" class=\"wp-image-382\" style=\"width:20px\"\/><\/figure>\n\n\n\n<h2 class=\"wp-block-heading has-text-align-center has-ast-global-color-5-color has-text-color has-link-color wp-elements-8945d4eb7fd2dd156d2483287c8b5305\">Inter\u00e9s en<br>\u00bfDespertado?<\/h2>\n\n\n\n<div class=\"wp-block-buttons is-content-justification-center is-layout-flex wp-container-core-buttons-is-layout-a89b3969 wp-block-buttons-is-layout-flex\">\n<div class=\"wp-block-button\"><a class=\"wp-block-button__link wp-element-button\" href=\"\/es\/pongase-en-contacto-con\/\">All\u00e1 vamos.<\/a><\/div>\n<\/div>\n<\/div>\n<\/div>\n\n\n\n<p><\/p>","protected":false},"excerpt":{"rendered":"<p>Unz\u00e4hlige M\u00f6glichkeiten \u2013 Ihre umfassende L\u00f6sung f\u00fcr Vertrieb und Steuerung. Wechsel zur Subscription Economy Fr\u00fcher war der Einzelverkauf der Schl\u00fcsselindikator. [&hellip;]<\/p>","protected":false},"author":1,"featured_media":0,"parent":0,"menu_order":0,"comment_status":"closed","ping_status":"closed","template":"","meta":{"site-sidebar-layout":"default","site-content-layout":"","ast-site-content-layout":"","site-content-style":"default","site-sidebar-style":"default","ast-global-header-display":"","ast-banner-title-visibility":"","ast-main-header-display":"","ast-hfb-above-header-display":"","ast-hfb-below-header-display":"","ast-hfb-mobile-header-display":"","site-post-title":"disabled","ast-breadcrumbs-content":"","ast-featured-img":"","footer-sml-layout":"","theme-transparent-header-meta":"enabled","adv-header-id-meta":"","stick-header-meta":"","header-above-stick-meta":"","header-main-stick-meta":"","header-below-stick-meta":"","astra-migrate-meta-layouts":"default","ast-page-background-enabled":"default","ast-page-background-meta":{"desktop":{"background-color":"var(--ast-global-color-4)","background-image":"","background-repeat":"repeat","background-position":"center center","background-size":"auto","background-attachment":"scroll","background-type":"","background-media":"","overlay-type":"","overlay-color":"","overlay-opacity":"","overlay-gradient":""},"tablet":{"background-color":"","background-image":"","background-repeat":"repeat","background-position":"center center","background-size":"auto","background-attachment":"scroll","background-type":"","background-media":"","overlay-type":"","overlay-color":"","overlay-opacity":"","overlay-gradient":""},"mobile":{"background-color":"","background-image":"","background-repeat":"repeat","background-position":"center center","background-size":"auto","background-attachment":"scroll","background-type":"","background-media":"","overlay-type":"","overlay-color":"","overlay-opacity":"","overlay-gradient":""}},"ast-content-background-meta":{"desktop":{"background-color":"var(--ast-global-color-5)","background-image":"","background-repeat":"repeat","background-position":"center center","background-size":"auto","background-attachment":"scroll","background-type":"","background-media":"","overlay-type":"","overlay-color":"","overlay-opacity":"","overlay-gradient":""},"tablet":{"background-color":"var(--ast-global-color-5)","background-image":"","background-repeat":"repeat","background-position":"center center","background-size":"auto","background-attachment":"scroll","background-type":"","background-media":"","overlay-type":"","overlay-color":"","overlay-opacity":"","overlay-gradient":""},"mobile":{"background-color":"var(--ast-global-color-5)","background-image":"","background-repeat":"repeat","background-position":"center center","background-size":"auto","background-attachment":"scroll","background-type":"","background-media":"","overlay-type":"","overlay-color":"","overlay-opacity":"","overlay-gradient":""}},"footnotes":""},"class_list":["post-390","page","type-page","status-publish","hentry"],"yoast_head":"<!-- This site is optimized with the Yoast SEO plugin v26.5 - https:\/\/yoast.com\/wordpress\/plugins\/seo\/ -->\n<title>L\u00f6sungen - ASMIQ I\/O<\/title>\n<meta name=\"description\" content=\"ASMIQ \u2013 Subscription Management L\u00f6sungen f\u00fcr wiederkehrende Ums\u00e4tze. Billing, Zahlungs-Automatisierung und mehr. Einfach skalierbar.\" \/>\n<meta name=\"robots\" content=\"index, follow, max-snippet:-1, max-image-preview:large, max-video-preview:-1\" \/>\n<link rel=\"canonical\" href=\"https:\/\/asmiq.io\/es\/soluciones\/\" \/>\n<meta property=\"og:locale\" content=\"es_ES\" \/>\n<meta property=\"og:type\" content=\"article\" \/>\n<meta property=\"og:title\" content=\"L\u00f6sungen - ASMIQ I\/O\" \/>\n<meta property=\"og:description\" content=\"ASMIQ \u2013 Subscription Management L\u00f6sungen f\u00fcr wiederkehrende Ums\u00e4tze. Billing, Zahlungs-Automatisierung und mehr. Einfach skalierbar.\" \/>\n<meta property=\"og:url\" content=\"https:\/\/asmiq.io\/es\/soluciones\/\" \/>\n<meta property=\"og:site_name\" content=\"ASMIQ I\/O\" \/>\n<meta property=\"article:modified_time\" content=\"2026-02-19T08:13:28+00:00\" \/>\n<meta name=\"twitter:card\" content=\"summary_large_image\" \/>\n<script type=\"application\/ld+json\" class=\"yoast-schema-graph\">{\"@context\":\"https:\/\/schema.org\",\"@graph\":[{\"@type\":\"WebPage\",\"@id\":\"https:\/\/asmiq.io\/loesungen\/\",\"url\":\"https:\/\/asmiq.io\/loesungen\/\",\"name\":\"L\u00f6sungen - ASMIQ I\/O\",\"isPartOf\":{\"@id\":\"https:\/\/asmiq.io\/#website\"},\"primaryImageOfPage\":{\"@id\":\"https:\/\/asmiq.io\/loesungen\/#primaryimage\"},\"image\":{\"@id\":\"https:\/\/asmiq.io\/loesungen\/#primaryimage\"},\"thumbnailUrl\":\"https:\/\/asmiq.io\/wp-content\/uploads\/2024\/12\/digital_progress_asmiq.svg\",\"datePublished\":\"2024-08-28T12:44:03+00:00\",\"dateModified\":\"2026-02-19T08:13:28+00:00\",\"description\":\"ASMIQ \u2013 Subscription Management L\u00f6sungen f\u00fcr wiederkehrende Ums\u00e4tze. Billing, Zahlungs-Automatisierung und mehr. Einfach skalierbar.\",\"breadcrumb\":{\"@id\":\"https:\/\/asmiq.io\/loesungen\/#breadcrumb\"},\"inLanguage\":\"es\",\"potentialAction\":[{\"@type\":\"ReadAction\",\"target\":[\"https:\/\/asmiq.io\/loesungen\/\"]}]},{\"@type\":\"ImageObject\",\"inLanguage\":\"es\",\"@id\":\"https:\/\/asmiq.io\/loesungen\/#primaryimage\",\"url\":\"https:\/\/asmiq.io\/wp-content\/uploads\/2024\/12\/digital_progress_asmiq.svg\",\"contentUrl\":\"https:\/\/asmiq.io\/wp-content\/uploads\/2024\/12\/digital_progress_asmiq.svg\"},{\"@type\":\"BreadcrumbList\",\"@id\":\"https:\/\/asmiq.io\/loesungen\/#breadcrumb\",\"itemListElement\":[{\"@type\":\"ListItem\",\"position\":1,\"name\":\"Startseite\",\"item\":\"https:\/\/asmiq.io\/\"},{\"@type\":\"ListItem\",\"position\":2,\"name\":\"L\u00f6sungen\"}]},{\"@type\":\"WebSite\",\"@id\":\"https:\/\/asmiq.io\/#website\",\"url\":\"https:\/\/asmiq.io\/\",\"name\":\"ASMIQ I\/O\",\"description\":\"\",\"publisher\":{\"@id\":\"https:\/\/asmiq.io\/#organization\"},\"potentialAction\":[{\"@type\":\"SearchAction\",\"target\":{\"@type\":\"EntryPoint\",\"urlTemplate\":\"https:\/\/asmiq.io\/?s={search_term_string}\"},\"query-input\":{\"@type\":\"PropertyValueSpecification\",\"valueRequired\":true,\"valueName\":\"search_term_string\"}}],\"inLanguage\":\"es\"},{\"@type\":\"Organization\",\"@id\":\"https:\/\/asmiq.io\/#organization\",\"name\":\"ASMIQ I\/O\",\"url\":\"https:\/\/asmiq.io\/\",\"logo\":{\"@type\":\"ImageObject\",\"inLanguage\":\"es\",\"@id\":\"https:\/\/asmiq.io\/#\/schema\/logo\/image\/\",\"url\":\"https:\/\/asmiq.io\/wp-content\/uploads\/2024\/09\/asmiq_logo_text.svg\",\"contentUrl\":\"https:\/\/asmiq.io\/wp-content\/uploads\/2024\/09\/asmiq_logo_text.svg\",\"width\":942,\"height\":1225,\"caption\":\"ASMIQ I\/O\"},\"image\":{\"@id\":\"https:\/\/asmiq.io\/#\/schema\/logo\/image\/\"},\"sameAs\":[\"https:\/\/www.linkedin.com\/company\/asmiq-io\/posts\/?feedView=all\"]}]}<\/script>\n<!-- \/ Yoast SEO plugin. -->","yoast_head_json":{"title":"Soluciones - ASMIQ I\/O","description":"ASMIQ - Soluciones de gesti\u00f3n de suscripciones para ingresos recurrentes. Facturaci\u00f3n, automatizaci\u00f3n de pagos y mucho m\u00e1s. Simplemente escalable.","robots":{"index":"index","follow":"follow","max-snippet":"max-snippet:-1","max-image-preview":"max-image-preview:large","max-video-preview":"max-video-preview:-1"},"canonical":"https:\/\/asmiq.io\/es\/soluciones\/","og_locale":"es_ES","og_type":"article","og_title":"L\u00f6sungen - ASMIQ I\/O","og_description":"ASMIQ \u2013 Subscription Management L\u00f6sungen f\u00fcr wiederkehrende Ums\u00e4tze. Billing, Zahlungs-Automatisierung und mehr. Einfach skalierbar.","og_url":"https:\/\/asmiq.io\/es\/soluciones\/","og_site_name":"ASMIQ I\/O","article_modified_time":"2026-02-19T08:13:28+00:00","twitter_card":"summary_large_image","schema":{"@context":"https:\/\/schema.org","@graph":[{"@type":"WebPage","@id":"https:\/\/asmiq.io\/loesungen\/","url":"https:\/\/asmiq.io\/loesungen\/","name":"Soluciones - ASMIQ I\/O","isPartOf":{"@id":"https:\/\/asmiq.io\/#website"},"primaryImageOfPage":{"@id":"https:\/\/asmiq.io\/loesungen\/#primaryimage"},"image":{"@id":"https:\/\/asmiq.io\/loesungen\/#primaryimage"},"thumbnailUrl":"https:\/\/asmiq.io\/wp-content\/uploads\/2024\/12\/digital_progress_asmiq.svg","datePublished":"2024-08-28T12:44:03+00:00","dateModified":"2026-02-19T08:13:28+00:00","description":"ASMIQ - Soluciones de gesti\u00f3n de suscripciones para ingresos recurrentes. Facturaci\u00f3n, automatizaci\u00f3n de pagos y mucho m\u00e1s. Simplemente escalable.","breadcrumb":{"@id":"https:\/\/asmiq.io\/loesungen\/#breadcrumb"},"inLanguage":"es","potentialAction":[{"@type":"ReadAction","target":["https:\/\/asmiq.io\/loesungen\/"]}]},{"@type":"ImageObject","inLanguage":"es","@id":"https:\/\/asmiq.io\/loesungen\/#primaryimage","url":"https:\/\/asmiq.io\/wp-content\/uploads\/2024\/12\/digital_progress_asmiq.svg","contentUrl":"https:\/\/asmiq.io\/wp-content\/uploads\/2024\/12\/digital_progress_asmiq.svg"},{"@type":"BreadcrumbList","@id":"https:\/\/asmiq.io\/loesungen\/#breadcrumb","itemListElement":[{"@type":"ListItem","position":1,"name":"Startseite","item":"https:\/\/asmiq.io\/"},{"@type":"ListItem","position":2,"name":"L\u00f6sungen"}]},{"@type":"WebSite","@id":"https:\/\/asmiq.io\/#website","url":"https:\/\/asmiq.io\/","name":"E\/S ASMIQ","description":"","publisher":{"@id":"https:\/\/asmiq.io\/#organization"},"potentialAction":[{"@type":"SearchAction","target":{"@type":"EntryPoint","urlTemplate":"https:\/\/asmiq.io\/?s={search_term_string}"},"query-input":{"@type":"PropertyValueSpecification","valueRequired":true,"valueName":"search_term_string"}}],"inLanguage":"es"},{"@type":"Organization","@id":"https:\/\/asmiq.io\/#organization","name":"E\/S ASMIQ","url":"https:\/\/asmiq.io\/","logo":{"@type":"ImageObject","inLanguage":"es","@id":"https:\/\/asmiq.io\/#\/schema\/logo\/image\/","url":"https:\/\/asmiq.io\/wp-content\/uploads\/2024\/09\/asmiq_logo_text.svg","contentUrl":"https:\/\/asmiq.io\/wp-content\/uploads\/2024\/09\/asmiq_logo_text.svg","width":942,"height":1225,"caption":"ASMIQ I\/O"},"image":{"@id":"https:\/\/asmiq.io\/#\/schema\/logo\/image\/"},"sameAs":["https:\/\/www.linkedin.com\/company\/asmiq-io\/posts\/?feedView=all"]}]}},"_links":{"self":[{"href":"https:\/\/asmiq.io\/es\/wp-json\/wp\/v2\/pages\/390","targetHints":{"allow":["GET"]}}],"collection":[{"href":"https:\/\/asmiq.io\/es\/wp-json\/wp\/v2\/pages"}],"about":[{"href":"https:\/\/asmiq.io\/es\/wp-json\/wp\/v2\/types\/page"}],"author":[{"embeddable":true,"href":"https:\/\/asmiq.io\/es\/wp-json\/wp\/v2\/users\/1"}],"replies":[{"embeddable":true,"href":"https:\/\/asmiq.io\/es\/wp-json\/wp\/v2\/comments?post=390"}],"version-history":[{"count":27,"href":"https:\/\/asmiq.io\/es\/wp-json\/wp\/v2\/pages\/390\/revisions"}],"predecessor-version":[{"id":3127,"href":"https:\/\/asmiq.io\/es\/wp-json\/wp\/v2\/pages\/390\/revisions\/3127"}],"wp:attachment":[{"href":"https:\/\/asmiq.io\/es\/wp-json\/wp\/v2\/media?parent=390"}],"curies":[{"name":"wp","href":"https:\/\/api.w.org\/{rel}","templated":true}]}}