{"id":1629,"date":"2024-09-02T14:55:37","date_gmt":"2024-09-02T12:55:37","guid":{"rendered":"https:\/\/asmiq.io\/?page_id=1629"},"modified":"2026-02-19T10:54:00","modified_gmt":"2026-02-19T09:54:00","slug":"dev","status":"publish","type":"page","link":"https:\/\/asmiq.io\/es\/dev\/","title":{"rendered":"Dev"},"content":{"rendered":"<div class=\"wp-block-group alignfull titlewrapper has-ast-global-color-1-background-color has-background is-layout-constrained wp-container-core-group-is-layout-9dbfe04b wp-block-group-is-layout-constrained\">\n<div class=\"wp-block-columns is-layout-flex wp-container-core-columns-is-layout-e0e4babd wp-block-columns-is-layout-flex\" style=\"padding-right:0;padding-left:0\">\n<div class=\"wp-block-column is-layout-flow wp-block-column-is-layout-flow\" style=\"flex-basis:75%\">\n<h1 class=\"wp-block-heading has-ast-global-color-5-color has-text-color has-link-color wp-elements-adfa306c2a3e5407f5bdb30b8e37996c\">Documentaci\u00f3n e informaci\u00f3n t\u00e9cnica<\/h1>\n\n\n\n<p class=\"has-ast-global-color-5-color has-text-color has-link-color wp-elements-23218e3b0d9373d24f9c67a65f6e78bf\" style=\"font-size:1.33rem\">Aqu\u00ed encontrar\u00e1 la documentaci\u00f3n t\u00e9cnica de ASMIQ para los servicios, SDKs, kits de herramientas y casos de uso de ASMIQ I\/O. Descubre los manuales de usuario, manuales para desarrolladores, tutoriales y referencias API.<\/p>\n<\/div>\n<\/div>\n<\/div>\n\n\n\n<div class=\"wp-block-columns textblock-fifty devicons is-layout-flex wp-container-core-columns-is-layout-28f84493 wp-block-columns-is-layout-flex\">\n<div class=\"wp-block-column is-layout-flow wp-block-column-is-layout-flow\" style=\"flex-basis:33.34%\">\n<figure class=\"wp-block-image aligncenter size-full is-resized\"><img decoding=\"async\" width=\"344\" height=\"330\" src=\"https:\/\/asmiq.io\/wp-content\/uploads\/2024\/09\/iam_asmiq.svg\" alt=\"\" class=\"wp-image-1645\" style=\"width:auto;height:170px\"\/><\/figure>\n\n\n\n<div class=\"wp-block-group is-layout-constrained wp-container-core-group-is-layout-2e9f5468 wp-block-group-is-layout-constrained\" style=\"padding-right:3rem;padding-left:3rem\">\n<h3 class=\"wp-block-heading has-text-align-center\">ASMIQ.iam<\/h3>\n\n\n\n<p class=\"has-text-align-center\">Construir con y en ASMIQ. Echa un vistazo a nuestra documentaci\u00f3n e integrar ASMIQ en su sistema con s\u00f3lo unas pocas l\u00edneas de c\u00f3digo.<\/p>\n\n\n\n<div class=\"wp-block-buttons is-content-justification-center is-layout-flex wp-container-core-buttons-is-layout-a89b3969 wp-block-buttons-is-layout-flex\">\n<div class=\"wp-block-button\"><a class=\"wp-block-button__link wp-element-button\" href=\"https:\/\/asmiq-io.atlassian.net\/wiki\/external\/N2Q1ZWJkZGMxN2UwNDcxYWIzZGJiZjlkODZhNzUzMjA\" target=\"_blank\" rel=\"noreferrer noopener\">Documentaci\u00f3n IAM<\/a><\/div>\n<\/div>\n<\/div>\n<\/div>\n\n\n\n<div class=\"wp-block-column is-layout-flow wp-block-column-is-layout-flow\" style=\"flex-basis:33.34%\">\n<figure class=\"wp-block-image aligncenter size-full is-resized\"><img decoding=\"async\" width=\"346\" height=\"330\" src=\"https:\/\/asmiq.io\/wp-content\/uploads\/2024\/12\/shop.svg\" alt=\"\" class=\"wp-image-1811\" style=\"width:auto;height:170px\"\/><\/figure>\n\n\n\n<div class=\"wp-block-group is-layout-constrained wp-container-core-group-is-layout-2e9f5468 wp-block-group-is-layout-constrained\" style=\"padding-right:3rem;padding-left:3rem\">\n<h3 class=\"wp-block-heading has-text-align-center\">ASMIQ.shop<\/h3>\n\n\n\n<p class=\"has-text-align-center\">ASMIQ.shop ofrece todas las funciones para una caja moderna, perfectamente integradas, sin esfuerzo de programaci\u00f3n.<\/p>\n\n\n\n<div class=\"wp-block-buttons is-content-justification-center is-layout-flex wp-container-core-buttons-is-layout-a89b3969 wp-block-buttons-is-layout-flex\">\n<div class=\"wp-block-button\"><a class=\"wp-block-button__link wp-element-button\" href=\"https:\/\/asmiq-io.atlassian.net\/wiki\/external\/OGFhYzM5YWI3MDg2NDdmNmFiODI1MzI5MTI5ZTllYmM\" target=\"_blank\" rel=\"noreferrer noopener\">Documentaci\u00f3n SHOP<\/a><\/div>\n<\/div>\n<\/div>\n<\/div>\n\n\n\n<div class=\"wp-block-column is-layout-flow wp-block-column-is-layout-flow\" style=\"flex-basis:33.34%\">\n<figure class=\"wp-block-image aligncenter size-full is-resized\"><img decoding=\"async\" width=\"346\" height=\"289\" src=\"https:\/\/asmiq.io\/wp-content\/uploads\/2024\/09\/api_asmiq.svg\" alt=\"\" class=\"wp-image-1644\" style=\"width:auto;height:170px\"\/><\/figure>\n\n\n\n<div class=\"wp-block-group is-layout-constrained wp-container-core-group-is-layout-2e9f5468 wp-block-group-is-layout-constrained\" style=\"padding-right:3rem;padding-left:3rem\">\n<h3 class=\"wp-block-heading has-text-align-center\">ASMIQ.api<\/h3>\n\n\n\n<p class=\"has-text-align-center\">Con ASMIQ.api, puede integrar perfectamente el pago y el autoservicio en su mundo en l\u00ednea personalizado, de forma flexible y escalable.<\/p>\n\n\n\n<div class=\"wp-block-buttons is-content-justification-center is-layout-flex wp-container-core-buttons-is-layout-a89b3969 wp-block-buttons-is-layout-flex\">\n<div class=\"wp-block-button\"><a class=\"wp-block-button__link wp-element-button\" href=\"https:\/\/asmiq-io.atlassian.net\/wiki\/external\/MmUyNGI4NWVmYTU5NGQ2MGE3MzBhNzExOTczZTcxYmI\" target=\"_blank\" rel=\"noreferrer noopener\">Documentaci\u00f3n API<\/a><\/div>\n<\/div>\n<\/div>\n<\/div>\n<\/div>\n\n\n\n<div class=\"wp-block-group alignfull has-ast-global-color-5-background-color has-background is-layout-constrained wp-container-core-group-is-layout-9dbfe04b wp-block-group-is-layout-constrained\">\n<div class=\"wp-block-columns is-layout-flex wp-container-core-columns-is-layout-28f84493 wp-block-columns-is-layout-flex\">\n<div class=\"wp-block-column is-layout-flow wp-block-column-is-layout-flow\" style=\"flex-basis:75%\">\n<p class=\"has-ast-global-color-1-color has-text-color has-link-color wp-elements-5653e50536c6912f45a1f2db5c5d3bb5\">Todas las funciones pueden abordarse mediante programaci\u00f3n a trav\u00e9s de ASMIQ.api e integrarse en entornos de sistemas individuales. Ya se trate de webhooks para eventos de pago, aprovisionamiento autom\u00e1tico de espacios de trabajo o sincronizaci\u00f3n con sistemas CRM y ERP existentes, la documentaci\u00f3n de ASMIQ proporciona todas las referencias y ejemplos de c\u00f3digo necesarios para una integraci\u00f3n eficaz.<\/p>\n<\/div>\n<\/div>\n\n\n\n<div class=\"wp-block-group is-layout-grid wp-container-core-group-is-layout-9bd434d5 wp-block-group-is-layout-grid\" style=\"padding-top:0;padding-right:0;padding-bottom:0;padding-left:0\">\n<div class=\"wp-block-group is-layout-constrained wp-block-group-is-layout-constrained\">\n<h5 class=\"wp-block-heading\"><strong>Referencias API y SDK en la documentaci\u00f3n ASMIQ<\/strong><\/h5>\n\n\n\n<p>La documentaci\u00f3n de ASMIQ cubre \u00edntegramente los tres m\u00f3dulos principales: ASMIQ.one para la gesti\u00f3n centralizada de suscripciones, ASMIQ.iam para la gesti\u00f3n de identidades y accesos y ASMIQ.shop para el comercio electr\u00f3nico y el procesamiento de pagos. Todos los puntos finales, webhooks y opciones de configuraci\u00f3n se describen en detalle y se ilustran con ejemplos pr\u00e1cticos de c\u00f3digo.<\/p>\n<\/div>\n\n\n\n<div class=\"wp-block-group is-layout-constrained wp-block-group-is-layout-constrained\">\n<h5 class=\"wp-block-heading\"><strong>Referencias API y SDK en la documentaci\u00f3n ASMIQ<\/strong><\/h5>\n\n\n\n<p>La documentaci\u00f3n de ASMIQ cubre \u00edntegramente los tres m\u00f3dulos principales: ASMIQ.one para la gesti\u00f3n centralizada de suscripciones, ASMIQ.iam para la gesti\u00f3n de identidades y accesos y ASMIQ.shop para el comercio electr\u00f3nico y el procesamiento de pagos. Todos los puntos finales, webhooks y opciones de configuraci\u00f3n se describen en detalle y se ilustran con ejemplos pr\u00e1cticos de c\u00f3digo.<\/p>\n<\/div>\n\n\n\n<div class=\"wp-block-group is-layout-constrained wp-block-group-is-layout-constrained\">\n<h5 class=\"wp-block-heading\"><strong>ASMIQ.iam - Gesti\u00f3n de identidades con s\u00f3lo unas l\u00edneas de c\u00f3digo<\/strong><\/h5>\n\n\n\n<p>ASMIQ.iam se basa en el probado est\u00e1ndar de c\u00f3digo abierto Keycloak e implementa OAuth2 con OpenID Connect como interfaz est\u00e1ndar. Para usted como desarrollador, esto significa que el inicio de sesi\u00f3n, registro, contrase\u00f1a olvidada, restablecimiento de contrase\u00f1a y todas las dem\u00e1s pantallas de autenticaci\u00f3n est\u00e1n totalmente integradas en ASMIQ.iam. Puede integrar la soluci\u00f3n en su sitio web o aplicaci\u00f3n con s\u00f3lo unas l\u00edneas de c\u00f3digo, sin necesidad de desarrollar sus propios flujos de inicio de sesi\u00f3n. Todas las normas de seguridad se cumplen autom\u00e1ticamente.<\/p>\n<\/div>\n\n\n\n<div class=\"wp-block-group is-layout-constrained wp-block-group-is-layout-constrained\">\n<h5 class=\"wp-block-heading\"><strong>ASMIQ.shop - proceso de pedido y pago sin programaci\u00f3n propia<\/strong><\/h5>\n\n\n\n<p>ASMIQ.shop ofrece el proceso completo de pedido y pago como una soluci\u00f3n lista para usar. Por parte del cliente <strong>Ninguna programaci\u00f3n<\/strong> El widget de la tienda se integra f\u00e1cilmente en el sitio web existente mediante un enlace o un c\u00f3digo de incrustaci\u00f3n. Lo mismo ocurre con el \u00e1rea de autoadministraci\u00f3n: los suscriptores pueden gestionar sus datos de cliente, m\u00e9todos de pago y suscripciones de forma independiente sin tener que escribir una sola l\u00ednea de c\u00f3digo. Todo el proceso de pago, incluida la integraci\u00f3n de PostFinance y Worldline Payment, est\u00e1 disponible de forma inmediata.<\/p>\n<\/div>\n<\/div>\n<\/div>\n\n\n\n<div class=\"wp-block-group alignfull cta is-layout-constrained wp-container-core-group-is-layout-9dbfe04b wp-block-group-is-layout-constrained\">\n<h2 class=\"wp-block-heading has-ast-global-color-1-color has-text-color has-link-color wp-elements-40c7e54e7b1fd5b0ce07a474851d88f3\">Notas de publicaci\u00f3n<\/h2>\n\n\n\n<div class=\"wp-block-query releasesquery is-layout-flow wp-block-query-is-layout-flow\"><ul class=\"columns-3 wp-block-post-template is-layout-grid wp-container-core-post-template-is-layout-6d3fbd8f wp-block-post-template-is-layout-grid\"><li class=\"wp-block-post post-3178 releases type-releases status-publish hentry category-v6\">\n\n<div class=\"wp-block-group is-layout-flow wp-block-group-is-layout-flow\"><h5 style=\"text-decoration:none;text-transform:none;\" class=\"has-link-color wp-elements-dd82e045700b08a2c5dcf51fdfcf5b4e wp-block-post-title has-text-color has-ast-global-color-0-color\"><a href=\"https:\/\/asmiq.io\/es\/liberar\/registro-de-cambios-version-6-6-13\/\" target=\"_self\" >Cambios en la versi\u00f3n 6.6.13<\/a><\/h5>\n\n<div class=\"has-link-color wp-elements-29c73b7a7d9f2c2c786719f9ba260ced wp-block-post-date has-text-color has-ast-global-color-3-color\"><time datetime=\"2026-03-25T10:30:55+01:00\">25 marzo 2026<\/time><\/div><\/div>\n\n<\/li><li class=\"wp-block-post post-3152 releases type-releases status-publish hentry category-v6\">\n\n<div class=\"wp-block-group is-layout-flow wp-block-group-is-layout-flow\"><h5 style=\"text-decoration:none;text-transform:none;\" class=\"has-link-color wp-elements-dd82e045700b08a2c5dcf51fdfcf5b4e wp-block-post-title has-text-color has-ast-global-color-0-color\"><a href=\"https:\/\/asmiq.io\/es\/liberar\/registro-de-cambios-version-6-6-12\/\" target=\"_self\" >Cambios en la versi\u00f3n 6.6.12<\/a><\/h5>\n\n<div class=\"has-link-color wp-elements-29c73b7a7d9f2c2c786719f9ba260ced wp-block-post-date has-text-color has-ast-global-color-3-color\"><time datetime=\"2026-02-25T08:10:40+01:00\">25 febrero 2026<\/time><\/div><\/div>\n\n<\/li><li class=\"wp-block-post post-3069 releases type-releases status-publish hentry category-v6\">\n\n<div class=\"wp-block-group is-layout-flow wp-block-group-is-layout-flow\"><h5 style=\"text-decoration:none;text-transform:none;\" class=\"has-link-color wp-elements-dd82e045700b08a2c5dcf51fdfcf5b4e wp-block-post-title has-text-color has-ast-global-color-0-color\"><a href=\"https:\/\/asmiq.io\/es\/liberar\/registro-de-cambios-version-6-6-11\/\" target=\"_self\" >Cambios en la versi\u00f3n 6.6.11<\/a><\/h5>\n\n<div class=\"has-link-color wp-elements-29c73b7a7d9f2c2c786719f9ba260ced wp-block-post-date has-text-color has-ast-global-color-3-color\"><time datetime=\"2026-01-21T08:52:01+01:00\">21 enero 2026<\/time><\/div><\/div>\n\n<\/li><\/ul><\/div>\n\n\n\n<div class=\"wp-block-buttons is-content-justification-center is-layout-flex wp-container-core-buttons-is-layout-a89b3969 wp-block-buttons-is-layout-flex\">\n<div class=\"wp-block-button\"><a class=\"wp-block-button__link wp-element-button\" href=\"\/es\/libera\/\">Todas las notas de la versi\u00f3n<\/a><\/div>\n<\/div>\n<\/div>\n\n\n\n<div class=\"wp-block-group alignfull cta has-ast-global-color-1-background-color has-background is-layout-constrained wp-container-core-group-is-layout-9dbfe04b wp-block-group-is-layout-constrained\">\n<div class=\"wp-block-group is-layout-constrained wp-block-group-is-layout-constrained\">\n<figure class=\"wp-block-image aligncenter size-large is-resized\"><img decoding=\"async\" width=\"944\" height=\"995\" src=\"https:\/\/asmiq.io\/wp-content\/uploads\/2024\/08\/asmiq_io_logo.svg\" alt=\"\" class=\"wp-image-382\" style=\"width:20px\"\/><\/figure>\n\n\n\n<h2 class=\"wp-block-heading has-text-align-center has-ast-global-color-5-color has-text-color has-link-color wp-elements-8945d4eb7fd2dd156d2483287c8b5305\">Inter\u00e9s en<br>\u00bfDespertado?<\/h2>\n\n\n\n<div class=\"wp-block-buttons is-content-justification-center is-layout-flex wp-container-core-buttons-is-layout-a89b3969 wp-block-buttons-is-layout-flex\">\n<div class=\"wp-block-button\"><a class=\"wp-block-button__link wp-element-button\" href=\"https:\/\/asmiq.io\/es\/pongase-en-contacto-con\/\">All\u00e1 vamos.<\/a><\/div>\n<\/div>\n<\/div>\n<\/div>","protected":false},"excerpt":{"rendered":"<p>Dokumentationen und technische Infos Hier finden Sie die technische ASMIQ Dokumentation zu den Diensten, SDKs, Toolkits und Anwendungsf\u00e4llen von ASMIQ [&hellip;]<\/p>","protected":false},"author":1,"featured_media":0,"parent":0,"menu_order":0,"comment_status":"closed","ping_status":"closed","template":"","meta":{"site-sidebar-layout":"default","site-content-layout":"","ast-site-content-layout":"","site-content-style":"default","site-sidebar-style":"default","ast-global-header-display":"","ast-banner-title-visibility":"","ast-main-header-display":"","ast-hfb-above-header-display":"","ast-hfb-below-header-display":"","ast-hfb-mobile-header-display":"","site-post-title":"disabled","ast-breadcrumbs-content":"","ast-featured-img":"","footer-sml-layout":"","theme-transparent-header-meta":"enabled","adv-header-id-meta":"","stick-header-meta":"","header-above-stick-meta":"","header-main-stick-meta":"","header-below-stick-meta":"","astra-migrate-meta-layouts":"default","ast-page-background-enabled":"default","ast-page-background-meta":{"desktop":{"background-color":"var(--ast-global-color-4)","background-image":"","background-repeat":"repeat","background-position":"center center","background-size":"auto","background-attachment":"scroll","background-type":"","background-media":"","overlay-type":"","overlay-color":"","overlay-opacity":"","overlay-gradient":""},"tablet":{"background-color":"","background-image":"","background-repeat":"repeat","background-position":"center center","background-size":"auto","background-attachment":"scroll","background-type":"","background-media":"","overlay-type":"","overlay-color":"","overlay-opacity":"","overlay-gradient":""},"mobile":{"background-color":"","background-image":"","background-repeat":"repeat","background-position":"center center","background-size":"auto","background-attachment":"scroll","background-type":"","background-media":"","overlay-type":"","overlay-color":"","overlay-opacity":"","overlay-gradient":""}},"ast-content-background-meta":{"desktop":{"background-color":"var(--ast-global-color-5)","background-image":"","background-repeat":"repeat","background-position":"center center","background-size":"auto","background-attachment":"scroll","background-type":"","background-media":"","overlay-type":"","overlay-color":"","overlay-opacity":"","overlay-gradient":""},"tablet":{"background-color":"var(--ast-global-color-5)","background-image":"","background-repeat":"repeat","background-position":"center center","background-size":"auto","background-attachment":"scroll","background-type":"","background-media":"","overlay-type":"","overlay-color":"","overlay-opacity":"","overlay-gradient":""},"mobile":{"background-color":"var(--ast-global-color-5)","background-image":"","background-repeat":"repeat","background-position":"center center","background-size":"auto","background-attachment":"scroll","background-type":"","background-media":"","overlay-type":"","overlay-color":"","overlay-opacity":"","overlay-gradient":""}},"footnotes":""},"class_list":["post-1629","page","type-page","status-publish","hentry"],"yoast_head":"<!-- This site is optimized with the Yoast SEO plugin v26.5 - https:\/\/yoast.com\/wordpress\/plugins\/seo\/ -->\n<title>ASMIQ Dokumentation - Dev | ASMIQ I\/O<\/title>\n<meta name=\"description\" content=\"ASMIQ Dokumentation f\u00fcr Entwickler: ASMIQ.iam, ASMIQ.shop und ASMIQ.api \u2013 SDKs, Tutorials und API-Referenzen.\" \/>\n<meta name=\"robots\" content=\"index, follow, max-snippet:-1, max-image-preview:large, max-video-preview:-1\" \/>\n<link rel=\"canonical\" href=\"https:\/\/asmiq.io\/es\/dev\/\" \/>\n<meta property=\"og:locale\" content=\"es_ES\" \/>\n<meta property=\"og:type\" content=\"article\" \/>\n<meta property=\"og:title\" content=\"ASMIQ Dokumentation - Dev | ASMIQ I\/O\" \/>\n<meta property=\"og:description\" content=\"ASMIQ Dokumentation f\u00fcr Entwickler: ASMIQ.iam, ASMIQ.shop und ASMIQ.api \u2013 SDKs, Tutorials und API-Referenzen.\" \/>\n<meta property=\"og:url\" content=\"https:\/\/asmiq.io\/es\/dev\/\" \/>\n<meta property=\"og:site_name\" content=\"ASMIQ I\/O\" \/>\n<meta property=\"article:modified_time\" content=\"2026-02-19T09:54:00+00:00\" \/>\n<meta name=\"twitter:card\" content=\"summary_large_image\" \/>\n<script type=\"application\/ld+json\" class=\"yoast-schema-graph\">{\"@context\":\"https:\/\/schema.org\",\"@graph\":[{\"@type\":\"WebPage\",\"@id\":\"https:\/\/asmiq.io\/dev\/\",\"url\":\"https:\/\/asmiq.io\/dev\/\",\"name\":\"ASMIQ Dokumentation - Dev | ASMIQ I\/O\",\"isPartOf\":{\"@id\":\"https:\/\/asmiq.io\/#website\"},\"primaryImageOfPage\":{\"@id\":\"https:\/\/asmiq.io\/dev\/#primaryimage\"},\"image\":{\"@id\":\"https:\/\/asmiq.io\/dev\/#primaryimage\"},\"thumbnailUrl\":\"https:\/\/asmiq.io\/wp-content\/uploads\/2024\/09\/iam_asmiq.svg\",\"datePublished\":\"2024-09-02T12:55:37+00:00\",\"dateModified\":\"2026-02-19T09:54:00+00:00\",\"description\":\"ASMIQ Dokumentation f\u00fcr Entwickler: ASMIQ.iam, ASMIQ.shop und ASMIQ.api \u2013 SDKs, Tutorials und API-Referenzen.\",\"breadcrumb\":{\"@id\":\"https:\/\/asmiq.io\/dev\/#breadcrumb\"},\"inLanguage\":\"es\",\"potentialAction\":[{\"@type\":\"ReadAction\",\"target\":[\"https:\/\/asmiq.io\/dev\/\"]}]},{\"@type\":\"ImageObject\",\"inLanguage\":\"es\",\"@id\":\"https:\/\/asmiq.io\/dev\/#primaryimage\",\"url\":\"https:\/\/asmiq.io\/wp-content\/uploads\/2024\/09\/iam_asmiq.svg\",\"contentUrl\":\"https:\/\/asmiq.io\/wp-content\/uploads\/2024\/09\/iam_asmiq.svg\"},{\"@type\":\"BreadcrumbList\",\"@id\":\"https:\/\/asmiq.io\/dev\/#breadcrumb\",\"itemListElement\":[{\"@type\":\"ListItem\",\"position\":1,\"name\":\"Startseite\",\"item\":\"https:\/\/asmiq.io\/\"},{\"@type\":\"ListItem\",\"position\":2,\"name\":\"Dev\"}]},{\"@type\":\"WebSite\",\"@id\":\"https:\/\/asmiq.io\/#website\",\"url\":\"https:\/\/asmiq.io\/\",\"name\":\"ASMIQ I\/O\",\"description\":\"\",\"publisher\":{\"@id\":\"https:\/\/asmiq.io\/#organization\"},\"potentialAction\":[{\"@type\":\"SearchAction\",\"target\":{\"@type\":\"EntryPoint\",\"urlTemplate\":\"https:\/\/asmiq.io\/?s={search_term_string}\"},\"query-input\":{\"@type\":\"PropertyValueSpecification\",\"valueRequired\":true,\"valueName\":\"search_term_string\"}}],\"inLanguage\":\"es\"},{\"@type\":\"Organization\",\"@id\":\"https:\/\/asmiq.io\/#organization\",\"name\":\"ASMIQ I\/O\",\"url\":\"https:\/\/asmiq.io\/\",\"logo\":{\"@type\":\"ImageObject\",\"inLanguage\":\"es\",\"@id\":\"https:\/\/asmiq.io\/#\/schema\/logo\/image\/\",\"url\":\"https:\/\/asmiq.io\/wp-content\/uploads\/2024\/09\/asmiq_logo_text.svg\",\"contentUrl\":\"https:\/\/asmiq.io\/wp-content\/uploads\/2024\/09\/asmiq_logo_text.svg\",\"width\":942,\"height\":1225,\"caption\":\"ASMIQ I\/O\"},\"image\":{\"@id\":\"https:\/\/asmiq.io\/#\/schema\/logo\/image\/\"},\"sameAs\":[\"https:\/\/www.linkedin.com\/company\/asmiq-io\/posts\/?feedView=all\"]}]}<\/script>\n<!-- \/ Yoast SEO plugin. -->","yoast_head_json":{"title":"ASMIQ Documentaci\u00f3n - Dev | ASMIQ I\/O","description":"Documentaci\u00f3n ASMIQ para desarrolladores: ASMIQ.iam, ASMIQ.shop y ASMIQ.api - SDKs, tutoriales y referencias API.","robots":{"index":"index","follow":"follow","max-snippet":"max-snippet:-1","max-image-preview":"max-image-preview:large","max-video-preview":"max-video-preview:-1"},"canonical":"https:\/\/asmiq.io\/es\/dev\/","og_locale":"es_ES","og_type":"article","og_title":"ASMIQ Dokumentation - Dev | ASMIQ I\/O","og_description":"ASMIQ Dokumentation f\u00fcr Entwickler: ASMIQ.iam, ASMIQ.shop und ASMIQ.api \u2013 SDKs, Tutorials und API-Referenzen.","og_url":"https:\/\/asmiq.io\/es\/dev\/","og_site_name":"ASMIQ I\/O","article_modified_time":"2026-02-19T09:54:00+00:00","twitter_card":"summary_large_image","schema":{"@context":"https:\/\/schema.org","@graph":[{"@type":"WebPage","@id":"https:\/\/asmiq.io\/dev\/","url":"https:\/\/asmiq.io\/dev\/","name":"ASMIQ Documentaci\u00f3n - Dev | ASMIQ I\/O","isPartOf":{"@id":"https:\/\/asmiq.io\/#website"},"primaryImageOfPage":{"@id":"https:\/\/asmiq.io\/dev\/#primaryimage"},"image":{"@id":"https:\/\/asmiq.io\/dev\/#primaryimage"},"thumbnailUrl":"https:\/\/asmiq.io\/wp-content\/uploads\/2024\/09\/iam_asmiq.svg","datePublished":"2024-09-02T12:55:37+00:00","dateModified":"2026-02-19T09:54:00+00:00","description":"Documentaci\u00f3n ASMIQ para desarrolladores: ASMIQ.iam, ASMIQ.shop y ASMIQ.api - SDKs, tutoriales y referencias API.","breadcrumb":{"@id":"https:\/\/asmiq.io\/dev\/#breadcrumb"},"inLanguage":"es","potentialAction":[{"@type":"ReadAction","target":["https:\/\/asmiq.io\/dev\/"]}]},{"@type":"ImageObject","inLanguage":"es","@id":"https:\/\/asmiq.io\/dev\/#primaryimage","url":"https:\/\/asmiq.io\/wp-content\/uploads\/2024\/09\/iam_asmiq.svg","contentUrl":"https:\/\/asmiq.io\/wp-content\/uploads\/2024\/09\/iam_asmiq.svg"},{"@type":"BreadcrumbList","@id":"https:\/\/asmiq.io\/dev\/#breadcrumb","itemListElement":[{"@type":"ListItem","position":1,"name":"Startseite","item":"https:\/\/asmiq.io\/"},{"@type":"ListItem","position":2,"name":"Dev"}]},{"@type":"WebSite","@id":"https:\/\/asmiq.io\/#website","url":"https:\/\/asmiq.io\/","name":"E\/S ASMIQ","description":"","publisher":{"@id":"https:\/\/asmiq.io\/#organization"},"potentialAction":[{"@type":"SearchAction","target":{"@type":"EntryPoint","urlTemplate":"https:\/\/asmiq.io\/?s={search_term_string}"},"query-input":{"@type":"PropertyValueSpecification","valueRequired":true,"valueName":"search_term_string"}}],"inLanguage":"es"},{"@type":"Organization","@id":"https:\/\/asmiq.io\/#organization","name":"E\/S ASMIQ","url":"https:\/\/asmiq.io\/","logo":{"@type":"ImageObject","inLanguage":"es","@id":"https:\/\/asmiq.io\/#\/schema\/logo\/image\/","url":"https:\/\/asmiq.io\/wp-content\/uploads\/2024\/09\/asmiq_logo_text.svg","contentUrl":"https:\/\/asmiq.io\/wp-content\/uploads\/2024\/09\/asmiq_logo_text.svg","width":942,"height":1225,"caption":"ASMIQ I\/O"},"image":{"@id":"https:\/\/asmiq.io\/#\/schema\/logo\/image\/"},"sameAs":["https:\/\/www.linkedin.com\/company\/asmiq-io\/posts\/?feedView=all"]}]}},"_links":{"self":[{"href":"https:\/\/asmiq.io\/es\/wp-json\/wp\/v2\/pages\/1629","targetHints":{"allow":["GET"]}}],"collection":[{"href":"https:\/\/asmiq.io\/es\/wp-json\/wp\/v2\/pages"}],"about":[{"href":"https:\/\/asmiq.io\/es\/wp-json\/wp\/v2\/types\/page"}],"author":[{"embeddable":true,"href":"https:\/\/asmiq.io\/es\/wp-json\/wp\/v2\/users\/1"}],"replies":[{"embeddable":true,"href":"https:\/\/asmiq.io\/es\/wp-json\/wp\/v2\/comments?post=1629"}],"version-history":[{"count":51,"href":"https:\/\/asmiq.io\/es\/wp-json\/wp\/v2\/pages\/1629\/revisions"}],"predecessor-version":[{"id":3148,"href":"https:\/\/asmiq.io\/es\/wp-json\/wp\/v2\/pages\/1629\/revisions\/3148"}],"wp:attachment":[{"href":"https:\/\/asmiq.io\/es\/wp-json\/wp\/v2\/media?parent=1629"}],"curies":[{"name":"wp","href":"https:\/\/api.w.org\/{rel}","templated":true}]}}